{"id":3288,"date":"2022-01-07T16:06:36","date_gmt":"2022-01-07T15:06:36","guid":{"rendered":"https:\/\/chateaufer.fr\/ferme\/?post_type=product&#038;p=3288"},"modified":"2023-02-09T16:08:10","modified_gmt":"2023-02-09T15:08:10","slug":"_froufrou-de-fenouille","status":"publish","type":"product","link":"https:\/\/chateaufer.fr\/ferme\/produit\/_froufrou-de-fenouille\/","title":{"rendered":"_Froufrou de Fenouil"},"content":{"rendered":"","protected":false},"excerpt":{"rendered":"<p>D\u00e9couvrez un sachet plein de gourmandise de fruits ou l\u00e9gumes nus ! Sans aucun ajout.<span class=\"Apple-converted-space\">\u00a0 <\/span>\u00c0 utiliser pour farcir directement vos poissons ou l\u00e9gumes du BBQ, ou bien de fa\u00e7on r\u00e9hydrat\u00e9 pour accompagner vos plats et bouillons<\/p>\n<p>D\u00e9nomination l\u00e9gale : Tige de fenouil d\u00e9shydrat\u00e9<\/p>\n<p>Ingr\u00e9dients : Tige\u00a0de fenouil s\u00e9ch\u00e9e , issu de l&rsquo;agriculture biologique. Poids net 30 g<\/p>\n<p><a href=\"https:\/\/chateaufer.fr\/ferme\/les-deshydrates\/\">\ud83d\udc49 En savoir plus sur la fabrication<\/a><\/p>\n","protected":false},"featured_media":3286,"template":"","meta":{"_crdt_document":""},"product_brand":[],"product_cat":[74],"product_tag":[],"class_list":{"0":"post-3288","1":"product","2":"type-product","3":"status-publish","4":"has-post-thumbnail","6":"product_cat-deshydrates","8":"first","9":"outofstock","10":"taxable","11":"shipping-taxable","12":"purchasable","13":"product-type-simple"},"jetpack_sharing_enabled":true,"_links":{"self":[{"href":"https:\/\/chateaufer.fr\/ferme\/wp-json\/wp\/v2\/product\/3288","targetHints":{"allow":["GET"]}}],"collection":[{"href":"https:\/\/chateaufer.fr\/ferme\/wp-json\/wp\/v2\/product"}],"about":[{"href":"https:\/\/chateaufer.fr\/ferme\/wp-json\/wp\/v2\/types\/product"}],"wp:featuredmedia":[{"embeddable":true,"href":"https:\/\/chateaufer.fr\/ferme\/wp-json\/wp\/v2\/media\/3286"}],"wp:attachment":[{"href":"https:\/\/chateaufer.fr\/ferme\/wp-json\/wp\/v2\/media?parent=3288"}],"wp:term":[{"taxonomy":"product_brand","embeddable":true,"href":"https:\/\/chateaufer.fr\/ferme\/wp-json\/wp\/v2\/product_brand?post=3288"},{"taxonomy":"product_cat","embeddable":true,"href":"https:\/\/chateaufer.fr\/ferme\/wp-json\/wp\/v2\/product_cat?post=3288"},{"taxonomy":"product_tag","embeddable":true,"href":"https:\/\/chateaufer.fr\/ferme\/wp-json\/wp\/v2\/product_tag?post=3288"}],"curies":[{"name":"wp","href":"https:\/\/api.w.org\/{rel}","templated":true}]}}