{"id":2585,"date":"2021-04-17T13:27:27","date_gmt":"2021-04-17T11:27:27","guid":{"rendered":"https:\/\/chateaufer.fr\/ferme\/?post_type=product&#038;p=2585"},"modified":"2022-04-28T17:34:55","modified_gmt":"2022-04-28T15:34:55","slug":"frou-frou-de-carotte","status":"publish","type":"product","link":"https:\/\/chateaufer.fr\/ferme\/produit\/frou-frou-de-carotte\/","title":{"rendered":"_Froufrou  de carotte"},"content":{"rendered":"","protected":false},"excerpt":{"rendered":"<p>D\u00e9couvrez un pot plein de gourmandise de fruits ou l\u00e9gumes nus ! Sans aucun ajout.<span class=\"Apple-converted-space\">\u00a0 <\/span>\u00c0 grignoter directement dans le sachet pour les plus impatients, ou bien de fa\u00e7on r\u00e9hydrat\u00e9e pour accompagner vos plats et bouillons.<\/p>\n<p>D\u00e9nomination l\u00e9gale : Carotte \u00e9minc\u00e9e d\u00e9shydrat\u00e9e<\/p>\n<p>Ingr\u00e9dients : Carotte \u00e9pic\u00e9e et s\u00e9ch\u00e9e d\u00e9licatement \u00e0 basse temp\u00e9rature, issus de l&rsquo;agriculture biologique. Poids net 50 g<\/p>\n<p><a href=\"https:\/\/chateaufer.fr\/ferme\/les-deshydrates\/\">\ud83d\udc49 En savoir plus sur la fabrication<\/a><\/p>\n","protected":false},"featured_media":2988,"template":"","meta":{"_crdt_document":""},"product_brand":[],"product_cat":[74],"product_tag":[],"class_list":{"0":"post-2585","1":"product","2":"type-product","3":"status-publish","4":"has-post-thumbnail","6":"product_cat-deshydrates","8":"first","9":"outofstock","10":"taxable","11":"shipping-taxable","12":"purchasable","13":"product-type-simple"},"jetpack_sharing_enabled":true,"_links":{"self":[{"href":"https:\/\/chateaufer.fr\/ferme\/wp-json\/wp\/v2\/product\/2585","targetHints":{"allow":["GET"]}}],"collection":[{"href":"https:\/\/chateaufer.fr\/ferme\/wp-json\/wp\/v2\/product"}],"about":[{"href":"https:\/\/chateaufer.fr\/ferme\/wp-json\/wp\/v2\/types\/product"}],"wp:featuredmedia":[{"embeddable":true,"href":"https:\/\/chateaufer.fr\/ferme\/wp-json\/wp\/v2\/media\/2988"}],"wp:attachment":[{"href":"https:\/\/chateaufer.fr\/ferme\/wp-json\/wp\/v2\/media?parent=2585"}],"wp:term":[{"taxonomy":"product_brand","embeddable":true,"href":"https:\/\/chateaufer.fr\/ferme\/wp-json\/wp\/v2\/product_brand?post=2585"},{"taxonomy":"product_cat","embeddable":true,"href":"https:\/\/chateaufer.fr\/ferme\/wp-json\/wp\/v2\/product_cat?post=2585"},{"taxonomy":"product_tag","embeddable":true,"href":"https:\/\/chateaufer.fr\/ferme\/wp-json\/wp\/v2\/product_tag?post=2585"}],"curies":[{"name":"wp","href":"https:\/\/api.w.org\/{rel}","templated":true}]}}