{"id":2416,"date":"2021-04-15T15:18:53","date_gmt":"2021-04-15T13:18:53","guid":{"rendered":"https:\/\/chateaufer.fr\/ferme\/?post_type=product&#038;p=2416"},"modified":"2023-01-27T17:11:55","modified_gmt":"2023-01-27T16:11:55","slug":"_confiture-butia","status":"publish","type":"product","link":"https:\/\/chateaufer.fr\/ferme\/produit\/_confiture-butia\/","title":{"rendered":"_Confiture Butia"},"content":{"rendered":"","protected":false},"excerpt":{"rendered":"<p>D\u00e9gustez une d\u00e9licieuse confiture de fruits cuisin\u00e9 ici \u00e0 Ch\u00e2teau Fer. \u00c0 go\u00fbter sur des tartines ou des cr\u00eapes !<\/p>\n<p class=\"p1\">Ingr\u00e9dients : Butia, sucre de canne non raffin\u00e9,\u00a0 issus de l&rsquo;agriculture biologique<\/p>\n<p>Pr\u00e9par\u00e9 avec 60 g de fruits pour 100 g de produit fini. \u00a0Teneur totale en sucre 55g pour 100 g<\/p>\n<p>Pot verre 250 ml consign\u00e9 (Consigne 1\u20ac)<\/p>\n","protected":false},"featured_media":2525,"template":"","meta":{"_crdt_document":""},"product_brand":[],"product_cat":[72],"product_tag":[],"class_list":{"0":"post-2416","1":"product","2":"type-product","3":"status-publish","4":"has-post-thumbnail","6":"product_cat-cuisines","8":"first","9":"outofstock","10":"taxable","11":"shipping-taxable","12":"purchasable","13":"product-type-simple"},"jetpack_sharing_enabled":true,"_links":{"self":[{"href":"https:\/\/chateaufer.fr\/ferme\/wp-json\/wp\/v2\/product\/2416","targetHints":{"allow":["GET"]}}],"collection":[{"href":"https:\/\/chateaufer.fr\/ferme\/wp-json\/wp\/v2\/product"}],"about":[{"href":"https:\/\/chateaufer.fr\/ferme\/wp-json\/wp\/v2\/types\/product"}],"wp:featuredmedia":[{"embeddable":true,"href":"https:\/\/chateaufer.fr\/ferme\/wp-json\/wp\/v2\/media\/2525"}],"wp:attachment":[{"href":"https:\/\/chateaufer.fr\/ferme\/wp-json\/wp\/v2\/media?parent=2416"}],"wp:term":[{"taxonomy":"product_brand","embeddable":true,"href":"https:\/\/chateaufer.fr\/ferme\/wp-json\/wp\/v2\/product_brand?post=2416"},{"taxonomy":"product_cat","embeddable":true,"href":"https:\/\/chateaufer.fr\/ferme\/wp-json\/wp\/v2\/product_cat?post=2416"},{"taxonomy":"product_tag","embeddable":true,"href":"https:\/\/chateaufer.fr\/ferme\/wp-json\/wp\/v2\/product_tag?post=2416"}],"curies":[{"name":"wp","href":"https:\/\/api.w.org\/{rel}","templated":true}]}}