{"id":2404,"date":"2021-04-15T15:18:41","date_gmt":"2021-04-15T13:18:41","guid":{"rendered":"https:\/\/chateaufer.fr\/ferme\/?post_type=product&#038;p=2404"},"modified":"2023-02-09T16:27:05","modified_gmt":"2023-02-09T15:27:05","slug":"_confitures-pomme","status":"publish","type":"product","link":"https:\/\/chateaufer.fr\/ferme\/produit\/_confitures-pomme\/","title":{"rendered":"_Pr\u00e9paration sucr\u00e9e de Pomme"},"content":{"rendered":"","protected":false},"excerpt":{"rendered":"<p>D\u00e9gustez une d\u00e9licieuse pr\u00e9paration de fruits cultiv\u00e9s, r\u00e9colt\u00e9s et cuisin\u00e9s ici \u00e0 Ch\u00e2teau Fer. \u00c0 go\u00fbter sur des tartines ou des cr\u00eapes ! La baie de Goji apporte une d\u00e9licieuse note acidul\u00e9e tandis que la tomates verte r\u00e9duit la sensation de sucr\u00e9&#8230; exp\u00e9rience \u00e0 haute saveur ajout\u00e9e garantie !<\/p>\n<p>D\u00e9nomination l\u00e9gale : Pr\u00e9paration de pomme&#8230;.<\/p>\n<p>Ingr\u00e9dients :<\/p>\n<p class=\"p1\"><strong>Pomme baie de Goji<\/strong> : Pomme (64%), sucre de canne non raffin\u00e9, baie de Goji (5%), issus de l&rsquo;agriculture biologique<\/p>\n<p>Pr\u00e9par\u00e9 avec 69 g de fruits pour 100 g de produit fini. Teneur totale en sucre 55g pour 100 g<\/p>\n<p><strong>Pomme tomate verte<\/strong> : Pomme, (38%) sucre de canne non raffin\u00e9, tomate verte (31%), issus de l&rsquo;agriculture biologique<\/p>\n<p>Pr\u00e9par\u00e9 avec 69 g de fruits pour 100 g de produit fini. Teneur totale en sucre 55g pour 100 g<\/p>\n<p>poids net : 250g &#8211; Pot verre consign\u00e9 de 250ml (Consigne 1\u20ac)<\/p>\n","protected":false},"featured_media":2517,"template":"","meta":{"_crdt_document":""},"product_brand":[],"product_cat":[72],"product_tag":[],"class_list":{"0":"post-2404","1":"product","2":"type-product","3":"status-publish","4":"has-post-thumbnail","6":"product_cat-cuisines","8":"first","9":"outofstock","10":"taxable","11":"shipping-taxable","12":"purchasable","13":"product-type-variable"},"jetpack_sharing_enabled":true,"_links":{"self":[{"href":"https:\/\/chateaufer.fr\/ferme\/wp-json\/wp\/v2\/product\/2404","targetHints":{"allow":["GET"]}}],"collection":[{"href":"https:\/\/chateaufer.fr\/ferme\/wp-json\/wp\/v2\/product"}],"about":[{"href":"https:\/\/chateaufer.fr\/ferme\/wp-json\/wp\/v2\/types\/product"}],"wp:featuredmedia":[{"embeddable":true,"href":"https:\/\/chateaufer.fr\/ferme\/wp-json\/wp\/v2\/media\/2517"}],"wp:attachment":[{"href":"https:\/\/chateaufer.fr\/ferme\/wp-json\/wp\/v2\/media?parent=2404"}],"wp:term":[{"taxonomy":"product_brand","embeddable":true,"href":"https:\/\/chateaufer.fr\/ferme\/wp-json\/wp\/v2\/product_brand?post=2404"},{"taxonomy":"product_cat","embeddable":true,"href":"https:\/\/chateaufer.fr\/ferme\/wp-json\/wp\/v2\/product_cat?post=2404"},{"taxonomy":"product_tag","embeddable":true,"href":"https:\/\/chateaufer.fr\/ferme\/wp-json\/wp\/v2\/product_tag?post=2404"}],"curies":[{"name":"wp","href":"https:\/\/api.w.org\/{rel}","templated":true}]}}