{"id":2403,"date":"2021-04-15T15:18:40","date_gmt":"2021-04-15T13:18:40","guid":{"rendered":"https:\/\/chateaufer.fr\/ferme\/?post_type=product&#038;p=2403"},"modified":"2023-02-09T16:27:17","modified_gmt":"2023-02-09T15:27:17","slug":"_tomates-allongees-a-lhuile","status":"publish","type":"product","link":"https:\/\/chateaufer.fr\/ferme\/produit\/_tomates-allongees-a-lhuile\/","title":{"rendered":"_Tomates allong\u00e9es \u00e0 l&rsquo;huile"},"content":{"rendered":"","protected":false},"excerpt":{"rendered":"<p>Ajoutez un peu de couleur dans vos plats avec nos \u00e9tonnantes tomates cerise s\u00e9ch\u00e9es et allong\u00e9es \u00e0 l&rsquo;huile d&rsquo;olive. Elles sublimerons vos salades de crudit\u00e9s, vos tartes sal\u00e9es et r\u00e9veillerons vos ap\u00e9ritifs.<\/p>\n<p>Ingr\u00e9dients : Tomate cerise s\u00e9ch\u00e9e (22%), huile d&rsquo;olive vierge(78%), issus de l&rsquo;agriculture biologique<\/p>\n<p>Poids net : 180g<\/p>\n","protected":false},"featured_media":2516,"template":"","meta":{"_crdt_document":""},"product_brand":[],"product_cat":[74],"product_tag":[],"class_list":{"0":"post-2403","1":"product","2":"type-product","3":"status-publish","4":"has-post-thumbnail","6":"product_cat-deshydrates","8":"first","9":"outofstock","10":"taxable","11":"shipping-taxable","12":"purchasable","13":"product-type-simple"},"jetpack_sharing_enabled":true,"_links":{"self":[{"href":"https:\/\/chateaufer.fr\/ferme\/wp-json\/wp\/v2\/product\/2403","targetHints":{"allow":["GET"]}}],"collection":[{"href":"https:\/\/chateaufer.fr\/ferme\/wp-json\/wp\/v2\/product"}],"about":[{"href":"https:\/\/chateaufer.fr\/ferme\/wp-json\/wp\/v2\/types\/product"}],"wp:featuredmedia":[{"embeddable":true,"href":"https:\/\/chateaufer.fr\/ferme\/wp-json\/wp\/v2\/media\/2516"}],"wp:attachment":[{"href":"https:\/\/chateaufer.fr\/ferme\/wp-json\/wp\/v2\/media?parent=2403"}],"wp:term":[{"taxonomy":"product_brand","embeddable":true,"href":"https:\/\/chateaufer.fr\/ferme\/wp-json\/wp\/v2\/product_brand?post=2403"},{"taxonomy":"product_cat","embeddable":true,"href":"https:\/\/chateaufer.fr\/ferme\/wp-json\/wp\/v2\/product_cat?post=2403"},{"taxonomy":"product_tag","embeddable":true,"href":"https:\/\/chateaufer.fr\/ferme\/wp-json\/wp\/v2\/product_tag?post=2403"}],"curies":[{"name":"wp","href":"https:\/\/api.w.org\/{rel}","templated":true}]}}