{"id":2402,"date":"2021-04-15T15:18:39","date_gmt":"2021-04-15T13:18:39","guid":{"rendered":"https:\/\/chateaufer.fr\/ferme\/?post_type=product&#038;p=2402"},"modified":"2023-02-09T16:27:29","modified_gmt":"2023-02-09T15:27:29","slug":"_fenouil-facon-choucroute","status":"publish","type":"product","link":"https:\/\/chateaufer.fr\/ferme\/produit\/_fenouil-facon-choucroute\/","title":{"rendered":"_Lactofermentation de Fenouil fa\u00e7on choucroute"},"content":{"rendered":"","protected":false},"excerpt":{"rendered":"<p>Un bocal qui renferme des saveurs \u00e9tonnantes et inhabituelles, riche de bienfaits pour votre organisme ! \u00c0 partager \u00e0 l\u2019ap\u00e9ritif fa\u00e7on pickles ou bien en accompagnement d\u2019un plat chaud ou froid.<span class=\"Apple-converted-space\">\u00a0<\/span><\/p>\n<p>Ingr\u00e9dients : Fenouil*, zeste de poncire*, sel de Gu\u00e9rande, *issus de l&rsquo;agriculture biologique<\/p>\n<p>Poids net : 480g &#8211; Terrine verre et rondelle consign\u00e9s de 500ml \u00a0(Consigne 2 \u20ac)<\/p>\n<p><a href=\"https:\/\/chateaufer.fr\/ferme\/les-lactofermentes\/\">\ud83d\udc49 En savoir plus sur la fabrication<\/a><\/p>\n<p>&nbsp;<\/p>\n","protected":false},"featured_media":2515,"template":"","meta":{"_crdt_document":""},"product_brand":[],"product_cat":[81],"product_tag":[],"class_list":{"0":"post-2402","1":"product","2":"type-product","3":"status-publish","4":"has-post-thumbnail","6":"product_cat-lactofermentes","8":"first","9":"outofstock","10":"taxable","11":"shipping-taxable","12":"purchasable","13":"product-type-simple"},"jetpack_sharing_enabled":true,"_links":{"self":[{"href":"https:\/\/chateaufer.fr\/ferme\/wp-json\/wp\/v2\/product\/2402","targetHints":{"allow":["GET"]}}],"collection":[{"href":"https:\/\/chateaufer.fr\/ferme\/wp-json\/wp\/v2\/product"}],"about":[{"href":"https:\/\/chateaufer.fr\/ferme\/wp-json\/wp\/v2\/types\/product"}],"wp:featuredmedia":[{"embeddable":true,"href":"https:\/\/chateaufer.fr\/ferme\/wp-json\/wp\/v2\/media\/2515"}],"wp:attachment":[{"href":"https:\/\/chateaufer.fr\/ferme\/wp-json\/wp\/v2\/media?parent=2402"}],"wp:term":[{"taxonomy":"product_brand","embeddable":true,"href":"https:\/\/chateaufer.fr\/ferme\/wp-json\/wp\/v2\/product_brand?post=2402"},{"taxonomy":"product_cat","embeddable":true,"href":"https:\/\/chateaufer.fr\/ferme\/wp-json\/wp\/v2\/product_cat?post=2402"},{"taxonomy":"product_tag","embeddable":true,"href":"https:\/\/chateaufer.fr\/ferme\/wp-json\/wp\/v2\/product_tag?post=2402"}],"curies":[{"name":"wp","href":"https:\/\/api.w.org\/{rel}","templated":true}]}}