{"id":2397,"date":"2021-04-15T15:18:36","date_gmt":"2021-04-15T13:18:36","guid":{"rendered":"https:\/\/chateaufer.fr\/ferme\/?post_type=product&#038;p=2397"},"modified":"2023-02-09T16:28:12","modified_gmt":"2023-02-09T15:28:12","slug":"_chutney-de-poire","status":"publish","type":"product","link":"https:\/\/chateaufer.fr\/ferme\/produit\/_chutney-de-poire\/","title":{"rendered":"_Chutney de Poire Tomate Verte"},"content":{"rendered":"","protected":false},"excerpt":{"rendered":"<p>D\u00e9couvrez un \u00e9tonnant et gourmand chutney de fruits et l\u00e9gumes,\u00a0cultiv\u00e9s, r\u00e9colt\u00e9s et cuisin\u00e9s ici \u00e0 Ch\u00e2teau Fer ! \u00c0 d\u00e9guster sur des tartines fa\u00e7on nature, en accompagnement d\u2019un fromage ou pour parfumer vos sauces\/ accompagner un foie gras.<\/p>\n<p class=\"p1\">Ingr\u00e9dients : tomate verte (51%), poire (20%), oignon, sucre de canne non raffin\u00e9, vinaigre de cidre, raisin sec, m\u00e9lange quatre \u00e9pices, issus de l&rsquo;agriculture biologique<\/p>\n<p>Poids net : 250 g<\/p>\n","protected":false},"featured_media":2510,"template":"","meta":{"_crdt_document":""},"product_brand":[],"product_cat":[72],"product_tag":[],"class_list":{"0":"post-2397","1":"product","2":"type-product","3":"status-publish","4":"has-post-thumbnail","6":"product_cat-cuisines","8":"first","9":"outofstock","10":"taxable","11":"shipping-taxable","12":"purchasable","13":"product-type-simple"},"jetpack_sharing_enabled":true,"_links":{"self":[{"href":"https:\/\/chateaufer.fr\/ferme\/wp-json\/wp\/v2\/product\/2397","targetHints":{"allow":["GET"]}}],"collection":[{"href":"https:\/\/chateaufer.fr\/ferme\/wp-json\/wp\/v2\/product"}],"about":[{"href":"https:\/\/chateaufer.fr\/ferme\/wp-json\/wp\/v2\/types\/product"}],"wp:featuredmedia":[{"embeddable":true,"href":"https:\/\/chateaufer.fr\/ferme\/wp-json\/wp\/v2\/media\/2510"}],"wp:attachment":[{"href":"https:\/\/chateaufer.fr\/ferme\/wp-json\/wp\/v2\/media?parent=2397"}],"wp:term":[{"taxonomy":"product_brand","embeddable":true,"href":"https:\/\/chateaufer.fr\/ferme\/wp-json\/wp\/v2\/product_brand?post=2397"},{"taxonomy":"product_cat","embeddable":true,"href":"https:\/\/chateaufer.fr\/ferme\/wp-json\/wp\/v2\/product_cat?post=2397"},{"taxonomy":"product_tag","embeddable":true,"href":"https:\/\/chateaufer.fr\/ferme\/wp-json\/wp\/v2\/product_tag?post=2397"}],"curies":[{"name":"wp","href":"https:\/\/api.w.org\/{rel}","templated":true}]}}