{"id":2367,"date":"2021-04-15T15:18:21","date_gmt":"2021-04-15T13:18:21","guid":{"rendered":"https:\/\/chateaufer.fr\/ferme\/?post_type=product&#038;p=2367"},"modified":"2023-02-17T16:32:05","modified_gmt":"2023-02-17T15:32:05","slug":"cire-antiquaire","status":"publish","type":"product","link":"https:\/\/chateaufer.fr\/ferme\/produit\/cire-antiquaire\/","title":{"rendered":"_Cire Antiquaire"},"content":{"rendered":"","protected":false},"excerpt":{"rendered":"<p>\u00c0 appliquer g\u00e9n\u00e9reusement sur le bois brut, peint ou cir\u00e9 \u00e0 l&rsquo;aide d&rsquo;un chiffon. Frotter \u00e9nergiquement. Laisser poser 30mn puis lustrer vigoureusement au chiffon de laine.<\/p>\n<p>Ingr\u00e9dients : Cire d&rsquo;abeille, huile de lin, huile essentielle d&rsquo;orange, issus de l&rsquo;agriculture biologique.<\/p>\n<p>poids net : 250 g<\/p>\n","protected":false},"featured_media":2498,"template":"","meta":{"_crdt_document":""},"product_brand":[],"product_cat":[82],"product_tag":[],"class_list":{"0":"post-2367","1":"product","2":"type-product","3":"status-publish","4":"has-post-thumbnail","6":"product_cat-boutique","8":"first","9":"outofstock","10":"taxable","11":"shipping-taxable","12":"purchasable","13":"product-type-simple"},"jetpack_sharing_enabled":true,"_links":{"self":[{"href":"https:\/\/chateaufer.fr\/ferme\/wp-json\/wp\/v2\/product\/2367","targetHints":{"allow":["GET"]}}],"collection":[{"href":"https:\/\/chateaufer.fr\/ferme\/wp-json\/wp\/v2\/product"}],"about":[{"href":"https:\/\/chateaufer.fr\/ferme\/wp-json\/wp\/v2\/types\/product"}],"wp:featuredmedia":[{"embeddable":true,"href":"https:\/\/chateaufer.fr\/ferme\/wp-json\/wp\/v2\/media\/2498"}],"wp:attachment":[{"href":"https:\/\/chateaufer.fr\/ferme\/wp-json\/wp\/v2\/media?parent=2367"}],"wp:term":[{"taxonomy":"product_brand","embeddable":true,"href":"https:\/\/chateaufer.fr\/ferme\/wp-json\/wp\/v2\/product_brand?post=2367"},{"taxonomy":"product_cat","embeddable":true,"href":"https:\/\/chateaufer.fr\/ferme\/wp-json\/wp\/v2\/product_cat?post=2367"},{"taxonomy":"product_tag","embeddable":true,"href":"https:\/\/chateaufer.fr\/ferme\/wp-json\/wp\/v2\/product_tag?post=2367"}],"curies":[{"name":"wp","href":"https:\/\/api.w.org\/{rel}","templated":true}]}}