{"id":2322,"date":"2021-04-15T15:17:54","date_gmt":"2021-04-15T13:17:54","guid":{"rendered":"https:\/\/chateaufer.fr\/ferme\/?post_type=product&#038;p=2322"},"modified":"2023-02-25T11:40:19","modified_gmt":"2023-02-25T10:40:19","slug":"_confiture-de-fraise","status":"publish","type":"product","link":"https:\/\/chateaufer.fr\/ferme\/produit\/_confiture-de-fraise\/","title":{"rendered":"_Confiture de Fraise"},"content":{"rendered":"","protected":false},"excerpt":{"rendered":"<p>D\u00e9gustez une d\u00e9licieuse confiture de fruits cuisin\u00e9 ici \u00e0 Ch\u00e2teau Fer. \u00c0 go\u00fbter sur des tartines ou des cr\u00eapes !<\/p>\n<p class=\"p1\">Ingr\u00e9dients : fraise, sucre de canne non raffin\u00e9, jus de citron, issus de l&rsquo;agriculture biologique<\/p>\n<p>Pr\u00e9par\u00e9 avec 66 g de fruits pour 100 g de produit fini. Teneur totale en sucre 55g pour 100 g<\/p>\n<p>poids net : 250g &#8211; Pot verre consign\u00e9 de 250ml (Consigne 1\u20ac)<\/p>\n","protected":false},"featured_media":2461,"template":"","meta":{"_crdt_document":""},"product_brand":[],"product_cat":[72],"product_tag":[],"class_list":{"0":"post-2322","1":"product","2":"type-product","3":"status-publish","4":"has-post-thumbnail","6":"product_cat-cuisines","8":"first","9":"outofstock","10":"taxable","11":"shipping-taxable","12":"purchasable","13":"product-type-simple"},"jetpack_sharing_enabled":true,"_links":{"self":[{"href":"https:\/\/chateaufer.fr\/ferme\/wp-json\/wp\/v2\/product\/2322","targetHints":{"allow":["GET"]}}],"collection":[{"href":"https:\/\/chateaufer.fr\/ferme\/wp-json\/wp\/v2\/product"}],"about":[{"href":"https:\/\/chateaufer.fr\/ferme\/wp-json\/wp\/v2\/types\/product"}],"wp:featuredmedia":[{"embeddable":true,"href":"https:\/\/chateaufer.fr\/ferme\/wp-json\/wp\/v2\/media\/2461"}],"wp:attachment":[{"href":"https:\/\/chateaufer.fr\/ferme\/wp-json\/wp\/v2\/media?parent=2322"}],"wp:term":[{"taxonomy":"product_brand","embeddable":true,"href":"https:\/\/chateaufer.fr\/ferme\/wp-json\/wp\/v2\/product_brand?post=2322"},{"taxonomy":"product_cat","embeddable":true,"href":"https:\/\/chateaufer.fr\/ferme\/wp-json\/wp\/v2\/product_cat?post=2322"},{"taxonomy":"product_tag","embeddable":true,"href":"https:\/\/chateaufer.fr\/ferme\/wp-json\/wp\/v2\/product_tag?post=2322"}],"curies":[{"name":"wp","href":"https:\/\/api.w.org\/{rel}","templated":true}]}}