{"id":13192,"date":"2026-03-26T09:01:20","date_gmt":"2026-03-26T08:01:20","guid":{"rendered":"https:\/\/chateaufer.fr\/ferme\/?post_type=product&#038;p=13192"},"modified":"2026-03-26T10:31:58","modified_gmt":"2026-03-26T09:31:58","slug":"soiree-piano-velo-a-chateaufer","status":"publish","type":"product","link":"https:\/\/chateaufer.fr\/ferme\/produit\/soiree-piano-velo-a-chateaufer\/","title":{"rendered":"Soir\u00e9e piano v\u00e9lo \u00e0 Ch\u00e2teaufer"},"content":{"rendered":"<p>Mercredi 29 avril 2026, Philippe S\u00e9ranne et David Aubaile posent leur piano \u00e0 Ch\u00e2teaufer ! Ils font le tour de France \u00e0 v\u00e9lo en 150 \u00e9tapes en tractant 250kg de piano. L&rsquo;un virtuose du verbe ac\u00e9r\u00e9, l&rsquo;autre compagnon de route de Brigitte Fontaine, Salif Keita, Khaled et tant d&rsquo;autres, ils jouent, chantent, amusent et surtout all\u00e8gent l&rsquo;immense accumulation de renoncement, de d\u00e9couragement, de frayeurs qui p\u00e8sent sur nos fr\u00eales \u00e9paules d&rsquo;\u00eatres conscients et r\u00e9alistes face \u00e0 l&rsquo;avenir. Une heure de gr\u00e2ce, de communion avec la musique, des paroles fortes qui disent vrai, qui sonnent juste et surtout la joie, la joie du \u00ab\u00a0fou roulant\u00a0\u00bb qui emporte le d\u00e9sespoir et ouvre une fen\u00eatre de libert\u00e9 dans nos quotidiens assoupis&#8230; Un spectacle qui regonfle les mollets et le moral !<\/p>\n<p>Programme \ud83d\udcc6<br \/>\nPour c\u00e9l\u00e9brer cet \u00e9v\u00e8nement Ch\u00e2teaufer organise une d\u00e9gustation des nouveaut\u00e9s de notre production vivante \u00e0 18h ! Au menu de cet mise en bouche, de la fermentation \u00e0 saucer avec des billes de viande aromatis\u00e9es aux paillettes de bonheurs&#8230; \ud83d\ude0b Tarif 3\u20ac par personne<\/p>\n<p>Concert \u00e0 19h \ud83c\udfb9 tarif conseill\u00e9 12\u20ac par personne. Vous recevrez le lien de paiement en ligne \u00a0\u00e0 l&rsquo;issue de la r\u00e9servation.<\/p>\n<p>Repas partag\u00e9 \u00e0 l&rsquo;issue du concert \u00e0 partir de 20h30, venez avec votre meilleure salade\/tarte\/fromage\/g\u00e2teau ou bouteille, on prolonge la magie du concert en bonne compagnie \ud83e\uddfa r\u00e9servation conseill\u00e9e pour assurer l&rsquo;intendance \ud83c\udf7b<\/p>\n<p>Distribution \u00a0\ud83c\udfad<br \/>\nVoyageur lent par monts et par mots, <strong>Philippe S\u00e9ranne<\/strong> est auteur, compositeur, pianiste et chanteur depuis la sauvage beaut\u00e9 de la gare de Veynes, Alpes, Terre. Po\u00e8te politique, provocateur et anticonformiste, il emm\u00e8ne son piano dans les fermes, les trains, les usines, les assembl\u00e9es citoyennes, les lacs et les v\u00e9los pour y valser le pouvoir, l&rsquo;argent, l&rsquo;amour, la mort. philippeseranne.com<br \/>\nMulti intrumentiste nourri de musique classique, de jazz et de musiques traditionnelles, <strong>David Aubaile<\/strong> navigue dans un univers o\u00f9 les fronti\u00e8res n\u2019existent pas. De la fl\u00fbte traversi\u00e8re au duduk, du piano au gumbri, compositeur, arrangeur et souvent producteur, il r\u00e9alise ses propres albums tout en collaborant avec les plus grands noms de la sc\u00e8ne world et vari\u00e9t\u00e9 &#8211; de z\u00e9niths en a\u00e9roports, et enfin la cons\u00e9cration : \u00e0 v\u00e9lo dans les campagnes. davidaubaile.com<\/p>\n<p>Pitch \ud83c\udfac<br \/>\nDans une France impuissante face \u00e0 l&rsquo;urgence climatique et sociale, o\u00f9 plus d&rsquo;un \u00e9lecteur sur deux ne vote plus, \u00ab\u00a0Le d\u00e9but du monde\u00a0\u00bb est un cri de joie pour les centaines de milliers de citoyennes et citoyens qui s&#8217;emparent de leurs communes pour r\u00e9parer la d\u00e9mocratie et la lib\u00e9rer des rapports de domination, de mensonge et d&rsquo;opacit\u00e9.<br \/>\n\u00ab Le d\u00e9but du monde \u00bb est une proposition artistique visc\u00e9ralement politique, mais qui ne cherche \u00e0 convaincre personne.<br \/>\nElle affirme le pouvoir du r\u00eave, de l&rsquo;\u00e9motion et de la joie pour mettre en mouvement.<br \/>\nElle r\u00e9pond \u00e0 l&rsquo;urgence de propager des r\u00e9cits qui nourrissent l&rsquo;enthousiasme et l&rsquo;engagement dans un monde satur\u00e9 de visions de d\u00e9sespoir, d&rsquo;impuissance et de repli sur soi.<br \/>\nLe politique est une boxe ? Ils en font un jazz, une danse !<\/p>\n","protected":false},"excerpt":{"rendered":"<p style=\"font-weight: 400;\">Le mercredi 29 avril \u00e0 Bru\u00e8re-Allichamp \u00e0 19h c&rsquo;est le D\u00e9but du monde, conte musical pour sortir de la nuit d\u00e9mocratique \/ \u00e0 la ferme de Ch\u00e2teaufer \/<\/p>\n<p style=\"font-weight: 400;\">R\u00e9servez vos places ici !<\/p>\n<ul>\n<li style=\"font-weight: 400;\">ap\u00e9ro\/d\u00e9gustation de 18h pour d\u00e9couvrir le nouveaut\u00e9s de la ferme &#8211; co\u00fbt 3\u20ac par personne<\/li>\n<li style=\"font-weight: 400;\">billet concert sur r\u00e9servations &amp; infos <a href=\"http:\/\/pianovelo.fr\/\">pianovelo.fr<\/a> &#8211; prix libre conseill\u00e9 12\u20ac &#8211; spectacle ados\/adultes, dur\u00e9e 1h15, enfant compatible !<\/li>\n<li>repas partag\u00e9<\/li>\n<\/ul>\n<p>Pour le paiement, seul la d\u00e9gustation se paye ici. Vous recevrez par mail les instructions pour la billetterie du concert par mail \u00e0 l&rsquo;issue de votre commande.<\/p>\n<p>&nbsp;<\/p>\n","protected":false},"featured_media":13195,"template":"","meta":{"_crdt_document":""},"product_brand":[],"product_cat":[69],"product_tag":[],"class_list":{"0":"post-13192","1":"product","2":"type-product","3":"status-publish","4":"has-post-thumbnail","6":"product_cat-non-classe","8":"first","9":"instock","10":"featured","11":"taxable","12":"shipping-taxable","13":"purchasable","14":"product-type-variable","15":"has-default-attributes"},"jetpack_sharing_enabled":true,"_links":{"self":[{"href":"https:\/\/chateaufer.fr\/ferme\/wp-json\/wp\/v2\/product\/13192","targetHints":{"allow":["GET"]}}],"collection":[{"href":"https:\/\/chateaufer.fr\/ferme\/wp-json\/wp\/v2\/product"}],"about":[{"href":"https:\/\/chateaufer.fr\/ferme\/wp-json\/wp\/v2\/types\/product"}],"wp:featuredmedia":[{"embeddable":true,"href":"https:\/\/chateaufer.fr\/ferme\/wp-json\/wp\/v2\/media\/13195"}],"wp:attachment":[{"href":"https:\/\/chateaufer.fr\/ferme\/wp-json\/wp\/v2\/media?parent=13192"}],"wp:term":[{"taxonomy":"product_brand","embeddable":true,"href":"https:\/\/chateaufer.fr\/ferme\/wp-json\/wp\/v2\/product_brand?post=13192"},{"taxonomy":"product_cat","embeddable":true,"href":"https:\/\/chateaufer.fr\/ferme\/wp-json\/wp\/v2\/product_cat?post=13192"},{"taxonomy":"product_tag","embeddable":true,"href":"https:\/\/chateaufer.fr\/ferme\/wp-json\/wp\/v2\/product_tag?post=13192"}],"curies":[{"name":"wp","href":"https:\/\/api.w.org\/{rel}","templated":true}]}}