{"id":13183,"date":"2026-03-25T15:04:41","date_gmt":"2026-03-25T14:04:41","guid":{"rendered":"https:\/\/chateaufer.fr\/ferme\/?post_type=product&#038;p=13183"},"modified":"2026-05-04T18:54:18","modified_gmt":"2026-05-04T16:54:18","slug":"farm-to-table","status":"publish","type":"product","link":"https:\/\/chateaufer.fr\/ferme\/produit\/farm-to-table\/","title":{"rendered":"Farm to table &#8211; cuisine fusion \u00e0 Ch\u00e2teaufer"},"content":{"rendered":"","protected":false},"excerpt":{"rendered":"<p>Ch\u00e2teauFer vous propose en ce joli printemps 2026 une nouvelle exp\u00e9rience gourmande inoubliable pour un d\u00e9jeuner in\u00e9dit, entre midi et deux \ud83d\udd70 !<br \/>\nR\u00e9servez pour votre pause d\u00e9jeuner un voyage gourmand, de la ferme \u00e0 la table, directement et enti\u00e8rement cuisin\u00e9 par la talentueuse cheffe Maria Rodriguez \ud83d\udc69\ud83c\udffb\u200d\ud83c\udf73 ! Maitre des Tables Gourmandes du Berry, elle officie habituellement au restaurant La Voli\u00e8re du ch\u00e2teau d&rsquo;Ainay Le Vieil, avec sa complice Thamara Bryson. Elles nous font l&rsquo;immense plaisir et l&rsquo;honneur de quitter le temps de quelques dates exclusives leurs Voli\u00e8res \ud83d\udd4a<br \/>\nEmbarquez au plus pr\u00e8s de nos productions vivantes, pour d\u00e9guster une cuisine fusion, super cr\u00e9ative, joyeuse et color\u00e9e.<br \/>\nCompos\u00e9 d&rsquo;une entr\u00e9e, plat, fromage ou dessert, le menu sera d\u00e9voil\u00e9 d\u00e8s que possible sur la page de l&rsquo;\u00e9v\u00e9nement. Nombre de place limit\u00e9s. Dur\u00e9e 2 h max; promis vous serez reparti \u00e0 temps pour reprendre le boulot de l&rsquo;apr\u00e8s midi \ud83e\udd29. Parking et acc\u00e8s PMR. Les options boisson seront \u00e0 commander sur place.<\/p>\n","protected":false},"featured_media":13184,"template":"","meta":{"_crdt_document":""},"product_brand":[],"product_cat":[190],"product_tag":[],"class_list":{"0":"post-13183","1":"product","2":"type-product","3":"status-publish","4":"has-post-thumbnail","6":"product_cat-ferme-a-la-table","8":"first","9":"instock","10":"featured","11":"taxable","12":"shipping-taxable","13":"purchasable","14":"product-type-variable","15":"has-default-attributes"},"jetpack_sharing_enabled":true,"_links":{"self":[{"href":"https:\/\/chateaufer.fr\/ferme\/wp-json\/wp\/v2\/product\/13183","targetHints":{"allow":["GET"]}}],"collection":[{"href":"https:\/\/chateaufer.fr\/ferme\/wp-json\/wp\/v2\/product"}],"about":[{"href":"https:\/\/chateaufer.fr\/ferme\/wp-json\/wp\/v2\/types\/product"}],"wp:featuredmedia":[{"embeddable":true,"href":"https:\/\/chateaufer.fr\/ferme\/wp-json\/wp\/v2\/media\/13184"}],"wp:attachment":[{"href":"https:\/\/chateaufer.fr\/ferme\/wp-json\/wp\/v2\/media?parent=13183"}],"wp:term":[{"taxonomy":"product_brand","embeddable":true,"href":"https:\/\/chateaufer.fr\/ferme\/wp-json\/wp\/v2\/product_brand?post=13183"},{"taxonomy":"product_cat","embeddable":true,"href":"https:\/\/chateaufer.fr\/ferme\/wp-json\/wp\/v2\/product_cat?post=13183"},{"taxonomy":"product_tag","embeddable":true,"href":"https:\/\/chateaufer.fr\/ferme\/wp-json\/wp\/v2\/product_tag?post=13183"}],"curies":[{"name":"wp","href":"https:\/\/api.w.org\/{rel}","templated":true}]}}