{"id":12803,"date":"2026-05-10T10:30:40","date_gmt":"2026-05-10T08:30:40","guid":{"rendered":"https:\/\/chateaufer.fr\/ferme\/?post_type=product&#038;p=12803"},"modified":"2026-05-11T08:43:10","modified_gmt":"2026-05-11T06:43:10","slug":"berenice","status":"publish","type":"product","link":"https:\/\/chateaufer.fr\/ferme\/produit\/berenice\/","title":{"rendered":"\u00ab\u00a0B\u00e9r\u00e9nice\u00a0\u00bb de Jean Racine"},"content":{"rendered":"<p>\u201cB\u00e9r\u00e9nice\u201d c\u2019est l\u2019histoire de cette femme \u00e9trang\u00e8re qui se voit contrainte \u00e0 l\u2019exil par l\u2019homme qu\u2019elle aime depuis 5 ans, de cet homme, Titus, qui, devenu Empereur de Rome, doit presser ce d\u00e9part qui lui d\u00e9chire le c\u0153ur. C\u2019est l\u2019histoire de cet ami fid\u00e8le, Antiochus dont l\u2019amour secret pour B\u00e9r\u00e9nice se trouve \u00e9galement mis \u00e0 l\u2019\u00e9preuve, et enfin, l\u2019histoire des confidents Paulin, Ph\u00e9nice et Arsace, les t\u00e9moins de cette trag\u00e9die.<\/p>\n<p>Devant nous, ces six personnages traversent leurs plus grandes craintes et luttent, \u00e0 travers leurs mots, pour leur propre bonheur ou celui de l\u2019autre.<\/p>\n","protected":false},"excerpt":{"rendered":"<p>En juin, Ch\u00e2teauFer accueille une nouvelle fois en r\u00e9sidence la Compagnie Dans La Grange. Cette jeune troupe de th\u00e9\u00e2tre restituera son travail en public et en ext\u00e9rieur avec 2 repr\u00e9sentations de la pi\u00e8ce \u201cB\u00e9r\u00e9nice\u201d de Jean Racine : <strong>le samedi \u00a013 juin \u00e0 19 h et le dimanche 14 juin \u00e0 17h.<\/strong><\/p>\n<p>Nouveaut\u00e9 2026 : Nous vous invitons \u00e0 f\u00eater le mariage imminent de B\u00e9r\u00e9nice et Titus \u00e0 Ch\u00e2teau Fer, en portant votre plus belle tenue !<\/p>\n<p>Pour r\u00e9server vos places, descendez la page !<\/p>\n","protected":false},"featured_media":12809,"template":"","meta":{"_crdt_document":""},"product_brand":[],"product_cat":[178],"product_tag":[],"class_list":{"0":"post-12803","1":"product","2":"type-product","3":"status-publish","4":"has-post-thumbnail","6":"product_cat-visite","8":"first","9":"instock","10":"purchasable","11":"product-type-variable"},"jetpack_sharing_enabled":true,"_links":{"self":[{"href":"https:\/\/chateaufer.fr\/ferme\/wp-json\/wp\/v2\/product\/12803","targetHints":{"allow":["GET"]}}],"collection":[{"href":"https:\/\/chateaufer.fr\/ferme\/wp-json\/wp\/v2\/product"}],"about":[{"href":"https:\/\/chateaufer.fr\/ferme\/wp-json\/wp\/v2\/types\/product"}],"wp:featuredmedia":[{"embeddable":true,"href":"https:\/\/chateaufer.fr\/ferme\/wp-json\/wp\/v2\/media\/12809"}],"wp:attachment":[{"href":"https:\/\/chateaufer.fr\/ferme\/wp-json\/wp\/v2\/media?parent=12803"}],"wp:term":[{"taxonomy":"product_brand","embeddable":true,"href":"https:\/\/chateaufer.fr\/ferme\/wp-json\/wp\/v2\/product_brand?post=12803"},{"taxonomy":"product_cat","embeddable":true,"href":"https:\/\/chateaufer.fr\/ferme\/wp-json\/wp\/v2\/product_cat?post=12803"},{"taxonomy":"product_tag","embeddable":true,"href":"https:\/\/chateaufer.fr\/ferme\/wp-json\/wp\/v2\/product_tag?post=12803"}],"curies":[{"name":"wp","href":"https:\/\/api.w.org\/{rel}","templated":true}]}}