{"id":5125,"date":"2022-08-03T15:10:55","date_gmt":"2022-08-03T13:10:55","guid":{"rendered":"https:\/\/chateaufer.fr\/ferme\/?page_id=5125"},"modified":"2026-01-17T10:07:05","modified_gmt":"2026-01-17T09:07:05","slug":"journees-europeennes-du-patrimoine-2025","status":"publish","type":"page","link":"https:\/\/chateaufer.fr\/ferme\/journees-europeennes-du-patrimoine-2025\/","title":{"rendered":"CH\u00c2TEAUFER SORT LE GRAND COUVERT !"},"content":{"rendered":"\n<figure class=\"wp-block-gallery has-nested-images columns-default is-cropped wp-block-gallery-1 is-layout-flex wp-block-gallery-is-layout-flex\">\n<figure class=\"wp-block-image size-large\"><img data-recalc-dims=\"1\" loading=\"lazy\" decoding=\"async\" width=\"800\" height=\"435\" data-id=\"12950\" src=\"https:\/\/i0.wp.com\/chateaufer.fr\/ferme\/wp-content\/uploads\/2025\/03\/Le-Grand-Couvert-Web.jpg?resize=800%2C435&#038;ssl=1\" alt=\"\" class=\"wp-image-12950\" srcset=\"https:\/\/i0.wp.com\/chateaufer.fr\/ferme\/wp-content\/uploads\/2025\/03\/Le-Grand-Couvert-Web-scaled.jpg?resize=1024%2C557&amp;ssl=1 1024w, https:\/\/i0.wp.com\/chateaufer.fr\/ferme\/wp-content\/uploads\/2025\/03\/Le-Grand-Couvert-Web-scaled.jpg?resize=300%2C163&amp;ssl=1 300w, https:\/\/i0.wp.com\/chateaufer.fr\/ferme\/wp-content\/uploads\/2025\/03\/Le-Grand-Couvert-Web-scaled.jpg?resize=768%2C418&amp;ssl=1 768w, https:\/\/i0.wp.com\/chateaufer.fr\/ferme\/wp-content\/uploads\/2025\/03\/Le-Grand-Couvert-Web-scaled.jpg?resize=1536%2C836&amp;ssl=1 1536w, https:\/\/i0.wp.com\/chateaufer.fr\/ferme\/wp-content\/uploads\/2025\/03\/Le-Grand-Couvert-Web-scaled.jpg?resize=2048%2C1115&amp;ssl=1 2048w, https:\/\/i0.wp.com\/chateaufer.fr\/ferme\/wp-content\/uploads\/2025\/03\/Le-Grand-Couvert-Web-scaled.jpg?w=1600&amp;ssl=1 1600w, https:\/\/i0.wp.com\/chateaufer.fr\/ferme\/wp-content\/uploads\/2025\/03\/Le-Grand-Couvert-Web-scaled.jpg?w=2400&amp;ssl=1 2400w\" sizes=\"auto, (max-width: 800px) 100vw, 800px\" \/><\/figure>\n<figcaption class=\"blocks-gallery-caption wp-element-caption\">La cohorte des partenaires et \u00e9l\u00e8ves de l&rsquo;\u00e9dition 2024<\/figcaption><\/figure>\n\n\n\n<p class=\"wp-block-paragraph\"><\/p>\n\n\n\n<p class=\"wp-block-paragraph\">\u00c0 l&rsquo;occasion des Journ\u00e9es Europ\u00e9ennes du Patrimoine, Ch\u00e2teauFer c\u00e9l\u00e8bre chaque ann\u00e9e l&rsquo;excellence et l&rsquo;art de vivre en r\u00e9gion Centre Val de Loire.<\/p>\n\n\n\n<p class=\"wp-block-paragraph\">Le temps d&rsquo;un week end, festoyons en mode roi Soleil et une fois n&rsquo;est pas coutume, le roi c&rsquo;est vous ! Les <strong><mark style=\"background-color:#ffffff;color:#caa729\" class=\"has-inline-color\">19 et 20 septembre 202<\/mark><\/strong>6, retrouvons nous pour vivre ensemble un \u00ab\u00a0Grand Couvert\u00a0\u00bb en mode majest\u00e9. Au programme, des ateliers, des animations, des conf\u00e9rences raviront petits et grands.<\/p>\n\n\n\n<blockquote class=\"wp-block-quote is-layout-flow wp-block-quote-is-layout-flow\">\n<p class=\"wp-block-paragraph\">Le Grand Festin lui se tiendra le 10 octobre. Au menu une joyeuse com\u00e9die comestible inspir\u00e9 de l&rsquo;\u0153uvre de Moli\u00e8re, m\u00ealant haute gastronomie, th\u00e9\u00e2tre et spectacle \u00e9questre ! Vous serez \u00e9merveill\u00e9s de tant de savoir faire, combl\u00e9s de r\u00e9jouissances gustatives et recr\u00e9atives cocnot\u00e9s par notre talentueuse promotion !<\/p>\n\n\n\n<p class=\"wp-block-paragraph\">Des professionnels experts dans leur domaine, brillamment second\u00e9s et inspir\u00e9s par des \u00e9l\u00e8ves issus des \u00e9coles du territoire, des m\u00e9tiers d&rsquo;arts, de l&rsquo;\u00e9v\u00e8nementiel, de la culture, de l&rsquo;h\u00f4tellerie et de la gastronomie, vous feront vivre une exp\u00e9rience unique dans le d\u00e9partement. <\/p>\n<\/blockquote>\n\n\n\n<p class=\"wp-block-paragraph\">Sans oublier <strong>le cadre \u00e9poustouflan<\/strong>t d&rsquo;un ch\u00e2teau en pleine renaissance, au c\u0153ur d&rsquo;une nature et d&rsquo;une biodiversit\u00e9 absolument remarquable. En effet, le banquet prendra place dans <strong>la galerie du ch\u00e2teau<\/strong> o\u00f9 vous serez cern\u00e9s par le d\u00e9cor peint au XVII\u1d49 si\u00e8cle, tout juste restaur\u00e9 par Marie Lys de Castelbajac. Entre figure biblique et amourettes baroques, vous plongerez dans <strong>une atmosph\u00e8re compl\u00e8tement d\u00e9cal\u00e9e<\/strong>.<\/p>\n\n\n\n<p class=\"wp-block-paragraph\"><\/p>\n\n\n\n<p class=\"wp-block-paragraph\">Comme il est d\u00e9sormais de coutume, vous serez tenus de respecter un dress code ! cette ann\u00e9e vous pourrez venir <strong><mark style=\"background-color:#ffffff;color:#049732\" class=\"has-inline-color\">tout de vert v\u00eatu<\/mark><\/strong> ou totalement fleuri ! Ce dress-code, vous en conviendrez, est de rigueur.\ud83e\udd66<\/p>\n\n\n\n<p class=\"has-black-color has-luminous-vivid-amber-background-color has-text-color has-background has-link-color wp-elements-4bec588c8b216a850ac1392dbcaeebf9 wp-block-paragraph\"><strong>Pour r\u00e9server vos places \u2014-> encore un peu de patience (billeterie ouverte \u00e0 partir de 15 mai 2026) \ud83e\udd66\ud83e\udd66<\/strong><\/p>\n\n\n\n<div class=\"wp-block-jetpack-tiled-gallery aligncenter is-style-rectangular\"><div class=\"\"><div class=\"tiled-gallery__gallery\"><div class=\"tiled-gallery__row\"><div class=\"tiled-gallery__col\" style=\"flex-basis:47.14844%\"><figure class=\"tiled-gallery__item\"><img decoding=\"async\" srcset=\"https:\/\/i0.wp.com\/chateaufer.fr\/ferme\/wp-content\/uploads\/2025\/03\/Le-Grand-Couvert-31-web-1-681x1024.jpg?strip=info&#038;w=600&#038;ssl=1 600w,https:\/\/i0.wp.com\/chateaufer.fr\/ferme\/wp-content\/uploads\/2025\/03\/Le-Grand-Couvert-31-web-1-681x1024.jpg?strip=info&#038;w=900&#038;ssl=1 900w,https:\/\/i0.wp.com\/chateaufer.fr\/ferme\/wp-content\/uploads\/2025\/03\/Le-Grand-Couvert-31-web-1-681x1024.jpg?strip=info&#038;w=1200&#038;ssl=1 1200w,https:\/\/i0.wp.com\/chateaufer.fr\/ferme\/wp-content\/uploads\/2025\/03\/Le-Grand-Couvert-31-web-1-681x1024.jpg?strip=info&#038;w=1500&#038;ssl=1 1500w,https:\/\/i0.wp.com\/chateaufer.fr\/ferme\/wp-content\/uploads\/2025\/03\/Le-Grand-Couvert-31-web-1-681x1024.jpg?strip=info&#038;w=1703&#038;ssl=1 1703w\" alt=\"\" data-height=\"2560\" data-id=\"12956\" data-link=\"https:\/\/chateaufer.fr\/ferme\/journees-europeennes-du-patrimoine-2023\/attachment\/le-grand-couvert-31-web-2\/\" data-url=\"https:\/\/chateaufer.fr\/ferme\/wp-content\/uploads\/2025\/03\/Le-Grand-Couvert-31-web-1-681x1024.jpg\" data-width=\"1703\" src=\"https:\/\/i0.wp.com\/chateaufer.fr\/ferme\/wp-content\/uploads\/2025\/03\/Le-Grand-Couvert-31-web-1-681x1024.jpg?ssl=1\" data-amp-layout=\"responsive\"\/><\/figure><\/div><div class=\"tiled-gallery__col\" style=\"flex-basis:52.85156%\"><figure class=\"tiled-gallery__item\"><img decoding=\"async\" srcset=\"https:\/\/i0.wp.com\/chateaufer.fr\/ferme\/wp-content\/uploads\/2023\/06\/Chateaufer-du-chateau-a-la-ferme-1-1-1024x682.jpg?strip=info&#038;w=600&#038;ssl=1 600w,https:\/\/i0.wp.com\/chateaufer.fr\/ferme\/wp-content\/uploads\/2023\/06\/Chateaufer-du-chateau-a-la-ferme-1-1-1024x682.jpg?strip=info&#038;w=900&#038;ssl=1 900w,https:\/\/i0.wp.com\/chateaufer.fr\/ferme\/wp-content\/uploads\/2023\/06\/Chateaufer-du-chateau-a-la-ferme-1-1-1024x682.jpg?strip=info&#038;w=1200&#038;ssl=1 1200w,https:\/\/i0.wp.com\/chateaufer.fr\/ferme\/wp-content\/uploads\/2023\/06\/Chateaufer-du-chateau-a-la-ferme-1-1-1024x682.jpg?strip=info&#038;w=1500&#038;ssl=1 1500w,https:\/\/i0.wp.com\/chateaufer.fr\/ferme\/wp-content\/uploads\/2023\/06\/Chateaufer-du-chateau-a-la-ferme-1-1-1024x682.jpg?strip=info&#038;w=1800&#038;ssl=1 1800w,https:\/\/i0.wp.com\/chateaufer.fr\/ferme\/wp-content\/uploads\/2023\/06\/Chateaufer-du-chateau-a-la-ferme-1-1-1024x682.jpg?strip=info&#038;w=2000&#038;ssl=1 2000w\" alt=\"\" data-height=\"1704\" data-id=\"9013\" data-link=\"https:\/\/chateaufer.fr\/ferme\/?attachment_id=9013\" data-url=\"https:\/\/chateaufer.fr\/ferme\/wp-content\/uploads\/2023\/06\/Chateaufer-du-chateau-a-la-ferme-1-1-1024x682.jpg\" data-width=\"2560\" src=\"https:\/\/i0.wp.com\/chateaufer.fr\/ferme\/wp-content\/uploads\/2023\/06\/Chateaufer-du-chateau-a-la-ferme-1-1-1024x682.jpg?ssl=1\" data-amp-layout=\"responsive\"\/><\/figure><figure class=\"tiled-gallery__item\"><img decoding=\"async\" srcset=\"https:\/\/i0.wp.com\/chateaufer.fr\/ferme\/wp-content\/uploads\/2025\/03\/Le-Grand-Couvert-39-web-1024x681.jpg?strip=info&#038;w=600&#038;ssl=1 600w,https:\/\/i0.wp.com\/chateaufer.fr\/ferme\/wp-content\/uploads\/2025\/03\/Le-Grand-Couvert-39-web-1024x681.jpg?strip=info&#038;w=900&#038;ssl=1 900w,https:\/\/i0.wp.com\/chateaufer.fr\/ferme\/wp-content\/uploads\/2025\/03\/Le-Grand-Couvert-39-web-1024x681.jpg?strip=info&#038;w=1200&#038;ssl=1 1200w,https:\/\/i0.wp.com\/chateaufer.fr\/ferme\/wp-content\/uploads\/2025\/03\/Le-Grand-Couvert-39-web-1024x681.jpg?strip=info&#038;w=1500&#038;ssl=1 1500w,https:\/\/i0.wp.com\/chateaufer.fr\/ferme\/wp-content\/uploads\/2025\/03\/Le-Grand-Couvert-39-web-1024x681.jpg?strip=info&#038;w=1800&#038;ssl=1 1800w,https:\/\/i0.wp.com\/chateaufer.fr\/ferme\/wp-content\/uploads\/2025\/03\/Le-Grand-Couvert-39-web-1024x681.jpg?strip=info&#038;w=2000&#038;ssl=1 2000w\" alt=\"\" data-height=\"1703\" data-id=\"12959\" data-link=\"https:\/\/chateaufer.fr\/ferme\/journees-europeennes-du-patrimoine-2023\/attachment\/le-grand-couvert-39-web\/\" data-url=\"https:\/\/chateaufer.fr\/ferme\/wp-content\/uploads\/2025\/03\/Le-Grand-Couvert-39-web-1024x681.jpg\" data-width=\"2560\" src=\"https:\/\/i0.wp.com\/chateaufer.fr\/ferme\/wp-content\/uploads\/2025\/03\/Le-Grand-Couvert-39-web-1024x681.jpg?ssl=1\" data-amp-layout=\"responsive\"\/><\/figure><\/div><\/div><\/div><\/div><\/div>\n\n\n\n<figure class=\"wp-block-gallery has-nested-images columns-default is-cropped wp-block-gallery-2 is-layout-flex wp-block-gallery-is-layout-flex\"><\/figure>\n\n\n\n<p class=\"wp-block-paragraph\"><\/p>\n\n\n\n<p class=\"wp-block-paragraph\"><\/p>\n\n\n\n<h2 class=\"wp-block-heading\">Nos partenaires de l&rsquo;\u00e9v\u00e8nement<\/h2>\n\n\n\n<p class=\"wp-block-paragraph\">Nous remercions nos diff\u00e9rents partenaires pour nous suivre lors de cette troisi\u00e8me \u00e9dition :<\/p>\n\n\n\n<ul class=\"wp-block-list\">\n<li>La CCI du Cher<\/li>\n\n\n\n<li>Nouvelles Renaissances R\u00e9gion Centre Val de Loire<\/li>\n\n\n\n<li>Les restaurateurs des <a href=\"http:\/\/tablesgourmandesuberry.fr\" data-type=\"link\" data-id=\"tablesgourmandesuberry.fr\">Tables Gourmandes du Berry<\/a>.<\/li>\n\n\n\n<li>Les producteurs et artisans des m\u00e9tiers de bouche locaux.<\/li>\n\n\n\n<li>Les artistes et artisans d&rsquo;arts pour les arts de la table, les d\u00e9cors et les costumes.<\/li>\n\n\n\n<li>Les com\u00e9diens et orateurs d&rsquo;un jour.<\/li>\n\n\n\n<li>Les talents visuels et sonores pour les prises de vue en souvenir et la mise en lumi\u00e8re de Ch\u00e2teauFer.<\/li>\n\n\n\n<li>Les \u00e9tablissements scolaires et secondaires : Iut de Montlu\u00e7on, Lyc\u00e9e Vauvert, Jean Gueh\u00e9nno et Jacques C\u0153ur de Bourges, le Campus by CCI et Estacom de Bourges<\/li>\n<\/ul>\n","protected":false},"excerpt":{"rendered":"<p>\u00c0 l&rsquo;occasion des Journ\u00e9es Europ\u00e9ennes du Patrimoine, Ch\u00e2teauFer c\u00e9l\u00e8bre chaque ann\u00e9e l&rsquo;excellence et l&rsquo;art de vivre en r\u00e9gion Centre Val de Loire. Le temps d&rsquo;un week end, festoyons en mode &#8230;<\/p>\n","protected":false},"author":3,"featured_media":0,"parent":0,"menu_order":0,"comment_status":"closed","ping_status":"closed","template":"","meta":{"_crdt_document":"","footnotes":""},"folder":[36],"class_list":["post-5125","page","type-page","status-publish","hentry"],"jetpack_sharing_enabled":true,"_links":{"self":[{"href":"https:\/\/chateaufer.fr\/ferme\/wp-json\/wp\/v2\/pages\/5125","targetHints":{"allow":["GET"]}}],"collection":[{"href":"https:\/\/chateaufer.fr\/ferme\/wp-json\/wp\/v2\/pages"}],"about":[{"href":"https:\/\/chateaufer.fr\/ferme\/wp-json\/wp\/v2\/types\/page"}],"author":[{"embeddable":true,"href":"https:\/\/chateaufer.fr\/ferme\/wp-json\/wp\/v2\/users\/3"}],"replies":[{"embeddable":true,"href":"https:\/\/chateaufer.fr\/ferme\/wp-json\/wp\/v2\/comments?post=5125"}],"version-history":[{"count":59,"href":"https:\/\/chateaufer.fr\/ferme\/wp-json\/wp\/v2\/pages\/5125\/revisions"}],"predecessor-version":[{"id":13170,"href":"https:\/\/chateaufer.fr\/ferme\/wp-json\/wp\/v2\/pages\/5125\/revisions\/13170"}],"wp:attachment":[{"href":"https:\/\/chateaufer.fr\/ferme\/wp-json\/wp\/v2\/media?parent=5125"}],"wp:term":[{"taxonomy":"folder","embeddable":true,"href":"https:\/\/chateaufer.fr\/ferme\/wp-json\/wp\/v2\/folder?post=5125"}],"curies":[{"name":"wp","href":"https:\/\/api.w.org\/{rel}","templated":true}]}}