{"id":4426,"date":"2022-05-30T14:51:50","date_gmt":"2022-05-30T12:51:50","guid":{"rendered":"https:\/\/chateaufer.fr\/ferme\/?page_id=4426"},"modified":"2025-02-25T15:38:10","modified_gmt":"2025-02-25T14:38:10","slug":"lecole-des-fanes","status":"publish","type":"page","link":"https:\/\/chateaufer.fr\/ferme\/lecole-des-fanes\/","title":{"rendered":"L&rsquo;\u00e9cole des fanes"},"content":{"rendered":"\n<h2 class=\"wp-block-heading\" style=\"font-size:22px\"><strong>\u00ab&nbsp;La cuisine saine au c\u0153ur de l\u2019\u00e9cole des Fanes de Ch\u00e2teaufer ! \u00bb <\/strong><\/h2>\n\n\n\n<p class=\"wp-block-paragraph\">Pour faire (re)d\u00e9couvrir les saveurs des nombreux l\u00e9gumes produits ici et la fa\u00e7on de les consommer, la ferme de Ch\u00e2teau Fer invite la cheffe Eve Choukroun-Tardif pour mettre en musique ses ateliers culinaires.&nbsp; <\/p>\n\n\n\n<p class=\"wp-block-paragraph\">L\u2019\u00e9cole des Fanes consacrera ses ateliers 2024 \u00e0 la fa\u00e7on de cuisiner les l\u00e9gumes au fil des saisons et des continents. Vous d\u00e9couvrirez notamment la lactofermentation, une tr\u00e8s ancienne technique de conservation qui permet d&rsquo;augmenter les bienfaits de leurs vitamines et min\u00e9raux. Mieux encore, elle en am\u00e9liore la biodisponibilit\u00e9 dans l\u2019organisme. Lors des ateliers, vous apprendrez comment cuisiner les produits lactoferment\u00e9s, nous voulons vous faire d\u00e9couvrir le plaisir de manger des l\u00e9gumes avec des recettes et des astuces de chef qui \u00e9pateront les papilles des petits et des grands. Manger des l\u00e9gumes et des fruits, cuisin\u00e9s ou lactoferment\u00e9s, c\u2019est apporter de nouvelles saveurs dans les assiettes, mais c\u2019est aussi inviter le r\u00e9\u00e9quilibrage alimentaire dans sa cuisine de tous les jours ! L\u2019\u00e9cole des Fanes veut nous aider au quotidien \u00e0 concocter des assiettes qui sont bonnes pour notre sant\u00e9 tout en chouchoutant la plan\u00e8te !&nbsp;<\/p>\n\n\n\n<div class=\"wp-block-jetpack-tiled-gallery aligncenter is-style-rectangular\"><div class=\"\"><div class=\"tiled-gallery__gallery\"><div class=\"tiled-gallery__row\"><div class=\"tiled-gallery__col\" style=\"flex-basis:27.29755%\"><figure class=\"tiled-gallery__item\"><img decoding=\"async\" srcset=\"https:\/\/i0.wp.com\/chateaufer.fr\/ferme\/wp-content\/uploads\/2022\/05\/E88B3D2D-CB49-4D8D-80EB-E69638E7E9B8-1-576x1024.jpg?strip=info&#038;w=600&#038;ssl=1 600w,https:\/\/i0.wp.com\/chateaufer.fr\/ferme\/wp-content\/uploads\/2022\/05\/E88B3D2D-CB49-4D8D-80EB-E69638E7E9B8-1-576x1024.jpg?strip=info&#038;w=900&#038;ssl=1 900w,https:\/\/i0.wp.com\/chateaufer.fr\/ferme\/wp-content\/uploads\/2022\/05\/E88B3D2D-CB49-4D8D-80EB-E69638E7E9B8-1-576x1024.jpg?strip=info&#038;w=1170&#038;ssl=1 1170w\" alt=\"\" data-height=\"2080\" data-id=\"4545\" data-link=\"https:\/\/chateaufer.fr\/ferme\/lecole-des-fanes\/attachment\/e88b3d2d-cb49-4d8d-80eb-e69638e7e9b8-1\/\" data-url=\"https:\/\/chateaufer.fr\/ferme\/wp-content\/uploads\/2022\/05\/E88B3D2D-CB49-4D8D-80EB-E69638E7E9B8-1-576x1024.jpg\" data-width=\"1170\" src=\"https:\/\/i0.wp.com\/chateaufer.fr\/ferme\/wp-content\/uploads\/2022\/05\/E88B3D2D-CB49-4D8D-80EB-E69638E7E9B8-1-576x1024.jpg?ssl=1\" data-amp-layout=\"responsive\" role=\"button\" aria-label=\"Ouvrir l\u2019image 1 sur 5 en plein \u00e9cran\" \/><\/figure><\/div><div class=\"tiled-gallery__col\" style=\"flex-basis:36.35122%\"><figure class=\"tiled-gallery__item\"><img decoding=\"async\" srcset=\"https:\/\/i0.wp.com\/chateaufer.fr\/ferme\/wp-content\/uploads\/2022\/05\/A07AC315-B5C9-495C-B4A9-5C3AB148E971-768x1024.jpg?strip=info&#038;w=600&#038;ssl=1 600w,https:\/\/i0.wp.com\/chateaufer.fr\/ferme\/wp-content\/uploads\/2022\/05\/A07AC315-B5C9-495C-B4A9-5C3AB148E971-768x1024.jpg?strip=info&#038;w=900&#038;ssl=1 900w,https:\/\/i0.wp.com\/chateaufer.fr\/ferme\/wp-content\/uploads\/2022\/05\/A07AC315-B5C9-495C-B4A9-5C3AB148E971-768x1024.jpg?strip=info&#038;w=1200&#038;ssl=1 1200w,https:\/\/i0.wp.com\/chateaufer.fr\/ferme\/wp-content\/uploads\/2022\/05\/A07AC315-B5C9-495C-B4A9-5C3AB148E971-768x1024.jpg?strip=info&#038;w=1500&#038;ssl=1 1500w,https:\/\/i0.wp.com\/chateaufer.fr\/ferme\/wp-content\/uploads\/2022\/05\/A07AC315-B5C9-495C-B4A9-5C3AB148E971-768x1024.jpg?strip=info&#038;w=1536&#038;ssl=1 1536w\" alt=\"\" data-height=\"2049\" data-id=\"4547\" data-link=\"https:\/\/chateaufer.fr\/ferme\/lecole-des-fanes\/attachment\/a07ac315-b5c9-495c-b4a9-5c3ab148e971\/\" data-url=\"https:\/\/chateaufer.fr\/ferme\/wp-content\/uploads\/2022\/05\/A07AC315-B5C9-495C-B4A9-5C3AB148E971-768x1024.jpg\" data-width=\"1536\" src=\"https:\/\/i0.wp.com\/chateaufer.fr\/ferme\/wp-content\/uploads\/2022\/05\/A07AC315-B5C9-495C-B4A9-5C3AB148E971-768x1024.jpg?ssl=1\" data-amp-layout=\"responsive\" role=\"button\" aria-label=\"Ouvrir l\u2019image 2 sur 5 en plein \u00e9cran\" \/><\/figure><\/div><div class=\"tiled-gallery__col\" style=\"flex-basis:36.35122%\"><figure class=\"tiled-gallery__item\"><img decoding=\"async\" srcset=\"https:\/\/i0.wp.com\/chateaufer.fr\/ferme\/wp-content\/uploads\/2022\/05\/7C47FE72-233C-46B4-8E1C-F3B44ABF504E-768x1024.jpg?strip=info&#038;w=600&#038;ssl=1 600w,https:\/\/i0.wp.com\/chateaufer.fr\/ferme\/wp-content\/uploads\/2022\/05\/7C47FE72-233C-46B4-8E1C-F3B44ABF504E-768x1024.jpg?strip=info&#038;w=900&#038;ssl=1 900w,https:\/\/i0.wp.com\/chateaufer.fr\/ferme\/wp-content\/uploads\/2022\/05\/7C47FE72-233C-46B4-8E1C-F3B44ABF504E-768x1024.jpg?strip=info&#038;w=1200&#038;ssl=1 1200w,https:\/\/i0.wp.com\/chateaufer.fr\/ferme\/wp-content\/uploads\/2022\/05\/7C47FE72-233C-46B4-8E1C-F3B44ABF504E-768x1024.jpg?strip=info&#038;w=1500&#038;ssl=1 1500w,https:\/\/i0.wp.com\/chateaufer.fr\/ferme\/wp-content\/uploads\/2022\/05\/7C47FE72-233C-46B4-8E1C-F3B44ABF504E-768x1024.jpg?strip=info&#038;w=1536&#038;ssl=1 1536w\" alt=\"\" data-height=\"2049\" data-id=\"4548\" data-link=\"https:\/\/chateaufer.fr\/ferme\/lecole-des-fanes\/attachment\/7c47fe72-233c-46b4-8e1c-f3b44abf504e\/\" data-url=\"https:\/\/chateaufer.fr\/ferme\/wp-content\/uploads\/2022\/05\/7C47FE72-233C-46B4-8E1C-F3B44ABF504E-768x1024.jpg\" data-width=\"1536\" src=\"https:\/\/i0.wp.com\/chateaufer.fr\/ferme\/wp-content\/uploads\/2022\/05\/7C47FE72-233C-46B4-8E1C-F3B44ABF504E-768x1024.jpg?ssl=1\" data-amp-layout=\"responsive\" role=\"button\" aria-label=\"Ouvrir l\u2019image 3 sur 5 en plein \u00e9cran\" \/><\/figure><\/div><\/div><div class=\"tiled-gallery__row\"><div class=\"tiled-gallery__col\" style=\"flex-basis:45.66965%\"><figure class=\"tiled-gallery__item\"><img decoding=\"async\" srcset=\"https:\/\/i0.wp.com\/chateaufer.fr\/ferme\/wp-content\/uploads\/2022\/05\/30BA3423-9D83-4078-A339-BF7105E0F7DF-1024x768.jpg?strip=info&#038;w=600&#038;ssl=1 600w,https:\/\/i0.wp.com\/chateaufer.fr\/ferme\/wp-content\/uploads\/2022\/05\/30BA3423-9D83-4078-A339-BF7105E0F7DF-1024x768.jpg?strip=info&#038;w=900&#038;ssl=1 900w,https:\/\/i0.wp.com\/chateaufer.fr\/ferme\/wp-content\/uploads\/2022\/05\/30BA3423-9D83-4078-A339-BF7105E0F7DF-1024x768.jpg?strip=info&#038;w=1200&#038;ssl=1 1200w,https:\/\/i0.wp.com\/chateaufer.fr\/ferme\/wp-content\/uploads\/2022\/05\/30BA3423-9D83-4078-A339-BF7105E0F7DF-1024x768.jpg?strip=info&#038;w=1500&#038;ssl=1 1500w,https:\/\/i0.wp.com\/chateaufer.fr\/ferme\/wp-content\/uploads\/2022\/05\/30BA3423-9D83-4078-A339-BF7105E0F7DF-1024x768.jpg?strip=info&#038;w=1800&#038;ssl=1 1800w,https:\/\/i0.wp.com\/chateaufer.fr\/ferme\/wp-content\/uploads\/2022\/05\/30BA3423-9D83-4078-A339-BF7105E0F7DF-1024x768.jpg?strip=info&#038;w=2000&#038;ssl=1 2000w\" alt=\"\" data-height=\"1536\" data-id=\"4550\" data-link=\"https:\/\/chateaufer.fr\/ferme\/lecole-des-fanes\/attachment\/30ba3423-9d83-4078-a339-bf7105e0f7df\/\" data-url=\"https:\/\/chateaufer.fr\/ferme\/wp-content\/uploads\/2022\/05\/30BA3423-9D83-4078-A339-BF7105E0F7DF-1024x768.jpg\" data-width=\"2049\" src=\"https:\/\/i0.wp.com\/chateaufer.fr\/ferme\/wp-content\/uploads\/2022\/05\/30BA3423-9D83-4078-A339-BF7105E0F7DF-1024x768.jpg?ssl=1\" data-amp-layout=\"responsive\" role=\"button\" aria-label=\"Ouvrir l\u2019image 4 sur 5 en plein \u00e9cran\" \/><\/figure><\/div><div class=\"tiled-gallery__col\" style=\"flex-basis:54.33035%\"><figure class=\"tiled-gallery__item\"><img decoding=\"async\" srcset=\"https:\/\/i0.wp.com\/chateaufer.fr\/ferme\/wp-content\/uploads\/2022\/05\/Capture-de%CC%81cran-2022-05-31-a%CC%80-14.37.07-1024x645.png?strip=info&#038;w=600&#038;ssl=1 600w,https:\/\/i0.wp.com\/chateaufer.fr\/ferme\/wp-content\/uploads\/2022\/05\/Capture-de%CC%81cran-2022-05-31-a%CC%80-14.37.07-1024x645.png?strip=info&#038;w=900&#038;ssl=1 900w,https:\/\/i0.wp.com\/chateaufer.fr\/ferme\/wp-content\/uploads\/2022\/05\/Capture-de%CC%81cran-2022-05-31-a%CC%80-14.37.07-1024x645.png?strip=info&#038;w=1200&#038;ssl=1 1200w,https:\/\/i0.wp.com\/chateaufer.fr\/ferme\/wp-content\/uploads\/2022\/05\/Capture-de%CC%81cran-2022-05-31-a%CC%80-14.37.07-1024x645.png?strip=info&#038;w=1264&#038;ssl=1 1264w\" alt=\"\" data-height=\"796\" data-id=\"4551\" data-link=\"https:\/\/chateaufer.fr\/ferme\/lecole-des-fanes\/attachment\/capture-decran-2022-05-31-a-14-37-07\/\" data-url=\"https:\/\/chateaufer.fr\/ferme\/wp-content\/uploads\/2022\/05\/Capture-de\u0301cran-2022-05-31-a\u0300-14.37.07-1024x645.png\" data-width=\"1264\" src=\"https:\/\/i0.wp.com\/chateaufer.fr\/ferme\/wp-content\/uploads\/2022\/05\/Capture-de%CC%81cran-2022-05-31-a%CC%80-14.37.07-1024x645.png?ssl=1\" data-amp-layout=\"responsive\" role=\"button\" aria-label=\"Ouvrir l\u2019image 5 sur 5 en plein \u00e9cran\" \/><\/figure><\/div><\/div><\/div><\/div><\/div>\n\n\n\n<p class=\"wp-block-paragraph\"><\/p>\n\n\n\n<div class=\"wp-block-media-text alignwide is-stacked-on-mobile\"><figure class=\"wp-block-media-text__media\"><img data-recalc-dims=\"1\" height=\"1014\" width=\"800\" decoding=\"async\" src=\"https:\/\/i0.wp.com\/chateaufer.fr\/ferme\/wp-content\/uploads\/2022\/05\/Capture-d%C3%A9cran-2022-05-31-%C3%A0-14.40.45-808x1024.png?resize=800%2C1014&#038;ssl=1\" alt=\"\" class=\"wp-image-4552 size-full\" \/><\/figure><div class=\"wp-block-media-text__content\">\n<p class=\"wp-block-paragraph\"><\/p>\n<\/div><\/div>\n\n\n\n<h2 class=\"wp-block-heading\"> Calendrier des Ateliers 2024<\/h2>\n\n\n\n<p class=\"wp-block-paragraph\">Prochaine date : samedi 20 avril avec Chlo\u00e9 N&rsquo;Guyen, notre cheffe d&rsquo;un jour viendra vous partager ses secrets de fabrication du rouleau de printemps et de la salade vietnamienne, pour mettre un peu d&rsquo;Asie \u00e0 la maison !<\/p>\n\n\n\n<h2 class=\"wp-block-heading\">R\u00e9servez le-v\u00f4tre<\/h2>\n\n\n\n( function() {\n\tvar widgetProduit = AllianceReseaux.Widget.Instance( \u00ab\u00a0Produit\u00a0\u00bb, { idPanier:\u00a0\u00bbU3RSU1M\u00a0\u00bb, idIntegration:646, langue:\u00a0\u00bbfr\u00a0\u00bb, ui:\u00a0\u00bbCA-OPBI-128732-70761&Prime; } );\n\twidgetProduit.Initialise();\n})();\n\n\n<div id=\"widget-produit-CA-OPBI-128732-70761\"><\/div>\n","protected":false},"excerpt":{"rendered":"<p>\u00ab&nbsp;La cuisine saine au c\u0153ur de l\u2019\u00e9cole des Fanes de Ch\u00e2teaufer ! \u00bb Pour faire (re)d\u00e9couvrir les saveurs des nombreux l\u00e9gumes produits ici et la fa\u00e7on de les consommer, la &#8230;<\/p>\n","protected":false},"author":5,"featured_media":0,"parent":0,"menu_order":0,"comment_status":"closed","ping_status":"closed","template":"","meta":{"_crdt_document":"","footnotes":""},"folder":[36],"class_list":["post-4426","page","type-page","status-publish","hentry"],"jetpack_sharing_enabled":true,"_links":{"self":[{"href":"https:\/\/chateaufer.fr\/ferme\/wp-json\/wp\/v2\/pages\/4426","targetHints":{"allow":["GET"]}}],"collection":[{"href":"https:\/\/chateaufer.fr\/ferme\/wp-json\/wp\/v2\/pages"}],"about":[{"href":"https:\/\/chateaufer.fr\/ferme\/wp-json\/wp\/v2\/types\/page"}],"author":[{"embeddable":true,"href":"https:\/\/chateaufer.fr\/ferme\/wp-json\/wp\/v2\/users\/5"}],"replies":[{"embeddable":true,"href":"https:\/\/chateaufer.fr\/ferme\/wp-json\/wp\/v2\/comments?post=4426"}],"version-history":[{"count":54,"href":"https:\/\/chateaufer.fr\/ferme\/wp-json\/wp\/v2\/pages\/4426\/revisions"}],"predecessor-version":[{"id":12934,"href":"https:\/\/chateaufer.fr\/ferme\/wp-json\/wp\/v2\/pages\/4426\/revisions\/12934"}],"wp:attachment":[{"href":"https:\/\/chateaufer.fr\/ferme\/wp-json\/wp\/v2\/media?parent=4426"}],"wp:term":[{"taxonomy":"folder","embeddable":true,"href":"https:\/\/chateaufer.fr\/ferme\/wp-json\/wp\/v2\/folder?post=4426"}],"curies":[{"name":"wp","href":"https:\/\/api.w.org\/{rel}","templated":true}]}}