{"id":3861,"date":"2022-03-04T16:34:15","date_gmt":"2022-03-04T15:34:15","guid":{"rendered":"https:\/\/chateaufer.fr\/ferme\/?page_id=3861"},"modified":"2023-12-12T21:44:08","modified_gmt":"2023-12-12T20:44:08","slug":"on-parle-de-nous","status":"publish","type":"page","link":"https:\/\/chateaufer.fr\/ferme\/on-parle-de-nous\/","title":{"rendered":"ON PARLE DE NOUS"},"content":{"rendered":"\n<h2 class=\"wp-block-heading\" id=\"dans-la-pressevideotheque\">Dans la presse<\/h2>\n\n\n\n<div class=\"wp-block-columns is-layout-flex wp-container-core-columns-is-layout-8f761849 wp-block-columns-is-layout-flex\">\n<div class=\"wp-block-column is-layout-flow wp-block-column-is-layout-flow\" style=\"flex-basis:100%\">\n<figure class=\"wp-block-gallery has-nested-images columns-default is-cropped wp-block-gallery-1 is-layout-flex wp-block-gallery-is-layout-flex\">\n<figure class=\"wp-block-image size-large\"><a href=\"https:\/\/www.lesechos.fr\/thema\/articles\/lagroecologie-veut-etendre-ses-champs-dexploitation-1173628\" target=\"_blank\" rel=\"noopener\"><img data-recalc-dims=\"1\" loading=\"lazy\" decoding=\"async\" width=\"800\" height=\"1005\" data-id=\"3949\" src=\"https:\/\/i0.wp.com\/chateaufer.fr\/ferme\/wp-content\/uploads\/2022\/03\/presse-les-echos-22-02-20.jpeg?resize=800%2C1005&#038;ssl=1\" alt=\"\" class=\"wp-image-3949\" srcset=\"https:\/\/i0.wp.com\/chateaufer.fr\/ferme\/wp-content\/uploads\/2022\/03\/presse-les-echos-22-02-20.jpeg?resize=815%2C1024&amp;ssl=1 815w, https:\/\/i0.wp.com\/chateaufer.fr\/ferme\/wp-content\/uploads\/2022\/03\/presse-les-echos-22-02-20.jpeg?resize=239%2C300&amp;ssl=1 239w, https:\/\/i0.wp.com\/chateaufer.fr\/ferme\/wp-content\/uploads\/2022\/03\/presse-les-echos-22-02-20.jpeg?resize=768%2C965&amp;ssl=1 768w, https:\/\/i0.wp.com\/chateaufer.fr\/ferme\/wp-content\/uploads\/2022\/03\/presse-les-echos-22-02-20.jpeg?resize=300%2C377&amp;ssl=1 300w, https:\/\/i0.wp.com\/chateaufer.fr\/ferme\/wp-content\/uploads\/2022\/03\/presse-les-echos-22-02-20.jpeg?w=1019&amp;ssl=1 1019w\" sizes=\"auto, (max-width: 800px) 100vw, 800px\" \/><\/a><\/figure>\n\n\n\n<figure class=\"wp-block-image size-full\"><a href=\"https:\/\/www.leberry.fr\/bruere-allichamps-18200\/actualites\/cagnotte-en-ligne-une-part-de-culture-a-prendre-a-la-ferme-agroecologique-de-chateau-fer_14039973\/\" target=\"_blank\" rel=\"noopener\"><img data-recalc-dims=\"1\" loading=\"lazy\" decoding=\"async\" width=\"750\" height=\"642\" data-id=\"3950\" src=\"https:\/\/i0.wp.com\/chateaufer.fr\/ferme\/wp-content\/uploads\/2022\/03\/Presse-Berry-4-11-2021.jpeg?resize=750%2C642&#038;ssl=1\" alt=\"\" class=\"wp-image-3950\" srcset=\"https:\/\/i0.wp.com\/chateaufer.fr\/ferme\/wp-content\/uploads\/2022\/03\/Presse-Berry-4-11-2021.jpeg?w=750&amp;ssl=1 750w, https:\/\/i0.wp.com\/chateaufer.fr\/ferme\/wp-content\/uploads\/2022\/03\/Presse-Berry-4-11-2021.jpeg?resize=300%2C257&amp;ssl=1 300w\" sizes=\"auto, (max-width: 750px) 100vw, 750px\" \/><\/a><\/figure>\n<\/figure>\n\n\n\n<figure class=\"wp-block-image size-large is-resized\"><a href=\"https:\/\/www.leberry.fr\/bruere-allichamps-18200\/actualites\/quarante-ecoliers-a-chateaufer-pour-la-semaine-du-gout_14201963\/\"><img data-recalc-dims=\"1\" loading=\"lazy\" decoding=\"async\" width=\"800\" height=\"370\" src=\"https:\/\/i0.wp.com\/chateaufer.fr\/ferme\/wp-content\/uploads\/2022\/10\/Capture-decran-2022-10-21-a-09.18.41.png?resize=800%2C370&#038;ssl=1\" alt=\"\" class=\"wp-image-6279\" srcset=\"https:\/\/i0.wp.com\/chateaufer.fr\/ferme\/wp-content\/uploads\/2022\/10\/Capture-decran-2022-10-21-a-09.18.41.png?resize=1024%2C474&amp;ssl=1 1024w, https:\/\/i0.wp.com\/chateaufer.fr\/ferme\/wp-content\/uploads\/2022\/10\/Capture-decran-2022-10-21-a-09.18.41.png?resize=300%2C139&amp;ssl=1 300w, https:\/\/i0.wp.com\/chateaufer.fr\/ferme\/wp-content\/uploads\/2022\/10\/Capture-decran-2022-10-21-a-09.18.41.png?resize=768%2C356&amp;ssl=1 768w, https:\/\/i0.wp.com\/chateaufer.fr\/ferme\/wp-content\/uploads\/2022\/10\/Capture-decran-2022-10-21-a-09.18.41.png?w=1308&amp;ssl=1 1308w\" sizes=\"auto, (max-width: 800px) 100vw, 800px\" \/><\/a><\/figure>\n<\/div>\n<\/div>\n\n\n\n<h2 class=\"wp-block-heading\" id=\"dans-la-pressevideotheque\">En vid\u00e9o<\/h2>\n\n\n\n<div class=\"wp-block-columns is-layout-flex wp-container-core-columns-is-layout-8f761849 wp-block-columns-is-layout-flex\">\n<div class=\"wp-block-column is-layout-flow wp-block-column-is-layout-flow\">\n<iframe loading=\"lazy\" width=\"560\" height=\"315\" src=\"\/\/embed.francetv.fr\/93844a47e398e0afe2d655c94b454717\" frameborder=\"0\" scrolling=\"no\" allowfullscreen><\/iframe>\n\n\n\n<p class=\"wp-block-paragraph\">Rendez vous \u00e0 la 16\u00e8me minute pour d\u00e9couvrir de tr\u00e8s belles images de ChateauFer, en compagnie de Cyril Hue, avec des Fourmis dans les jambes ! @France 3 Centre val de Loire 19\/11\/2023<\/p>\n\n\n\n<p class=\"wp-block-paragraph\">D&rsquo;autres vid\u00e9os sur notre <a href=\"https:\/\/www.youtube.com\/channel\/UCX3-8d6VXKHP8hxb3xNEDAA\/videos\" data-type=\"URL\" data-id=\"https:\/\/www.youtube.com\/channel\/UCX3-8d6VXKHP8hxb3xNEDAA\/videos\">Cha\u00eene YouTube<\/a> <\/p>\n<\/div>\n<\/div>\n\n\n\n<div class=\"wp-block-columns is-layout-flex wp-container-core-columns-is-layout-8f761849 wp-block-columns-is-layout-flex\">\n<div class=\"wp-block-column is-layout-flow wp-block-column-is-layout-flow\" style=\"flex-basis:50%\">\n<figure class=\"wp-block-embed is-type-video is-provider-youtube wp-block-embed-youtube wp-embed-aspect-16-9 wp-has-aspect-ratio\"><div class=\"wp-block-embed__wrapper\">\n<iframe loading=\"lazy\" title=\"TIERS LIEU  AGRICOLE, MAIS POURQUOI FAIRE ?\" width=\"800\" height=\"450\" src=\"https:\/\/www.youtube.com\/embed\/BVuRoN76x1I?feature=oembed\" frameborder=\"0\" allow=\"accelerometer; autoplay; clipboard-write; encrypted-media; gyroscope; picture-in-picture; web-share\" allowfullscreen><\/iframe>\n<\/div><\/figure>\n<\/div>\n\n\n\n<div class=\"wp-block-column is-layout-flow wp-block-column-is-layout-flow\" style=\"flex-basis:50%\">\n<figure class=\"wp-block-embed is-type-video is-provider-youtube wp-block-embed-youtube wp-embed-aspect-16-9 wp-has-aspect-ratio\"><div class=\"wp-block-embed__wrapper\">\n<iframe loading=\"lazy\" title=\"LA BIODIVERSITE \u00c0 CHATEAU FER\" width=\"800\" height=\"450\" src=\"https:\/\/www.youtube.com\/embed\/gctmgLh-TiQ?feature=oembed\" frameborder=\"0\" allow=\"accelerometer; autoplay; clipboard-write; encrypted-media; gyroscope; picture-in-picture; web-share\" allowfullscreen><\/iframe>\n<\/div><\/figure>\n<\/div>\n<\/div>\n\n\n\n<div class=\"wp-block-columns is-layout-flex wp-container-core-columns-is-layout-8f761849 wp-block-columns-is-layout-flex\">\n<div class=\"wp-block-column is-layout-flow wp-block-column-is-layout-flow\" style=\"flex-basis:50%\">\n<figure class=\"wp-block-embed is-type-video is-provider-youtube wp-block-embed-youtube wp-embed-aspect-16-9 wp-has-aspect-ratio\"><div class=\"wp-block-embed__wrapper\">\n<iframe loading=\"lazy\" title=\"Le MARAICHAGE BIO-INTENSIF \u00c0 CHATEAUFER\" width=\"800\" height=\"450\" src=\"https:\/\/www.youtube.com\/embed\/D3C9NWTfdd4?feature=oembed\" frameborder=\"0\" allow=\"accelerometer; autoplay; clipboard-write; encrypted-media; gyroscope; picture-in-picture; web-share\" allowfullscreen><\/iframe>\n<\/div><\/figure>\n<\/div>\n\n\n\n<div class=\"wp-block-column is-layout-flow wp-block-column-is-layout-flow\" style=\"flex-basis:50%\">\n<figure class=\"wp-block-embed is-type-video is-provider-youtube wp-block-embed-youtube wp-embed-aspect-16-9 wp-has-aspect-ratio\"><div class=\"wp-block-embed__wrapper\">\n<iframe loading=\"lazy\" title=\"L&#039;AGROFORESTERIE A CHATEAUFER\" width=\"800\" height=\"450\" src=\"https:\/\/www.youtube.com\/embed\/H5F46Zn2DPE?feature=oembed\" frameborder=\"0\" allow=\"accelerometer; autoplay; clipboard-write; encrypted-media; gyroscope; picture-in-picture; web-share\" allowfullscreen><\/iframe>\n<\/div><\/figure>\n<\/div>\n<\/div>\n\n\n\n<div class=\"wp-block-columns is-layout-flex wp-container-core-columns-is-layout-8f761849 wp-block-columns-is-layout-flex\">\n<div class=\"wp-block-column is-layout-flow wp-block-column-is-layout-flow\" style=\"flex-basis:100%\">\n<figure class=\"wp-block-embed is-type-video is-provider-youtube wp-block-embed-youtube wp-embed-aspect-16-9 wp-has-aspect-ratio\"><div class=\"wp-block-embed__wrapper\">\n<iframe loading=\"lazy\" title=\"Portes ouvertes de Fermes en fermes 2019 \u00e0 ChateauFer\" width=\"800\" height=\"450\" src=\"https:\/\/www.youtube.com\/embed\/6kqV5kTm5zQ?feature=oembed\" frameborder=\"0\" allow=\"accelerometer; autoplay; clipboard-write; encrypted-media; gyroscope; picture-in-picture; web-share\" allowfullscreen><\/iframe>\n<\/div><\/figure>\n<\/div>\n<\/div>\n\n\n\n<p class=\"wp-block-paragraph\"> <\/p>\n\n\n\n<ul class=\"wp-block-social-links is-layout-flex wp-block-social-links-is-layout-flex\"><\/ul>\n\n\n\n<div class=\"wp-block-columns is-layout-flex wp-container-core-columns-is-layout-8f761849 wp-block-columns-is-layout-flex\">\n<div class=\"wp-block-column is-layout-flow wp-block-column-is-layout-flow\">\n<div class=\"wp-block-buttons is-layout-flex wp-block-buttons-is-layout-flex\"><\/div>\n<\/div>\n<\/div>\n","protected":false},"excerpt":{"rendered":"<p>Dans la presse En vid\u00e9o Rendez vous \u00e0 la 16\u00e8me minute pour d\u00e9couvrir de tr\u00e8s belles images de ChateauFer, en compagnie de Cyril Hue, avec des Fourmis dans les jambes &#8230;<\/p>\n","protected":false},"author":5,"featured_media":0,"parent":0,"menu_order":0,"comment_status":"closed","ping_status":"closed","template":"","meta":{"_crdt_document":"","footnotes":""},"folder":[],"class_list":["post-3861","page","type-page","status-publish","hentry"],"jetpack_sharing_enabled":true,"_links":{"self":[{"href":"https:\/\/chateaufer.fr\/ferme\/wp-json\/wp\/v2\/pages\/3861","targetHints":{"allow":["GET"]}}],"collection":[{"href":"https:\/\/chateaufer.fr\/ferme\/wp-json\/wp\/v2\/pages"}],"about":[{"href":"https:\/\/chateaufer.fr\/ferme\/wp-json\/wp\/v2\/types\/page"}],"author":[{"embeddable":true,"href":"https:\/\/chateaufer.fr\/ferme\/wp-json\/wp\/v2\/users\/5"}],"replies":[{"embeddable":true,"href":"https:\/\/chateaufer.fr\/ferme\/wp-json\/wp\/v2\/comments?post=3861"}],"version-history":[{"count":20,"href":"https:\/\/chateaufer.fr\/ferme\/wp-json\/wp\/v2\/pages\/3861\/revisions"}],"predecessor-version":[{"id":12436,"href":"https:\/\/chateaufer.fr\/ferme\/wp-json\/wp\/v2\/pages\/3861\/revisions\/12436"}],"wp:attachment":[{"href":"https:\/\/chateaufer.fr\/ferme\/wp-json\/wp\/v2\/media?parent=3861"}],"wp:term":[{"taxonomy":"folder","embeddable":true,"href":"https:\/\/chateaufer.fr\/ferme\/wp-json\/wp\/v2\/folder?post=3861"}],"curies":[{"name":"wp","href":"https:\/\/api.w.org\/{rel}","templated":true}]}}