{"id":3663,"date":"2022-03-04T12:28:23","date_gmt":"2022-03-04T11:28:23","guid":{"rendered":"https:\/\/chateaufer.fr\/ferme\/?page_id=3663"},"modified":"2026-01-09T15:44:20","modified_gmt":"2026-01-09T14:44:20","slug":"bienvenue-a-chateaufer","status":"publish","type":"page","link":"https:\/\/chateaufer.fr\/ferme\/bienvenue-a-chateaufer\/","title":{"rendered":"BIENVENUE \u00c0 CH\u00c2TEAUFER"},"content":{"rendered":"\n<h2 class=\"wp-block-heading\" id=\"un-domaine-en-pleine-renaissance\">UN DOMAINE EN PLEINE RENAISSANCE<\/h2>\n\n\n\n<p class=\"has-text-align-left wp-block-paragraph\">Ch\u00e2teauFer est un patrimoine unique ! Nous nous engageons depuis 2016 dans la restauration de la biodiversit\u00e9 du site, le r\u00e9\u00e9quilibrage alimentaire et l\u2019art de vivre en bonne sant\u00e9 dans notre beau territoire. Situ\u00e9 au c\u0153ur de la France, \u00e0 la fronti\u00e8re de la Champagne Berrichonne et du Boischaut, cet ensemble du 17\u1d49 si\u00e8cle est inscrit en totalit\u00e9 aux monuments historiques. Des artisans du patrimoine \u0153uvrent depuis 2005 \u00e0 sa restauration dans les r\u00e8gles de l\u2019art. Tout en servant les enjeux du changement climatique, ils mettent en \u0153uvre les avanc\u00e9es techniques et technologiques du b\u00e2timent.<\/p>\n\n\n\n<div class=\"wp-block-columns is-layout-flex wp-container-core-columns-is-layout-8f761849 wp-block-columns-is-layout-flex\">\n<div class=\"wp-block-column is-layout-flow wp-block-column-is-layout-flow\" style=\"flex-basis:66.66%\">\n<figure class=\"wp-block-image size-large\"><img data-recalc-dims=\"1\" loading=\"lazy\" decoding=\"async\" width=\"800\" height=\"450\" src=\"https:\/\/i0.wp.com\/chateaufer.fr\/ferme\/wp-content\/uploads\/2022\/03\/La-cours-du-chateau-cot-des-curies-edited.jpg?resize=800%2C450&#038;ssl=1\" alt=\"\" class=\"wp-image-3936\" srcset=\"https:\/\/i0.wp.com\/chateaufer.fr\/ferme\/wp-content\/uploads\/2022\/03\/La-cours-du-chateau-cot-des-curies-edited.jpg?w=2048&amp;ssl=1 2048w, https:\/\/i0.wp.com\/chateaufer.fr\/ferme\/wp-content\/uploads\/2022\/03\/La-cours-du-chateau-cot-des-curies-edited.jpg?resize=300%2C169&amp;ssl=1 300w, https:\/\/i0.wp.com\/chateaufer.fr\/ferme\/wp-content\/uploads\/2022\/03\/La-cours-du-chateau-cot-des-curies-edited.jpg?resize=1024%2C576&amp;ssl=1 1024w, https:\/\/i0.wp.com\/chateaufer.fr\/ferme\/wp-content\/uploads\/2022\/03\/La-cours-du-chateau-cot-des-curies-edited.jpg?resize=768%2C432&amp;ssl=1 768w, https:\/\/i0.wp.com\/chateaufer.fr\/ferme\/wp-content\/uploads\/2022\/03\/La-cours-du-chateau-cot-des-curies-edited.jpg?resize=1536%2C863&amp;ssl=1 1536w, https:\/\/i0.wp.com\/chateaufer.fr\/ferme\/wp-content\/uploads\/2022\/03\/La-cours-du-chateau-cot-des-curies-edited.jpg?resize=1320%2C742&amp;ssl=1 1320w, https:\/\/i0.wp.com\/chateaufer.fr\/ferme\/wp-content\/uploads\/2022\/03\/La-cours-du-chateau-cot-des-curies-edited.jpg?w=1600&amp;ssl=1 1600w\" sizes=\"auto, (max-width: 800px) 100vw, 800px\" \/><\/figure>\n<\/div>\n\n\n\n<div class=\"wp-block-column is-layout-flow wp-block-column-is-layout-flow\" style=\"flex-basis:33.33%\">\n<figure class=\"wp-block-image size-large is-resized\"><img data-recalc-dims=\"1\" loading=\"lazy\" decoding=\"async\" width=\"800\" height=\"975\" src=\"https:\/\/i0.wp.com\/chateaufer.fr\/ferme\/wp-content\/uploads\/2022\/03\/L-ANGE-GARDIEN.png?resize=800%2C975&#038;ssl=1\" alt=\"\" class=\"wp-image-3831\" style=\"width:251px;height:306px\" srcset=\"https:\/\/i0.wp.com\/chateaufer.fr\/ferme\/wp-content\/uploads\/2022\/03\/L-ANGE-GARDIEN.png?resize=840%2C1024&amp;ssl=1 840w, https:\/\/i0.wp.com\/chateaufer.fr\/ferme\/wp-content\/uploads\/2022\/03\/L-ANGE-GARDIEN.png?resize=246%2C300&amp;ssl=1 246w, https:\/\/i0.wp.com\/chateaufer.fr\/ferme\/wp-content\/uploads\/2022\/03\/L-ANGE-GARDIEN.png?resize=768%2C936&amp;ssl=1 768w, https:\/\/i0.wp.com\/chateaufer.fr\/ferme\/wp-content\/uploads\/2022\/03\/L-ANGE-GARDIEN.png?resize=300%2C366&amp;ssl=1 300w, https:\/\/i0.wp.com\/chateaufer.fr\/ferme\/wp-content\/uploads\/2022\/03\/L-ANGE-GARDIEN.png?w=1068&amp;ssl=1 1068w\" sizes=\"auto, (max-width: 800px) 100vw, 800px\" \/><\/figure>\n<\/div>\n<\/div>\n\n\n\n<figure class=\"wp-block-image size-large is-resized\"><img data-recalc-dims=\"1\" loading=\"lazy\" decoding=\"async\" width=\"800\" height=\"445\" src=\"https:\/\/i0.wp.com\/chateaufer.fr\/ferme\/wp-content\/uploads\/2022\/03\/DRONE-DE-VUE.png?resize=800%2C445&#038;ssl=1\" alt=\"\" class=\"wp-image-3833\" style=\"width:822px;height:456px\" srcset=\"https:\/\/i0.wp.com\/chateaufer.fr\/ferme\/wp-content\/uploads\/2022\/03\/DRONE-DE-VUE.png?resize=1024%2C570&amp;ssl=1 1024w, https:\/\/i0.wp.com\/chateaufer.fr\/ferme\/wp-content\/uploads\/2022\/03\/DRONE-DE-VUE.png?resize=300%2C167&amp;ssl=1 300w, https:\/\/i0.wp.com\/chateaufer.fr\/ferme\/wp-content\/uploads\/2022\/03\/DRONE-DE-VUE.png?resize=768%2C428&amp;ssl=1 768w, https:\/\/i0.wp.com\/chateaufer.fr\/ferme\/wp-content\/uploads\/2022\/03\/DRONE-DE-VUE.png?w=1282&amp;ssl=1 1282w\" sizes=\"auto, (max-width: 800px) 100vw, 800px\" \/><\/figure>\n\n\n\n<p class=\"wp-block-paragraph\"><\/p>\n\n\n\n<h2 class=\"wp-block-heading\" id=\"mieux-manger-mieux-vivre\">MIEUX MANGER, MIEUX VIVRE<\/h2>\n\n\n\n<p class=\"wp-block-paragraph\">Ch\u00e2teauFer cultive un environnement durable, participe au dynamisme du territoire et restaure ses paysages <strong>gr\u00e2ce \u00e0 l\u2019exploitation agricole qui l\u2019entoure.<\/strong><\/p>\n\n\n\n<p class=\"wp-block-paragraph\">La ferme agro\u00e9cologique emploie aujourd&rsquo;hui 5 salari\u00e9s permanents, une douzaine \u00e0 moyen terme. Elle re\u00e7oit chaque saison le renfort de stagiaires et de saisonniers. Des solutions bas-carbone \u00e0 base d\u2019\u00e9nergie g\u00e9othermique et de v\u00e9hicules \u00e9lectriques sont mises en place. Le domaine de Ch\u00e2teauFer, ce sont aussi des propri\u00e9taires ambitieux pour le territoire et l\u2019\u00e9cologie, vivant depuis 17 ans sur le site, actifs aupr\u00e8s des autres acteurs locaux, en capacit\u00e9 d\u2019apporter leur exp\u00e9rience professionnelle au territoire. Enfin notre ferme ouvre r\u00e9guli\u00e8rement ses portes pour partager notre passion avec vous, visionnez et suivez <a href=\"https:\/\/www.facebook.com\/lafermedechateaufer\" data-type=\"URL\" data-id=\"https:\/\/www.facebook.com\/lafermedechateaufer\">la page FB<\/a> pour d\u00e9couvrir la prochaine date&#8230;<\/p>\n\n\n\n<figure class=\"wp-block-gallery has-nested-images columns-default is-cropped wp-block-gallery-1 is-layout-flex wp-block-gallery-is-layout-flex\">\n<figure class=\"wp-block-image size-medium\"><img data-recalc-dims=\"1\" loading=\"lazy\" decoding=\"async\" width=\"800\" height=\"605\" data-id=\"3671\" src=\"https:\/\/i0.wp.com\/chateaufer.fr\/ferme\/wp-content\/uploads\/2022\/03\/La-little-car.png?resize=800%2C605&#038;ssl=1\" alt=\"\" class=\"wp-image-3671\" srcset=\"https:\/\/i0.wp.com\/chateaufer.fr\/ferme\/wp-content\/uploads\/2022\/03\/La-little-car.png?w=1598&amp;ssl=1 1598w, https:\/\/i0.wp.com\/chateaufer.fr\/ferme\/wp-content\/uploads\/2022\/03\/La-little-car.png?resize=300%2C227&amp;ssl=1 300w, https:\/\/i0.wp.com\/chateaufer.fr\/ferme\/wp-content\/uploads\/2022\/03\/La-little-car.png?resize=1024%2C774&amp;ssl=1 1024w, https:\/\/i0.wp.com\/chateaufer.fr\/ferme\/wp-content\/uploads\/2022\/03\/La-little-car.png?resize=768%2C581&amp;ssl=1 768w, https:\/\/i0.wp.com\/chateaufer.fr\/ferme\/wp-content\/uploads\/2022\/03\/La-little-car.png?resize=1536%2C1161&amp;ssl=1 1536w, https:\/\/i0.wp.com\/chateaufer.fr\/ferme\/wp-content\/uploads\/2022\/03\/La-little-car.png?resize=1320%2C998&amp;ssl=1 1320w\" sizes=\"auto, (max-width: 800px) 100vw, 800px\" \/><\/figure>\n\n\n\n<figure class=\"wp-block-image size-large\"><img data-recalc-dims=\"1\" loading=\"lazy\" decoding=\"async\" width=\"800\" height=\"600\" data-id=\"3942\" src=\"https:\/\/i0.wp.com\/chateaufer.fr\/ferme\/wp-content\/uploads\/2022\/03\/portes-ouvertes.jpg?resize=800%2C600&#038;ssl=1\" alt=\"\" class=\"wp-image-3942\" srcset=\"https:\/\/i0.wp.com\/chateaufer.fr\/ferme\/wp-content\/uploads\/2022\/03\/portes-ouvertes.jpg?resize=1024%2C768&amp;ssl=1 1024w, https:\/\/i0.wp.com\/chateaufer.fr\/ferme\/wp-content\/uploads\/2022\/03\/portes-ouvertes.jpg?resize=300%2C225&amp;ssl=1 300w, https:\/\/i0.wp.com\/chateaufer.fr\/ferme\/wp-content\/uploads\/2022\/03\/portes-ouvertes.jpg?resize=768%2C576&amp;ssl=1 768w, https:\/\/i0.wp.com\/chateaufer.fr\/ferme\/wp-content\/uploads\/2022\/03\/portes-ouvertes.jpg?resize=1536%2C1151&amp;ssl=1 1536w, https:\/\/i0.wp.com\/chateaufer.fr\/ferme\/wp-content\/uploads\/2022\/03\/portes-ouvertes.jpg?resize=1320%2C990&amp;ssl=1 1320w, https:\/\/i0.wp.com\/chateaufer.fr\/ferme\/wp-content\/uploads\/2022\/03\/portes-ouvertes.jpg?w=1600&amp;ssl=1 1600w\" sizes=\"auto, (max-width: 800px) 100vw, 800px\" \/><\/figure>\n<\/figure>\n\n\n\n<h2 class=\"wp-block-heading\" id=\"une-alliance-entre-diversite-et-biodiversite\">UNE ALLIANCE ENTRE DIVERSIT\u00c9 ET BIODIVERSIT\u00c9<\/h2>\n\n\n\n<p class=\"wp-block-paragraph\">Notre objectif aujourd&rsquo;hui est de restaurer une biodiversit\u00e9 capable d&rsquo;affronter le d\u00e9r\u00e8glement climatique, en recr\u00e9ant un \u00e9cosyst\u00e8me autonome, avec des zones naturelles, la plantation d&rsquo;arbres, la diversit\u00e9 de culture. L&rsquo;agroforesterie \u00e0 Ch\u00e2teauFer, c&rsquo;est plus de 10 000 arbres et arbustes plant\u00e9s en 3 ans, 160 esp\u00e8ces d&rsquo;arbres diff\u00e9rentes. Le maraichage n&rsquo;est pas en reste c\u00f4t\u00e9 biodiversit\u00e9, nous comptons 70 vari\u00e9t\u00e9s de fruits et l\u00e9gumes qui poussent sur nos terres. Ici nos productions sont au service de la nutrition, notre motivation est de produire de bons l\u00e9gumes, qui vous font vraiment du bien, charg\u00e9s de petites cellules qui vous aident \u00e0 prot\u00e9ger votre sant\u00e9. Vous apprendre \u00e0 les cuisiner, \u00e0 les appr\u00e9cier, \u00e0 les associer pour d\u00e9multiplier leurs bienfaits, c&rsquo;est notre kif&#8230;<\/p>\n\n\n\n<figure class=\"wp-block-gallery has-nested-images columns-default is-cropped wp-block-gallery-2 is-layout-flex wp-block-gallery-is-layout-flex\">\n<figure class=\"wp-block-image size-large\"><img data-recalc-dims=\"1\" loading=\"lazy\" decoding=\"async\" width=\"768\" height=\"1024\" data-id=\"3667\" src=\"https:\/\/i0.wp.com\/chateaufer.fr\/ferme\/wp-content\/uploads\/2022\/03\/8A44E79D-F1F0-4632-A3EA-16B3BFBDEAFE.jpg?resize=768%2C1024&#038;ssl=1\" alt=\"\" class=\"wp-image-3667\" srcset=\"https:\/\/i0.wp.com\/chateaufer.fr\/ferme\/wp-content\/uploads\/2022\/03\/8A44E79D-F1F0-4632-A3EA-16B3BFBDEAFE.jpg?resize=768%2C1024&amp;ssl=1 768w, https:\/\/i0.wp.com\/chateaufer.fr\/ferme\/wp-content\/uploads\/2022\/03\/8A44E79D-F1F0-4632-A3EA-16B3BFBDEAFE.jpg?resize=225%2C300&amp;ssl=1 225w, https:\/\/i0.wp.com\/chateaufer.fr\/ferme\/wp-content\/uploads\/2022\/03\/8A44E79D-F1F0-4632-A3EA-16B3BFBDEAFE.jpg?resize=1152%2C1536&amp;ssl=1 1152w, https:\/\/i0.wp.com\/chateaufer.fr\/ferme\/wp-content\/uploads\/2022\/03\/8A44E79D-F1F0-4632-A3EA-16B3BFBDEAFE.jpg?resize=1320%2C1760&amp;ssl=1 1320w, https:\/\/i0.wp.com\/chateaufer.fr\/ferme\/wp-content\/uploads\/2022\/03\/8A44E79D-F1F0-4632-A3EA-16B3BFBDEAFE.jpg?resize=300%2C400&amp;ssl=1 300w, https:\/\/i0.wp.com\/chateaufer.fr\/ferme\/wp-content\/uploads\/2022\/03\/8A44E79D-F1F0-4632-A3EA-16B3BFBDEAFE.jpg?w=1536&amp;ssl=1 1536w\" sizes=\"auto, (max-width: 768px) 100vw, 768px\" \/><\/figure>\n\n\n\n<figure class=\"wp-block-image size-large\"><img data-recalc-dims=\"1\" loading=\"lazy\" decoding=\"async\" width=\"768\" height=\"1024\" data-id=\"3665\" src=\"https:\/\/i0.wp.com\/chateaufer.fr\/ferme\/wp-content\/uploads\/2022\/03\/90FFC7FF-3979-466B-92D2-0F0F67914736.jpg?resize=768%2C1024&#038;ssl=1\" alt=\"\" class=\"wp-image-3665\" srcset=\"https:\/\/i0.wp.com\/chateaufer.fr\/ferme\/wp-content\/uploads\/2022\/03\/90FFC7FF-3979-466B-92D2-0F0F67914736.jpg?resize=768%2C1024&amp;ssl=1 768w, https:\/\/i0.wp.com\/chateaufer.fr\/ferme\/wp-content\/uploads\/2022\/03\/90FFC7FF-3979-466B-92D2-0F0F67914736.jpg?resize=225%2C300&amp;ssl=1 225w, https:\/\/i0.wp.com\/chateaufer.fr\/ferme\/wp-content\/uploads\/2022\/03\/90FFC7FF-3979-466B-92D2-0F0F67914736.jpg?resize=1152%2C1536&amp;ssl=1 1152w, https:\/\/i0.wp.com\/chateaufer.fr\/ferme\/wp-content\/uploads\/2022\/03\/90FFC7FF-3979-466B-92D2-0F0F67914736.jpg?resize=1320%2C1760&amp;ssl=1 1320w, https:\/\/i0.wp.com\/chateaufer.fr\/ferme\/wp-content\/uploads\/2022\/03\/90FFC7FF-3979-466B-92D2-0F0F67914736.jpg?resize=300%2C400&amp;ssl=1 300w, https:\/\/i0.wp.com\/chateaufer.fr\/ferme\/wp-content\/uploads\/2022\/03\/90FFC7FF-3979-466B-92D2-0F0F67914736.jpg?w=1536&amp;ssl=1 1536w\" sizes=\"auto, (max-width: 768px) 100vw, 768px\" \/><\/figure>\n\n\n\n<figure class=\"wp-block-image size-large\"><img data-recalc-dims=\"1\" loading=\"lazy\" decoding=\"async\" width=\"800\" height=\"600\" data-id=\"3666\" src=\"https:\/\/i0.wp.com\/chateaufer.fr\/ferme\/wp-content\/uploads\/2022\/03\/48583E6E-16F8-4366-92A2-9A94961000A8.jpg?resize=800%2C600&#038;ssl=1\" alt=\"\" class=\"wp-image-3666\" srcset=\"https:\/\/i0.wp.com\/chateaufer.fr\/ferme\/wp-content\/uploads\/2022\/03\/48583E6E-16F8-4366-92A2-9A94961000A8.jpg?resize=1024%2C768&amp;ssl=1 1024w, https:\/\/i0.wp.com\/chateaufer.fr\/ferme\/wp-content\/uploads\/2022\/03\/48583E6E-16F8-4366-92A2-9A94961000A8.jpg?resize=300%2C225&amp;ssl=1 300w, https:\/\/i0.wp.com\/chateaufer.fr\/ferme\/wp-content\/uploads\/2022\/03\/48583E6E-16F8-4366-92A2-9A94961000A8.jpg?resize=768%2C576&amp;ssl=1 768w, https:\/\/i0.wp.com\/chateaufer.fr\/ferme\/wp-content\/uploads\/2022\/03\/48583E6E-16F8-4366-92A2-9A94961000A8.jpg?resize=1536%2C1152&amp;ssl=1 1536w, https:\/\/i0.wp.com\/chateaufer.fr\/ferme\/wp-content\/uploads\/2022\/03\/48583E6E-16F8-4366-92A2-9A94961000A8.jpg?resize=1320%2C990&amp;ssl=1 1320w, https:\/\/i0.wp.com\/chateaufer.fr\/ferme\/wp-content\/uploads\/2022\/03\/48583E6E-16F8-4366-92A2-9A94961000A8.jpg?w=2048&amp;ssl=1 2048w, https:\/\/i0.wp.com\/chateaufer.fr\/ferme\/wp-content\/uploads\/2022\/03\/48583E6E-16F8-4366-92A2-9A94961000A8.jpg?w=1600&amp;ssl=1 1600w\" sizes=\"auto, (max-width: 800px) 100vw, 800px\" \/><\/figure>\n\n\n\n<figure class=\"wp-block-image size-large\"><img data-recalc-dims=\"1\" loading=\"lazy\" decoding=\"async\" width=\"768\" height=\"1024\" data-id=\"3668\" src=\"https:\/\/i0.wp.com\/chateaufer.fr\/ferme\/wp-content\/uploads\/2022\/03\/CC83DBB1-6508-4A88-BB9F-5493E9783339.jpg?resize=768%2C1024&#038;ssl=1\" alt=\"\" class=\"wp-image-3668\" srcset=\"https:\/\/i0.wp.com\/chateaufer.fr\/ferme\/wp-content\/uploads\/2022\/03\/CC83DBB1-6508-4A88-BB9F-5493E9783339.jpg?resize=768%2C1024&amp;ssl=1 768w, https:\/\/i0.wp.com\/chateaufer.fr\/ferme\/wp-content\/uploads\/2022\/03\/CC83DBB1-6508-4A88-BB9F-5493E9783339.jpg?resize=225%2C300&amp;ssl=1 225w, https:\/\/i0.wp.com\/chateaufer.fr\/ferme\/wp-content\/uploads\/2022\/03\/CC83DBB1-6508-4A88-BB9F-5493E9783339.jpg?resize=1152%2C1536&amp;ssl=1 1152w, https:\/\/i0.wp.com\/chateaufer.fr\/ferme\/wp-content\/uploads\/2022\/03\/CC83DBB1-6508-4A88-BB9F-5493E9783339.jpg?resize=1320%2C1760&amp;ssl=1 1320w, https:\/\/i0.wp.com\/chateaufer.fr\/ferme\/wp-content\/uploads\/2022\/03\/CC83DBB1-6508-4A88-BB9F-5493E9783339.jpg?resize=300%2C400&amp;ssl=1 300w, https:\/\/i0.wp.com\/chateaufer.fr\/ferme\/wp-content\/uploads\/2022\/03\/CC83DBB1-6508-4A88-BB9F-5493E9783339.jpg?w=1537&amp;ssl=1 1537w\" sizes=\"auto, (max-width: 768px) 100vw, 768px\" \/><\/figure>\n<\/figure>\n\n\n\n<p class=\"wp-block-paragraph\">Nous exp\u00e9rimentons chaque jour pour faire face aux changements climatiques, afin d&rsquo;adopter des strat\u00e9gies favorables au climat comme la  r\u00e9duction des gaz \u00e0 effet de serre, les \u00e9conomies d&rsquo;eau  avec la r\u00e9cup\u00e9ration des eaux de pluie ou la micro aspersion pour l&rsquo;irrigation&#8230;<\/p>\n\n\n\n<h2 class=\"wp-block-heading\" id=\"reenchanter-la-cuisine-ou-la-diversite-aussi-dans-les-assiettes\">R\u00c9ENCHANTER LA CUISINE <\/h2>\n\n\n\n<h2 class=\"wp-block-heading\" id=\"reenchanter-la-cuisine-ou-la-diversite-aussi-dans-les-assiettes\">&#8230; ou la diversit\u00e9 aussi dans les assiettes !<\/h2>\n\n\n\n<p class=\"wp-block-paragraph\">Nous avons \u00e0 c\u0153ur de vous r\u00e9concilier avec votre cuisine, pour y passer un tout petit peu plus de temps, pour y mettre plus de bons l\u00e9gumes et surtout vous aider \u00e0 cuisiner et manger plus sainement. C&rsquo;est votre sant\u00e9 \u00e0 long terme qui nous motive !<\/p>\n\n\n\n<p class=\"wp-block-paragraph\">Notre mot d&rsquo;ordre, c&rsquo;est la diversit\u00e9 dans vos assiettes ! Nous vous proposons tout au long de l&rsquo;ann\u00e9e des fruits et l\u00e9gumes connus et moins connus, au gr\u00e9 des saisons, toujours Bio et locaux, dans un rayon de moins de 30 Km. Nous voulons vous guider dans une d\u00e9marche plus \u00e9co-responsable, pour d\u00e9fendre la qualit\u00e9 de vie au sein de notre belle r\u00e9gion berrichonne et pr\u00e9server la biodiversit\u00e9. Les maraichers chaque semaine vous donnent des nouvelles de la vie \u00e0 la ferme, des recettes coup de c\u0153ur et des astuces pour ne rien jeter !<\/p>\n\n\n\n<figure class=\"wp-block-gallery has-nested-images columns-3 is-cropped wp-block-gallery-3 is-layout-flex wp-block-gallery-is-layout-flex\">\n<figure class=\"wp-block-image size-large\"><img data-recalc-dims=\"1\" loading=\"lazy\" decoding=\"async\" width=\"800\" height=\"600\" data-id=\"3937\" src=\"https:\/\/i0.wp.com\/chateaufer.fr\/ferme\/wp-content\/uploads\/2022\/03\/Burger-v-g-de-lentilles-et-pickles-maison.jpeg?resize=800%2C600&#038;ssl=1\" alt=\"\" class=\"wp-image-3937\" srcset=\"https:\/\/i0.wp.com\/chateaufer.fr\/ferme\/wp-content\/uploads\/2022\/03\/Burger-v-g-de-lentilles-et-pickles-maison.jpeg?resize=1024%2C768&amp;ssl=1 1024w, https:\/\/i0.wp.com\/chateaufer.fr\/ferme\/wp-content\/uploads\/2022\/03\/Burger-v-g-de-lentilles-et-pickles-maison.jpeg?resize=300%2C225&amp;ssl=1 300w, https:\/\/i0.wp.com\/chateaufer.fr\/ferme\/wp-content\/uploads\/2022\/03\/Burger-v-g-de-lentilles-et-pickles-maison.jpeg?resize=768%2C576&amp;ssl=1 768w, https:\/\/i0.wp.com\/chateaufer.fr\/ferme\/wp-content\/uploads\/2022\/03\/Burger-v-g-de-lentilles-et-pickles-maison.jpeg?resize=1536%2C1152&amp;ssl=1 1536w, https:\/\/i0.wp.com\/chateaufer.fr\/ferme\/wp-content\/uploads\/2022\/03\/Burger-v-g-de-lentilles-et-pickles-maison.jpeg?resize=1320%2C990&amp;ssl=1 1320w, https:\/\/i0.wp.com\/chateaufer.fr\/ferme\/wp-content\/uploads\/2022\/03\/Burger-v-g-de-lentilles-et-pickles-maison.jpeg?w=1600&amp;ssl=1 1600w\" sizes=\"auto, (max-width: 800px) 100vw, 800px\" \/><\/figure>\n\n\n\n<figure class=\"wp-block-image size-large\"><img data-recalc-dims=\"1\" loading=\"lazy\" decoding=\"async\" width=\"800\" height=\"600\" data-id=\"3698\" src=\"https:\/\/i0.wp.com\/chateaufer.fr\/ferme\/wp-content\/uploads\/2022\/03\/5CC9A501-380C-42A1-B243-097EC9502F0F-1.jpg?resize=800%2C600&#038;ssl=1\" alt=\"\" class=\"wp-image-3698\" srcset=\"https:\/\/i0.wp.com\/chateaufer.fr\/ferme\/wp-content\/uploads\/2022\/03\/5CC9A501-380C-42A1-B243-097EC9502F0F-1.jpg?resize=1024%2C768&amp;ssl=1 1024w, https:\/\/i0.wp.com\/chateaufer.fr\/ferme\/wp-content\/uploads\/2022\/03\/5CC9A501-380C-42A1-B243-097EC9502F0F-1.jpg?resize=300%2C225&amp;ssl=1 300w, https:\/\/i0.wp.com\/chateaufer.fr\/ferme\/wp-content\/uploads\/2022\/03\/5CC9A501-380C-42A1-B243-097EC9502F0F-1.jpg?resize=768%2C576&amp;ssl=1 768w, https:\/\/i0.wp.com\/chateaufer.fr\/ferme\/wp-content\/uploads\/2022\/03\/5CC9A501-380C-42A1-B243-097EC9502F0F-1.jpg?resize=1536%2C1152&amp;ssl=1 1536w, https:\/\/i0.wp.com\/chateaufer.fr\/ferme\/wp-content\/uploads\/2022\/03\/5CC9A501-380C-42A1-B243-097EC9502F0F-1.jpg?resize=1320%2C990&amp;ssl=1 1320w, https:\/\/i0.wp.com\/chateaufer.fr\/ferme\/wp-content\/uploads\/2022\/03\/5CC9A501-380C-42A1-B243-097EC9502F0F-1.jpg?w=1600&amp;ssl=1 1600w\" sizes=\"auto, (max-width: 800px) 100vw, 800px\" \/><\/figure>\n\n\n\n<figure class=\"wp-block-image size-full\"><img data-recalc-dims=\"1\" loading=\"lazy\" decoding=\"async\" width=\"768\" height=\"1024\" data-id=\"3677\" src=\"https:\/\/i0.wp.com\/chateaufer.fr\/ferme\/wp-content\/uploads\/2022\/03\/D8F58D1A-7AB4-4306-8B1B-5FF2EF1E313D-3.jpg?resize=768%2C1024&#038;ssl=1\" alt=\"\" class=\"wp-image-3677\" srcset=\"https:\/\/i0.wp.com\/chateaufer.fr\/ferme\/wp-content\/uploads\/2022\/03\/D8F58D1A-7AB4-4306-8B1B-5FF2EF1E313D-3.jpg?w=768&amp;ssl=1 768w, https:\/\/i0.wp.com\/chateaufer.fr\/ferme\/wp-content\/uploads\/2022\/03\/D8F58D1A-7AB4-4306-8B1B-5FF2EF1E313D-3.jpg?resize=225%2C300&amp;ssl=1 225w, https:\/\/i0.wp.com\/chateaufer.fr\/ferme\/wp-content\/uploads\/2022\/03\/D8F58D1A-7AB4-4306-8B1B-5FF2EF1E313D-3.jpg?resize=300%2C400&amp;ssl=1 300w\" sizes=\"auto, (max-width: 768px) 100vw, 768px\" \/><\/figure>\n<\/figure>\n\n\n\n<h2 class=\"wp-block-heading\" id=\"cette-aventure-vous-inspire\">CETTE AVENTURE VOUS INSPIRE ?<\/h2>\n\n\n\n<p class=\"wp-block-paragraph\">Vous avez plusieurs fa\u00e7ons de nous encourager, vous pouvez vous r\u00e9galer en l\u00e9gumes, venir butiner sur nos diff\u00e9rents march\u00e9s du vendredi et du samedi et nous soutenir avec notre campagne de financement participatif. <\/p>\n\n\n\n<p class=\"wp-block-paragraph\">Pour rejoindre l&rsquo;\u00e9quipe, surveillez notre page recrutement sur les r\u00e9seaux sociaux ou envoyez vos demandes de stage \u00e0 info@chateaufer.fr<\/p>\n\n\n\n<div class=\"wp-block-columns is-layout-flex wp-container-core-columns-is-layout-8f761849 wp-block-columns-is-layout-flex\">\n<div class=\"wp-block-column is-layout-flow wp-block-column-is-layout-flow\" style=\"flex-basis:33.33%\">\n<figure class=\"wp-block-image size-full is-resized\"><a href=\"https:\/\/www.leetchi.com\/c\/les-legumes-bio-de-chateaufer-ont-besoin-de-vous\"><img data-recalc-dims=\"1\" loading=\"lazy\" decoding=\"async\" width=\"800\" height=\"800\" src=\"https:\/\/i0.wp.com\/chateaufer.fr\/ferme\/wp-content\/uploads\/2022\/03\/3-4.png?resize=800%2C800&#038;ssl=1\" alt=\"\" class=\"wp-image-3899\" style=\"width:300px;height:300px\" srcset=\"https:\/\/i0.wp.com\/chateaufer.fr\/ferme\/wp-content\/uploads\/2022\/03\/3-4.png?w=800&amp;ssl=1 800w, https:\/\/i0.wp.com\/chateaufer.fr\/ferme\/wp-content\/uploads\/2022\/03\/3-4.png?resize=300%2C300&amp;ssl=1 300w, https:\/\/i0.wp.com\/chateaufer.fr\/ferme\/wp-content\/uploads\/2022\/03\/3-4.png?resize=150%2C150&amp;ssl=1 150w, https:\/\/i0.wp.com\/chateaufer.fr\/ferme\/wp-content\/uploads\/2022\/03\/3-4.png?resize=768%2C768&amp;ssl=1 768w, https:\/\/i0.wp.com\/chateaufer.fr\/ferme\/wp-content\/uploads\/2022\/03\/3-4.png?resize=100%2C100&amp;ssl=1 100w\" sizes=\"auto, (max-width: 800px) 100vw, 800px\" \/><\/a><\/figure>\n<\/div>\n\n\n\n<div class=\"wp-block-column is-layout-flow wp-block-column-is-layout-flow\" style=\"flex-basis:33.33%\">\n<figure class=\"wp-block-image size-full is-resized\"><a href=\"https:\/\/chateaufer.fr\/ferme\/les-legumes\/\"><img data-recalc-dims=\"1\" loading=\"lazy\" decoding=\"async\" width=\"800\" height=\"800\" src=\"https:\/\/i0.wp.com\/chateaufer.fr\/ferme\/wp-content\/uploads\/2022\/03\/2-4.png?resize=800%2C800&#038;ssl=1\" alt=\"\" class=\"wp-image-3898\" style=\"width:300px;height:300px\" srcset=\"https:\/\/i0.wp.com\/chateaufer.fr\/ferme\/wp-content\/uploads\/2022\/03\/2-4.png?w=800&amp;ssl=1 800w, https:\/\/i0.wp.com\/chateaufer.fr\/ferme\/wp-content\/uploads\/2022\/03\/2-4.png?resize=300%2C300&amp;ssl=1 300w, https:\/\/i0.wp.com\/chateaufer.fr\/ferme\/wp-content\/uploads\/2022\/03\/2-4.png?resize=150%2C150&amp;ssl=1 150w, https:\/\/i0.wp.com\/chateaufer.fr\/ferme\/wp-content\/uploads\/2022\/03\/2-4.png?resize=768%2C768&amp;ssl=1 768w, https:\/\/i0.wp.com\/chateaufer.fr\/ferme\/wp-content\/uploads\/2022\/03\/2-4.png?resize=100%2C100&amp;ssl=1 100w\" sizes=\"auto, (max-width: 800px) 100vw, 800px\" \/><\/a><\/figure>\n<\/div>\n\n\n\n<div class=\"wp-block-column is-layout-flow wp-block-column-is-layout-flow\" style=\"flex-basis:33.33%\">\n<figure class=\"wp-block-image size-full is-resized\"><a href=\"https:\/\/chateaufer.fr\/ferme\/les-marches-de-chateaufer\/\"><img data-recalc-dims=\"1\" loading=\"lazy\" decoding=\"async\" width=\"800\" height=\"800\" src=\"https:\/\/i0.wp.com\/chateaufer.fr\/ferme\/wp-content\/uploads\/2022\/03\/1-5.png?resize=800%2C800&#038;ssl=1\" alt=\"\" class=\"wp-image-3897\" style=\"width:300px;height:300px\" srcset=\"https:\/\/i0.wp.com\/chateaufer.fr\/ferme\/wp-content\/uploads\/2022\/03\/1-5.png?w=800&amp;ssl=1 800w, https:\/\/i0.wp.com\/chateaufer.fr\/ferme\/wp-content\/uploads\/2022\/03\/1-5.png?resize=300%2C300&amp;ssl=1 300w, https:\/\/i0.wp.com\/chateaufer.fr\/ferme\/wp-content\/uploads\/2022\/03\/1-5.png?resize=150%2C150&amp;ssl=1 150w, https:\/\/i0.wp.com\/chateaufer.fr\/ferme\/wp-content\/uploads\/2022\/03\/1-5.png?resize=768%2C768&amp;ssl=1 768w, https:\/\/i0.wp.com\/chateaufer.fr\/ferme\/wp-content\/uploads\/2022\/03\/1-5.png?resize=100%2C100&amp;ssl=1 100w\" sizes=\"auto, (max-width: 800px) 100vw, 800px\" \/><\/a><\/figure>\n<\/div>\n<\/div>\n","protected":false},"excerpt":{"rendered":"<p>UN DOMAINE EN PLEINE RENAISSANCE Ch\u00e2teauFer est un patrimoine unique ! Nous nous engageons depuis 2016 dans la restauration de la biodiversit\u00e9 du site, le r\u00e9\u00e9quilibrage alimentaire et l\u2019art de &#8230;<\/p>\n","protected":false},"author":5,"featured_media":0,"parent":0,"menu_order":0,"comment_status":"closed","ping_status":"closed","template":"","meta":{"_crdt_document":"","footnotes":""},"folder":[],"class_list":["post-3663","page","type-page","status-publish","hentry"],"jetpack_sharing_enabled":true,"_links":{"self":[{"href":"https:\/\/chateaufer.fr\/ferme\/wp-json\/wp\/v2\/pages\/3663","targetHints":{"allow":["GET"]}}],"collection":[{"href":"https:\/\/chateaufer.fr\/ferme\/wp-json\/wp\/v2\/pages"}],"about":[{"href":"https:\/\/chateaufer.fr\/ferme\/wp-json\/wp\/v2\/types\/page"}],"author":[{"embeddable":true,"href":"https:\/\/chateaufer.fr\/ferme\/wp-json\/wp\/v2\/users\/5"}],"replies":[{"embeddable":true,"href":"https:\/\/chateaufer.fr\/ferme\/wp-json\/wp\/v2\/comments?post=3663"}],"version-history":[{"count":36,"href":"https:\/\/chateaufer.fr\/ferme\/wp-json\/wp\/v2\/pages\/3663\/revisions"}],"predecessor-version":[{"id":13150,"href":"https:\/\/chateaufer.fr\/ferme\/wp-json\/wp\/v2\/pages\/3663\/revisions\/13150"}],"wp:attachment":[{"href":"https:\/\/chateaufer.fr\/ferme\/wp-json\/wp\/v2\/media?parent=3663"}],"wp:term":[{"taxonomy":"folder","embeddable":true,"href":"https:\/\/chateaufer.fr\/ferme\/wp-json\/wp\/v2\/folder?post=3663"}],"curies":[{"name":"wp","href":"https:\/\/api.w.org\/{rel}","templated":true}]}}