{"id":3642,"date":"2022-03-04T16:02:53","date_gmt":"2022-03-04T15:02:53","guid":{"rendered":"https:\/\/chateaufer.fr\/ferme\/?page_id=3642"},"modified":"2026-01-09T16:21:11","modified_gmt":"2026-01-09T15:21:11","slug":"les-projets","status":"publish","type":"page","link":"https:\/\/chateaufer.fr\/ferme\/les-projets\/","title":{"rendered":"La biodiversit\u00e9, \u00e7a se cultive !"},"content":{"rendered":"\n<figure class=\"wp-block-image size-full\"><img data-recalc-dims=\"1\" loading=\"lazy\" decoding=\"async\" width=\"800\" height=\"601\" src=\"https:\/\/i0.wp.com\/chateaufer.fr\/ferme\/wp-content\/uploads\/2023\/03\/IMAGE-3-OPEN-BILLET-e1767970063841.jpg?resize=800%2C601&#038;ssl=1\" alt=\"\" class=\"wp-image-7544\" srcset=\"https:\/\/i0.wp.com\/chateaufer.fr\/ferme\/wp-content\/uploads\/2023\/03\/IMAGE-3-OPEN-BILLET-e1767970063841.jpg?w=2153&amp;ssl=1 2153w, https:\/\/i0.wp.com\/chateaufer.fr\/ferme\/wp-content\/uploads\/2023\/03\/IMAGE-3-OPEN-BILLET-e1767970063841.jpg?resize=300%2C225&amp;ssl=1 300w, https:\/\/i0.wp.com\/chateaufer.fr\/ferme\/wp-content\/uploads\/2023\/03\/IMAGE-3-OPEN-BILLET-e1767970063841.jpg?resize=1024%2C769&amp;ssl=1 1024w, https:\/\/i0.wp.com\/chateaufer.fr\/ferme\/wp-content\/uploads\/2023\/03\/IMAGE-3-OPEN-BILLET-e1767970063841.jpg?resize=768%2C577&amp;ssl=1 768w, https:\/\/i0.wp.com\/chateaufer.fr\/ferme\/wp-content\/uploads\/2023\/03\/IMAGE-3-OPEN-BILLET-e1767970063841.jpg?resize=1536%2C1154&amp;ssl=1 1536w, https:\/\/i0.wp.com\/chateaufer.fr\/ferme\/wp-content\/uploads\/2023\/03\/IMAGE-3-OPEN-BILLET-e1767970063841.jpg?resize=2048%2C1538&amp;ssl=1 2048w, https:\/\/i0.wp.com\/chateaufer.fr\/ferme\/wp-content\/uploads\/2023\/03\/IMAGE-3-OPEN-BILLET-e1767970063841.jpg?w=1600&amp;ssl=1 1600w\" sizes=\"auto, (max-width: 800px) 100vw, 800px\" \/><\/figure>\n\n\n\n<figure class=\"wp-block-pullquote\"><blockquote><p><strong>Ch\u00e2teauFer, Ch\u00e2teau et Ferme agro\u00e9cologiques s\u2019est donn\u00e9 pour mission de produire des denr\u00e9es alimentaires de premier ordre&nbsp;pour les habitants de son territoire !&nbsp;<\/strong><\/p><\/blockquote><\/figure>\n\n\n\n<p class=\"wp-block-paragraph\">Sur le plan nutritionnel : sans chimie ni r\u00e9sidus, une tr\u00e8s grande diversit\u00e9 de productions agricoles, fruits, l\u00e9gumes, c\u00e9r\u00e9ales et l\u00e9gumineuses pour l\u2019alimentation humaine et animale, \u0153ufs et demain viandes d\u2019agneau et de porc de grande qualit\u00e9 afin de contribuer fortement au r\u00e9\u00e9quilibrage alimentaire des habitants en proximit\u00e9 de la ferme, plus de l\u00e9gumes, mieux de viande, du champ \u00e0 l\u2019assiette, en vente directe et en circuit tr\u00e8s court,<\/p>\n\n\n\n<p class=\"wp-block-paragraph\">Sur le plan environnemental, restauration de la biodiversit\u00e9 de la faune et de la flore, de la zone humide, mise en place d\u2019un syst\u00e8me agroforestier avec 4000 arbres plant\u00e9s, 6000 arbustes, 160 esp\u00e8ces d\u2019arbres en interculture ou en haies\u2026 pour du beau bois d\u2019\u0153uvre d\u2019origine France et aussi veiller \u00e0 la qualit\u00e9 de nos sols\u2026 L&rsquo;arbre est le gardien de la vie !<\/p>\n\n\n\n<p class=\"wp-block-paragraph\">R\u00e9duction de la consommation d\u2019eau, irrigation vertueuse utilisant des technologies \u00e9prouv\u00e9es en conditions d\u00e9sertiques, retenue et stockage de l\u2019eau de pluie, recyclage des eaux de lavage\u2026 et r\u00e9duction des \u00e9nergies fossiles, r\u00e9duction du plastique, tr\u00e8s faible m\u00e9canisation, usage de v\u00e9hicule \u00e9lectrique, construction en mat\u00e9riaux durables bas-carbone, z\u00e9ro intrant chimiques, m\u00e9thodes de lutte alternatives de biocontr\u00f4le\u2026<\/p>\n\n\n\n<p class=\"wp-block-paragraph\">Dans ce contexte, le domaine m\u00e8ne de front plusieurs investissements d\u2019envergure pour servir le territoire proche, ensemble, nous pouvons changer le monde&nbsp;!&#8230;<\/p>\n\n\n\n<p class=\"has-medium-font-size wp-block-paragraph\"><strong>LA LEGUMERIE ET LA SERRE ADOSS\u00c9E <\/strong><\/p>\n\n\n\n<p class=\"wp-block-paragraph\">La l\u00e9gumerie c&rsquo;est quoi ?<\/p>\n\n\n\n<p class=\"wp-block-paragraph\">Au sortir du champ, les maraichers trient, nettoient, conditionnent et stockent les l\u00e9gumes fra\u00eechement cueillis. Cette nouvelle structure va nous permettre d&rsquo;optimiser leur conservation en respectant les temp\u00e9ratures id\u00e9ales de chaque l\u00e9gume et aussi leurs besoins d&rsquo;humidit\u00e9. Nous pourrons donc les laver dans les baignoires, laveuses ou bulleuses selon leurs natures. Puis avec la mise en place de 3 espaces de stockage d\u00e9di\u00e9s, Ch\u00e2teauFer sera en mesure de veiller au bien-\u00eatre de vos l\u00e9gumes, pour \u00e9viter les stress thermiques qu&rsquo;ils peuvent subir ou la d\u00e9shydratation\u2026 Enfin un petit labo permettra de d\u00e9couper, \u00e9mincer ou r\u00e2per et pr\u00e9parer nos pr\u00e9parations de l\u00e9gumes&#8230;<\/p>\n\n\n\n<figure class=\"wp-block-image size-large\"><img data-recalc-dims=\"1\" loading=\"lazy\" decoding=\"async\" width=\"800\" height=\"407\" src=\"https:\/\/i0.wp.com\/chateaufer.fr\/ferme\/wp-content\/uploads\/2022\/03\/Legumerie-et-serre-adoss-e.png?resize=800%2C407&#038;ssl=1\" alt=\"\" class=\"wp-image-3904\" srcset=\"https:\/\/i0.wp.com\/chateaufer.fr\/ferme\/wp-content\/uploads\/2022\/03\/Legumerie-et-serre-adoss-e.png?resize=1024%2C521&amp;ssl=1 1024w, https:\/\/i0.wp.com\/chateaufer.fr\/ferme\/wp-content\/uploads\/2022\/03\/Legumerie-et-serre-adoss-e.png?resize=300%2C153&amp;ssl=1 300w, https:\/\/i0.wp.com\/chateaufer.fr\/ferme\/wp-content\/uploads\/2022\/03\/Legumerie-et-serre-adoss-e.png?resize=768%2C391&amp;ssl=1 768w, https:\/\/i0.wp.com\/chateaufer.fr\/ferme\/wp-content\/uploads\/2022\/03\/Legumerie-et-serre-adoss-e.png?resize=1536%2C782&amp;ssl=1 1536w, https:\/\/i0.wp.com\/chateaufer.fr\/ferme\/wp-content\/uploads\/2022\/03\/Legumerie-et-serre-adoss-e.png?resize=1320%2C672&amp;ssl=1 1320w, https:\/\/i0.wp.com\/chateaufer.fr\/ferme\/wp-content\/uploads\/2022\/03\/Legumerie-et-serre-adoss-e.png?w=1666&amp;ssl=1 1666w, https:\/\/i0.wp.com\/chateaufer.fr\/ferme\/wp-content\/uploads\/2022\/03\/Legumerie-et-serre-adoss-e.png?w=1600&amp;ssl=1 1600w\" sizes=\"auto, (max-width: 800px) 100vw, 800px\" \/><\/figure>\n\n\n\n<p class=\"wp-block-paragraph\">C\u00f4t\u00e9 p\u00e9pini\u00e8re, une tr\u00e8s belle structure acier et verre abritera la production des semis pour vous garantir toujours une grande originalit\u00e9 de plants.  Nous pourrons mieux assurer notre engagement de vous nourrir sainement tout au long des saisons avec des couleurs et des textures qui changent chaque semaine. <\/p>\n\n\n\n<p class=\"has-black-color has-text-color has-medium-font-size wp-block-paragraph\"><strong>LA PLAN\u00c8TE, ON LA KIFFE ! ALORS, ON LA PROT\u00c8GE&#8230;<\/strong><\/p>\n\n\n\n<p class=\"wp-block-paragraph\">\u00c0 compter de 2023, Ch\u00e2teauFer pourvoira les b\u00e2timents de la ferme et du ch\u00e2teau en chauffage obtenu par g\u00e9othermie sur champs de sonde, une \u00e9nergie durable, sans impact paysager, en mode z\u00e9ro r\u00e9sidu et bas-carbone. La ferme chauffera les tables de culture de la p\u00e9pini\u00e8re, les bureaux et parties communes, la cuisine p\u00e9dagogique et la cantine. La ferme compensera les pr\u00e9l\u00e8vements hivernaux avec la restitution des calories en exc\u00e8s pendant la saison estivale. Ce syst\u00e8me innovant a \u00e9t\u00e9 r\u00e9compens\u00e9 par le premier prix Xavier Belin en 2020. L\u2019objectif de cette innovation est de prolonger la dur\u00e9e de vie du syst\u00e8me g\u00e9othermique en maintenant une temp\u00e9rature du sous-sol stable. En effet, ce dernier a tendance \u00e0 se refroidir de quelques dixi\u00e8mes de degr\u00e9 chaque ann\u00e9e, entamant la performance du syst\u00e8me apr\u00e8s un certain nombre d\u2019ann\u00e9es d\u2019exploitation. Les mat\u00e9riaux aussi chouchoutent l&rsquo;environnement avec le choix de la brique int\u00e9grant directement un isolant ou le bois pour la charpente.<\/p>\n\n\n\n<figure class=\"wp-block-image size-full\"><img data-recalc-dims=\"1\" loading=\"lazy\" decoding=\"async\" width=\"800\" height=\"449\" src=\"https:\/\/i0.wp.com\/chateaufer.fr\/ferme\/wp-content\/uploads\/2022\/03\/les-tables-chauffantes-edited.jpg?resize=800%2C449&#038;ssl=1\" alt=\"\" class=\"wp-image-3964\" srcset=\"https:\/\/i0.wp.com\/chateaufer.fr\/ferme\/wp-content\/uploads\/2022\/03\/les-tables-chauffantes-edited.jpg?w=960&amp;ssl=1 960w, https:\/\/i0.wp.com\/chateaufer.fr\/ferme\/wp-content\/uploads\/2022\/03\/les-tables-chauffantes-edited.jpg?resize=300%2C168&amp;ssl=1 300w, https:\/\/i0.wp.com\/chateaufer.fr\/ferme\/wp-content\/uploads\/2022\/03\/les-tables-chauffantes-edited.jpg?resize=768%2C431&amp;ssl=1 768w\" sizes=\"auto, (max-width: 800px) 100vw, 800px\" \/><\/figure>\n\n\n\n<p class=\"has-black-color has-text-color has-medium-font-size wp-block-paragraph\"><strong><strong>L&rsquo;EAU PR\u00c9CIEUSE<\/strong> <\/strong><\/p>\n\n\n\n<p class=\"wp-block-paragraph\">La ressource en eau se rar\u00e9fie, nous devons \u00eatre \u00e9conomes et respectueux. \u00c0 Ch\u00e2teauFer, nous nous \u00e9vertuons \u00e0 ne pas la gaspiller. L&rsquo;eau d&rsquo;irrigation du maraichage dont nous avons besoin est issue de notre r\u00e9servoir d&rsquo;eaux de pluie. Enfin, nos toitures sont \u00e9quip\u00e9es de collecteurs pour compl\u00e9ter les volumes. Le syst\u00e8me employ\u00e9 privil\u00e9gie la micro aspersion et des gouttes tr\u00e8s petites pour ne donner que ce dont la plante a besoin. <strong>Cette irrigation de pr\u00e9cision permet une \u00e9conomie d&rsquo;eau de 50%<\/strong> ! Les eaux de lavage sont quant \u00e0 elles collect\u00e9es dans un bassin de r\u00e9tention o\u00f9 elles seront filtr\u00e9es naturellement avant de retourner au milieu.<\/p>\n\n\n\n<figure class=\"wp-block-gallery has-nested-images columns-default is-cropped wp-block-gallery-1 is-layout-flex wp-block-gallery-is-layout-flex\">\n<figure class=\"wp-block-image size-medium\"><img data-recalc-dims=\"1\" loading=\"lazy\" decoding=\"async\" width=\"800\" height=\"1067\" data-id=\"3909\" src=\"https:\/\/i0.wp.com\/chateaufer.fr\/ferme\/wp-content\/uploads\/2022\/03\/EC2C7B03-4F55-475C-96D0-C07471A1EF29.jpg?resize=800%2C1067&#038;ssl=1\" alt=\"\" class=\"wp-image-3909\" srcset=\"https:\/\/i0.wp.com\/chateaufer.fr\/ferme\/wp-content\/uploads\/2022\/03\/EC2C7B03-4F55-475C-96D0-C07471A1EF29.jpg?w=1536&amp;ssl=1 1536w, https:\/\/i0.wp.com\/chateaufer.fr\/ferme\/wp-content\/uploads\/2022\/03\/EC2C7B03-4F55-475C-96D0-C07471A1EF29.jpg?resize=225%2C300&amp;ssl=1 225w, https:\/\/i0.wp.com\/chateaufer.fr\/ferme\/wp-content\/uploads\/2022\/03\/EC2C7B03-4F55-475C-96D0-C07471A1EF29.jpg?resize=768%2C1024&amp;ssl=1 768w, https:\/\/i0.wp.com\/chateaufer.fr\/ferme\/wp-content\/uploads\/2022\/03\/EC2C7B03-4F55-475C-96D0-C07471A1EF29.jpg?resize=1152%2C1536&amp;ssl=1 1152w, https:\/\/i0.wp.com\/chateaufer.fr\/ferme\/wp-content\/uploads\/2022\/03\/EC2C7B03-4F55-475C-96D0-C07471A1EF29.jpg?resize=1320%2C1760&amp;ssl=1 1320w, https:\/\/i0.wp.com\/chateaufer.fr\/ferme\/wp-content\/uploads\/2022\/03\/EC2C7B03-4F55-475C-96D0-C07471A1EF29.jpg?resize=300%2C400&amp;ssl=1 300w\" sizes=\"auto, (max-width: 800px) 100vw, 800px\" \/><\/figure>\n\n\n\n<figure class=\"wp-block-image size-large\"><img data-recalc-dims=\"1\" decoding=\"async\" src=\"https:\/\/i0.wp.com\/chateaufer.fr\/ferme\/wp-content\/uploads\/2022\/03\/Le-r-servoir-d-eau-de-pluie.png?w=800&#038;ssl=1\" alt=\"\"\/><\/figure>\n<\/figure>\n\n\n\n<h2 class=\"wp-block-heading\" id=\"la-vie-de-chantier\"><\/h2>\n\n\n\n<h2 class=\"wp-block-heading\" id=\"vos-soutiens-comptent\">VOS SOUTIENS COMPTENT !<\/h2>\n\n\n\n<p class=\"wp-block-paragraph\">Notre production a besoin de vous pour s&rsquo;\u00e9panouir, sans vous, cet engagement n&rsquo;a pas de sens. Vous pouvez rejoindre l&rsquo;aventure l\u00e9gumes de plusieurs mani\u00e8res !<\/p>\n\n\n\n<div class=\"wp-block-columns is-layout-flex wp-container-core-columns-is-layout-8f761849 wp-block-columns-is-layout-flex\">\n<div class=\"wp-block-column is-layout-flow wp-block-column-is-layout-flow\" style=\"flex-basis:33.33%\">\n<figure class=\"wp-block-image size-full is-resized\"><a href=\"https:\/\/www.leetchi.com\/c\/les-legumes-bio-de-chateaufer-ont-besoin-de-vous\"><img data-recalc-dims=\"1\" loading=\"lazy\" decoding=\"async\" width=\"800\" height=\"800\" src=\"https:\/\/i0.wp.com\/chateaufer.fr\/ferme\/wp-content\/uploads\/2022\/03\/3-4.png?resize=800%2C800&#038;ssl=1\" alt=\"\" class=\"wp-image-3899\" style=\"width:300px;height:300px\" srcset=\"https:\/\/i0.wp.com\/chateaufer.fr\/ferme\/wp-content\/uploads\/2022\/03\/3-4.png?w=800&amp;ssl=1 800w, https:\/\/i0.wp.com\/chateaufer.fr\/ferme\/wp-content\/uploads\/2022\/03\/3-4.png?resize=300%2C300&amp;ssl=1 300w, https:\/\/i0.wp.com\/chateaufer.fr\/ferme\/wp-content\/uploads\/2022\/03\/3-4.png?resize=150%2C150&amp;ssl=1 150w, https:\/\/i0.wp.com\/chateaufer.fr\/ferme\/wp-content\/uploads\/2022\/03\/3-4.png?resize=768%2C768&amp;ssl=1 768w, https:\/\/i0.wp.com\/chateaufer.fr\/ferme\/wp-content\/uploads\/2022\/03\/3-4.png?resize=100%2C100&amp;ssl=1 100w\" sizes=\"auto, (max-width: 800px) 100vw, 800px\" \/><\/a><\/figure>\n<\/div>\n\n\n\n<div class=\"wp-block-column is-layout-flow wp-block-column-is-layout-flow\" style=\"flex-basis:33.33%\">\n<figure class=\"wp-block-image size-full is-resized\"><a href=\"https:\/\/commande.chateaufer.fr\/\"><img data-recalc-dims=\"1\" loading=\"lazy\" decoding=\"async\" width=\"800\" height=\"800\" src=\"https:\/\/i0.wp.com\/chateaufer.fr\/ferme\/wp-content\/uploads\/2022\/03\/2-4.png?resize=800%2C800&#038;ssl=1\" alt=\"\" class=\"wp-image-3898\" style=\"width:300px;height:300px\" srcset=\"https:\/\/i0.wp.com\/chateaufer.fr\/ferme\/wp-content\/uploads\/2022\/03\/2-4.png?w=800&amp;ssl=1 800w, https:\/\/i0.wp.com\/chateaufer.fr\/ferme\/wp-content\/uploads\/2022\/03\/2-4.png?resize=300%2C300&amp;ssl=1 300w, https:\/\/i0.wp.com\/chateaufer.fr\/ferme\/wp-content\/uploads\/2022\/03\/2-4.png?resize=150%2C150&amp;ssl=1 150w, https:\/\/i0.wp.com\/chateaufer.fr\/ferme\/wp-content\/uploads\/2022\/03\/2-4.png?resize=768%2C768&amp;ssl=1 768w, https:\/\/i0.wp.com\/chateaufer.fr\/ferme\/wp-content\/uploads\/2022\/03\/2-4.png?resize=100%2C100&amp;ssl=1 100w\" sizes=\"auto, (max-width: 800px) 100vw, 800px\" \/><\/a><\/figure>\n<\/div>\n\n\n\n<div class=\"wp-block-column is-layout-flow wp-block-column-is-layout-flow\" style=\"flex-basis:33.33%\">\n<figure class=\"wp-block-image size-full is-resized\"><a href=\"https:\/\/chateaufer.fr\/ferme\/les-marches-de-chateaufer\/\"><img data-recalc-dims=\"1\" loading=\"lazy\" decoding=\"async\" width=\"800\" height=\"800\" src=\"https:\/\/i0.wp.com\/chateaufer.fr\/ferme\/wp-content\/uploads\/2022\/03\/1-5.png?resize=800%2C800&#038;ssl=1\" alt=\"\" class=\"wp-image-3897\" style=\"width:300px;height:300px\" srcset=\"https:\/\/i0.wp.com\/chateaufer.fr\/ferme\/wp-content\/uploads\/2022\/03\/1-5.png?w=800&amp;ssl=1 800w, https:\/\/i0.wp.com\/chateaufer.fr\/ferme\/wp-content\/uploads\/2022\/03\/1-5.png?resize=300%2C300&amp;ssl=1 300w, https:\/\/i0.wp.com\/chateaufer.fr\/ferme\/wp-content\/uploads\/2022\/03\/1-5.png?resize=150%2C150&amp;ssl=1 150w, https:\/\/i0.wp.com\/chateaufer.fr\/ferme\/wp-content\/uploads\/2022\/03\/1-5.png?resize=768%2C768&amp;ssl=1 768w, https:\/\/i0.wp.com\/chateaufer.fr\/ferme\/wp-content\/uploads\/2022\/03\/1-5.png?resize=100%2C100&amp;ssl=1 100w\" sizes=\"auto, (max-width: 800px) 100vw, 800px\" \/><\/a><\/figure>\n<\/div>\n<\/div>\n","protected":false},"excerpt":{"rendered":"<p>Ch\u00e2teauFer, Ch\u00e2teau et Ferme agro\u00e9cologiques s\u2019est donn\u00e9 pour mission de produire des denr\u00e9es alimentaires de premier ordre&nbsp;pour les habitants de son territoire !&nbsp; Sur le plan nutritionnel : sans chimie &#8230;<\/p>\n","protected":false},"author":5,"featured_media":3644,"parent":0,"menu_order":0,"comment_status":"closed","ping_status":"closed","template":"","meta":{"_crdt_document":"","footnotes":""},"folder":[46],"class_list":["post-3642","page","type-page","status-publish","has-post-thumbnail","hentry"],"jetpack_sharing_enabled":true,"_links":{"self":[{"href":"https:\/\/chateaufer.fr\/ferme\/wp-json\/wp\/v2\/pages\/3642","targetHints":{"allow":["GET"]}}],"collection":[{"href":"https:\/\/chateaufer.fr\/ferme\/wp-json\/wp\/v2\/pages"}],"about":[{"href":"https:\/\/chateaufer.fr\/ferme\/wp-json\/wp\/v2\/types\/page"}],"author":[{"embeddable":true,"href":"https:\/\/chateaufer.fr\/ferme\/wp-json\/wp\/v2\/users\/5"}],"replies":[{"embeddable":true,"href":"https:\/\/chateaufer.fr\/ferme\/wp-json\/wp\/v2\/comments?post=3642"}],"version-history":[{"count":23,"href":"https:\/\/chateaufer.fr\/ferme\/wp-json\/wp\/v2\/pages\/3642\/revisions"}],"predecessor-version":[{"id":13158,"href":"https:\/\/chateaufer.fr\/ferme\/wp-json\/wp\/v2\/pages\/3642\/revisions\/13158"}],"wp:featuredmedia":[{"embeddable":true,"href":"https:\/\/chateaufer.fr\/ferme\/wp-json\/wp\/v2\/media\/3644"}],"wp:attachment":[{"href":"https:\/\/chateaufer.fr\/ferme\/wp-json\/wp\/v2\/media?parent=3642"}],"wp:term":[{"taxonomy":"folder","embeddable":true,"href":"https:\/\/chateaufer.fr\/ferme\/wp-json\/wp\/v2\/folder?post=3642"}],"curies":[{"name":"wp","href":"https:\/\/api.w.org\/{rel}","templated":true}]}}