{"id":2747,"date":"2021-05-14T10:52:14","date_gmt":"2021-05-14T08:52:14","guid":{"rendered":"https:\/\/chateaufer.fr\/ferme\/?page_id=2747"},"modified":"2024-12-19T11:54:50","modified_gmt":"2024-12-19T10:54:50","slug":"les-cuisines","status":"publish","type":"page","link":"https:\/\/chateaufer.fr\/ferme\/les-cuisines\/","title":{"rendered":"LES CUISIN\u00c9S"},"content":{"rendered":"\n<p class=\"wp-block-paragraph\">Des pr\u00e9parations sucr\u00e9es au fil de ce que le champs nous donne \u00e0 exp\u00e9rimenter ! Voyage des sens garanti !<\/p>\n\n\n\n<div class=\"wp-block-jetpack-tiled-gallery aligncenter is-style-circle\"><div class=\"\"><div class=\"tiled-gallery__gallery\"><div class=\"tiled-gallery__row columns-3\"><div class=\"tiled-gallery__col\"><figure class=\"tiled-gallery__item\"><img decoding=\"async\" srcset=\"https:\/\/i0.wp.com\/chateaufer.fr\/ferme\/wp-content\/uploads\/2021\/05\/IMG_9758.jpg?resize=600%2C600&#038;strip=info&#038;ssl=1 600w,https:\/\/i0.wp.com\/chateaufer.fr\/ferme\/wp-content\/uploads\/2021\/05\/IMG_9758.jpg?resize=900%2C900&#038;strip=info&#038;ssl=1 900w,https:\/\/i0.wp.com\/chateaufer.fr\/ferme\/wp-content\/uploads\/2021\/05\/IMG_9758.jpg?resize=1200%2C1200&#038;strip=info&#038;ssl=1 1200w,https:\/\/i0.wp.com\/chateaufer.fr\/ferme\/wp-content\/uploads\/2021\/05\/IMG_9758.jpg?resize=1332%2C1332&#038;strip=info&#038;ssl=1 1332w\" alt=\"\" data-height=\"1513\" data-id=\"2749\" data-link=\"https:\/\/chateaufer.fr\/ferme\/?attachment_id=2749\" data-url=\"https:\/\/chateaufer.fr\/ferme\/wp-content\/uploads\/2021\/05\/IMG_9758.jpg\" data-width=\"1332\" src=\"https:\/\/i0.wp.com\/chateaufer.fr\/ferme\/wp-content\/uploads\/2021\/05\/IMG_9758.jpg?ssl=1&amp;resize=1332%2C1332\" data-amp-layout=\"responsive\" role=\"button\" aria-label=\"Ouvrir l\u2019image 1 sur 3 en plein \u00e9cran\" \/><\/figure><\/div><div class=\"tiled-gallery__col\"><figure class=\"tiled-gallery__item\"><img decoding=\"async\" srcset=\"https:\/\/i2.wp.com\/chateaufer.fr\/ferme\/wp-content\/uploads\/2021\/12\/tomates-vertes-2-768x1024.jpg?resize=600%2C600&#038;strip=info&#038;ssl=1 600w,https:\/\/i2.wp.com\/chateaufer.fr\/ferme\/wp-content\/uploads\/2021\/12\/tomates-vertes-2-768x1024.jpg?resize=900%2C900&#038;strip=info&#038;ssl=1 900w,https:\/\/i2.wp.com\/chateaufer.fr\/ferme\/wp-content\/uploads\/2021\/12\/tomates-vertes-2-768x1024.jpg?resize=1200%2C1200&#038;strip=info&#038;ssl=1 1200w,https:\/\/i2.wp.com\/chateaufer.fr\/ferme\/wp-content\/uploads\/2021\/12\/tomates-vertes-2-768x1024.jpg?resize=1500%2C1500&#038;strip=info&#038;ssl=1 1500w,https:\/\/i2.wp.com\/chateaufer.fr\/ferme\/wp-content\/uploads\/2021\/12\/tomates-vertes-2-768x1024.jpg?resize=1800%2C1800&#038;strip=info&#038;ssl=1 1800w,https:\/\/i2.wp.com\/chateaufer.fr\/ferme\/wp-content\/uploads\/2021\/12\/tomates-vertes-2-768x1024.jpg?resize=1920%2C1920&#038;strip=info&#038;ssl=1 1920w\" alt=\"\" data-height=\"2560\" data-id=\"3015\" data-link=\"https:\/\/chateaufer.fr\/ferme\/les-cuisines\/attachment\/tomates-vertes-2\/\" data-url=\"https:\/\/chateaufer.fr\/ferme\/wp-content\/uploads\/2021\/12\/tomates-vertes-2-768x1024.jpg\" data-width=\"1920\" src=\"https:\/\/i2.wp.com\/chateaufer.fr\/ferme\/wp-content\/uploads\/2021\/12\/tomates-vertes-2-768x1024.jpg?ssl=1&amp;resize=1920%2C1920\" data-amp-layout=\"responsive\" role=\"button\" aria-label=\"Ouvrir l\u2019image 2 sur 3 en plein \u00e9cran\" \/><\/figure><\/div><div class=\"tiled-gallery__col\"><figure class=\"tiled-gallery__item\"><img decoding=\"async\" srcset=\"https:\/\/i0.wp.com\/chateaufer.fr\/ferme\/wp-content\/uploads\/2021\/12\/confiture_fraise-1024x681.jpg?resize=600%2C600&#038;strip=info&#038;ssl=1 600w,https:\/\/i0.wp.com\/chateaufer.fr\/ferme\/wp-content\/uploads\/2021\/12\/confiture_fraise-1024x681.jpg?resize=900%2C900&#038;strip=info&#038;ssl=1 900w,https:\/\/i0.wp.com\/chateaufer.fr\/ferme\/wp-content\/uploads\/2021\/12\/confiture_fraise-1024x681.jpg?resize=1200%2C1200&#038;strip=info&#038;ssl=1 1200w,https:\/\/i0.wp.com\/chateaufer.fr\/ferme\/wp-content\/uploads\/2021\/12\/confiture_fraise-1024x681.jpg?resize=1500%2C1500&#038;strip=info&#038;ssl=1 1500w,https:\/\/i0.wp.com\/chateaufer.fr\/ferme\/wp-content\/uploads\/2021\/12\/confiture_fraise-1024x681.jpg?resize=1702%2C1702&#038;strip=info&#038;ssl=1 1702w\" alt=\"\" data-height=\"1702\" data-id=\"3018\" data-link=\"https:\/\/chateaufer.fr\/ferme\/les-cuisines\/attachment\/confiture_fraise\/\" data-url=\"https:\/\/chateaufer.fr\/ferme\/wp-content\/uploads\/2021\/12\/confiture_fraise-1024x681.jpg\" data-width=\"2560\" src=\"https:\/\/i0.wp.com\/chateaufer.fr\/ferme\/wp-content\/uploads\/2021\/12\/confiture_fraise-1024x681.jpg?ssl=1&amp;resize=1702%2C1702\" data-amp-layout=\"responsive\" role=\"button\" aria-label=\"Ouvrir l\u2019image 3 sur 3 en plein \u00e9cran\" \/><\/figure><\/div><\/div><\/div><\/div><\/div>\n\n\n\n<h2 class=\"wp-block-heading\"><strong>Qu\u2019est-ce que les cuisin\u00e9s ?<\/strong><\/h2>\n\n\n\n<p class=\"wp-block-paragraph\">D\u00e9couvrez les Cuisin\u00e9s de la ferme de Ch\u00e2teauFer, des recettes originales et gourmandes imagin\u00e9es et fabriqu\u00e9es avec les fruits et les l\u00e9gumes qui poussent ici, \u00e0 la ferme de Ch\u00e2teauFer.<\/p>\n\n\n\n<p class=\"wp-block-paragraph\">Produits \u00e0 la ferme, et dans un principe de boucle z\u00e9ro d\u00e9chet, les fruits et l\u00e9gumes utilis\u00e9s sont ceux qui n\u2019ont pas trouv\u00e9 leur place dans un panier abonn\u00e9 ou sur l\u2019\u00e9tale du march\u00e9 fermier.&nbsp;Les recettes 100% Bio privil\u00e9gient une cuisson \u00e0 la Royale. <\/p>\n\n\n\n<p class=\"wp-block-paragraph\">&#8230; 24h d&rsquo;infusion dans un chaudron de sucre, une cuisson lente, des ar\u00f4mes qui invitent au voyage et \u00e0 l&rsquo;\u00e9veil de vos sens&#8230;<\/p>\n\n\n\n<p class=\"wp-block-paragraph\">La gamme se compose de confitures et de chutneys de fruits ou de l\u00e9gumes pour accompagner vos plats tant\u00f4t sucr\u00e9s, tant\u00f4t sal\u00e9s. Qui aurait pens\u00e9 qu\u2019un concombre pouvait se refaire une sant\u00e9 en confiture ?<\/p>\n\n\n\n<h2 class=\"wp-block-heading\"><strong>Conseils de d\u00e9gustation<\/strong><\/h2>\n\n\n\n<p class=\"wp-block-paragraph\">\u00c0 savourer aussi bien en mode sucr\u00e9 sur du pain, une brioche ou des cr\u00eapes qu\u2019en mode sal\u00e9, en accompagnement d\u2019un fromage de ch\u00e8vre ou d\u2019un foie gras.<\/p>\n\n\n\n<p class=\"wp-block-paragraph\">Pour les cuisiniers les plus audacieux, une cuill\u00e8re de nos cuisin\u00e9s transportera votre sauce vers des contr\u00e9es lointaines et relever le plat de notes originales&#8230; <\/p>\n\n\n\n<p class=\"wp-block-paragraph\">Une envie de \ud83c\udf53fraises, c&rsquo;est <a href=\"https:\/\/commande.chateaufer.fr\" data-type=\"link\" data-id=\"https:\/\/commande.chateaufer.fr\">par ici <\/a>que \u00e7a se soigne !<\/p>\n\n\n\n<h2 class=\"wp-block-heading\"><strong>Conseil de conservation<\/strong><\/h2>\n\n\n\n<p class=\"wp-block-paragraph\">\u00c0 conserver au frais et \u00e0 consommer rapidement apr\u00e8s ouverture.&nbsp;<\/p>\n","protected":false},"excerpt":{"rendered":"<p>Des pr\u00e9parations sucr\u00e9es au fil de ce que le champs nous donne \u00e0 exp\u00e9rimenter ! Voyage des sens garanti ! Qu\u2019est-ce que les cuisin\u00e9s ? D\u00e9couvrez les Cuisin\u00e9s de la &#8230;<\/p>\n","protected":false},"author":5,"featured_media":0,"parent":0,"menu_order":0,"comment_status":"closed","ping_status":"closed","template":"","meta":{"_crdt_document":"","footnotes":""},"folder":[],"class_list":["post-2747","page","type-page","status-publish","hentry"],"jetpack_sharing_enabled":true,"_links":{"self":[{"href":"https:\/\/chateaufer.fr\/ferme\/wp-json\/wp\/v2\/pages\/2747","targetHints":{"allow":["GET"]}}],"collection":[{"href":"https:\/\/chateaufer.fr\/ferme\/wp-json\/wp\/v2\/pages"}],"about":[{"href":"https:\/\/chateaufer.fr\/ferme\/wp-json\/wp\/v2\/types\/page"}],"author":[{"embeddable":true,"href":"https:\/\/chateaufer.fr\/ferme\/wp-json\/wp\/v2\/users\/5"}],"replies":[{"embeddable":true,"href":"https:\/\/chateaufer.fr\/ferme\/wp-json\/wp\/v2\/comments?post=2747"}],"version-history":[{"count":10,"href":"https:\/\/chateaufer.fr\/ferme\/wp-json\/wp\/v2\/pages\/2747\/revisions"}],"predecessor-version":[{"id":12881,"href":"https:\/\/chateaufer.fr\/ferme\/wp-json\/wp\/v2\/pages\/2747\/revisions\/12881"}],"wp:attachment":[{"href":"https:\/\/chateaufer.fr\/ferme\/wp-json\/wp\/v2\/media?parent=2747"}],"wp:term":[{"taxonomy":"folder","embeddable":true,"href":"https:\/\/chateaufer.fr\/ferme\/wp-json\/wp\/v2\/folder?post=2747"}],"curies":[{"name":"wp","href":"https:\/\/api.w.org\/{rel}","templated":true}]}}