{"id":2723,"date":"2021-05-14T10:58:01","date_gmt":"2021-05-14T08:58:01","guid":{"rendered":"https:\/\/chateaufer.fr\/ferme\/?page_id=2723"},"modified":"2024-12-19T11:53:54","modified_gmt":"2024-12-19T10:53:54","slug":"les-lactofermentes","status":"publish","type":"page","link":"https:\/\/chateaufer.fr\/ferme\/les-lactofermentes\/","title":{"rendered":"LES LACTOFERMENT\u00c9S"},"content":{"rendered":"\n<div class=\"wp-block-jetpack-tiled-gallery aligncenter is-style-circle\"><div class=\"\"><div class=\"tiled-gallery__gallery\"><div class=\"tiled-gallery__row columns-3\"><div class=\"tiled-gallery__col\"><figure class=\"tiled-gallery__item\"><img decoding=\"async\" srcset=\"https:\/\/i0.wp.com\/chateaufer.fr\/ferme\/wp-content\/uploads\/2021\/05\/IMG_5194-1-scaled.jpg?resize=600%2C600&#038;strip=info&#038;ssl=1 600w,https:\/\/i0.wp.com\/chateaufer.fr\/ferme\/wp-content\/uploads\/2021\/05\/IMG_5194-1-scaled.jpg?resize=900%2C900&#038;strip=info&#038;ssl=1 900w,https:\/\/i0.wp.com\/chateaufer.fr\/ferme\/wp-content\/uploads\/2021\/05\/IMG_5194-1-scaled.jpg?resize=1200%2C1200&#038;strip=info&#038;ssl=1 1200w,https:\/\/i0.wp.com\/chateaufer.fr\/ferme\/wp-content\/uploads\/2021\/05\/IMG_5194-1-scaled.jpg?resize=1500%2C1500&#038;strip=info&#038;ssl=1 1500w,https:\/\/i0.wp.com\/chateaufer.fr\/ferme\/wp-content\/uploads\/2021\/05\/IMG_5194-1-scaled.jpg?resize=1800%2C1800&#038;strip=info&#038;ssl=1 1800w,https:\/\/i0.wp.com\/chateaufer.fr\/ferme\/wp-content\/uploads\/2021\/05\/IMG_5194-1-scaled.jpg?resize=2000%2C2000&#038;strip=info&#038;ssl=1 2000w\" alt=\"\" data-height=\"2560\" data-id=\"2727\" data-link=\"https:\/\/chateaufer.fr\/ferme\/?attachment_id=2727\" data-url=\"https:\/\/chateaufer.fr\/ferme\/wp-content\/uploads\/2021\/05\/IMG_5194-1-scaled.jpg\" data-width=\"2420\" src=\"https:\/\/i0.wp.com\/chateaufer.fr\/ferme\/wp-content\/uploads\/2021\/05\/IMG_5194-1-scaled.jpg?ssl=1&amp;resize=2000%2C2000\" data-amp-layout=\"responsive\" role=\"button\" aria-label=\"Ouvrir l\u2019image 1 sur 3 en plein \u00e9cran\" \/><\/figure><\/div><div class=\"tiled-gallery__col\"><figure class=\"tiled-gallery__item\"><img decoding=\"async\" srcset=\"https:\/\/i2.wp.com\/chateaufer.fr\/ferme\/wp-content\/uploads\/2021\/05\/IMG_8201-scaled.jpg?resize=600%2C600&#038;strip=info&#038;ssl=1 600w,https:\/\/i2.wp.com\/chateaufer.fr\/ferme\/wp-content\/uploads\/2021\/05\/IMG_8201-scaled.jpg?resize=900%2C900&#038;strip=info&#038;ssl=1 900w,https:\/\/i2.wp.com\/chateaufer.fr\/ferme\/wp-content\/uploads\/2021\/05\/IMG_8201-scaled.jpg?resize=1200%2C1200&#038;strip=info&#038;ssl=1 1200w,https:\/\/i2.wp.com\/chateaufer.fr\/ferme\/wp-content\/uploads\/2021\/05\/IMG_8201-scaled.jpg?resize=1500%2C1500&#038;strip=info&#038;ssl=1 1500w,https:\/\/i2.wp.com\/chateaufer.fr\/ferme\/wp-content\/uploads\/2021\/05\/IMG_8201-scaled.jpg?resize=1800%2C1800&#038;strip=info&#038;ssl=1 1800w,https:\/\/i2.wp.com\/chateaufer.fr\/ferme\/wp-content\/uploads\/2021\/05\/IMG_8201-scaled.jpg?resize=1920%2C1920&#038;strip=info&#038;ssl=1 1920w\" alt=\"\" data-height=\"2560\" data-id=\"2729\" data-link=\"https:\/\/chateaufer.fr\/ferme\/?attachment_id=2729\" data-url=\"https:\/\/chateaufer.fr\/ferme\/wp-content\/uploads\/2021\/05\/IMG_8201-scaled.jpg\" data-width=\"1920\" src=\"https:\/\/i2.wp.com\/chateaufer.fr\/ferme\/wp-content\/uploads\/2021\/05\/IMG_8201-scaled.jpg?ssl=1&amp;resize=1920%2C1920\" data-amp-layout=\"responsive\" role=\"button\" aria-label=\"Ouvrir l\u2019image 2 sur 3 en plein \u00e9cran\" \/><\/figure><\/div><div class=\"tiled-gallery__col\"><figure class=\"tiled-gallery__item\"><img decoding=\"async\" srcset=\"https:\/\/i0.wp.com\/chateaufer.fr\/ferme\/wp-content\/uploads\/2021\/05\/IMG_5326-1-scaled.jpg?resize=600%2C600&#038;strip=info&#038;ssl=1 600w,https:\/\/i0.wp.com\/chateaufer.fr\/ferme\/wp-content\/uploads\/2021\/05\/IMG_5326-1-scaled.jpg?resize=900%2C900&#038;strip=info&#038;ssl=1 900w,https:\/\/i0.wp.com\/chateaufer.fr\/ferme\/wp-content\/uploads\/2021\/05\/IMG_5326-1-scaled.jpg?resize=1200%2C1200&#038;strip=info&#038;ssl=1 1200w,https:\/\/i0.wp.com\/chateaufer.fr\/ferme\/wp-content\/uploads\/2021\/05\/IMG_5326-1-scaled.jpg?resize=1500%2C1500&#038;strip=info&#038;ssl=1 1500w,https:\/\/i0.wp.com\/chateaufer.fr\/ferme\/wp-content\/uploads\/2021\/05\/IMG_5326-1-scaled.jpg?resize=1676%2C1676&#038;strip=info&#038;ssl=1 1676w\" alt=\"\" data-height=\"1676\" data-id=\"2740\" data-link=\"https:\/\/chateaufer.fr\/ferme\/?attachment_id=2740\" data-url=\"https:\/\/chateaufer.fr\/ferme\/wp-content\/uploads\/2021\/05\/IMG_5326-1-scaled.jpg\" data-width=\"2560\" src=\"https:\/\/i0.wp.com\/chateaufer.fr\/ferme\/wp-content\/uploads\/2021\/05\/IMG_5326-1-scaled.jpg?ssl=1&amp;resize=1676%2C1676\" data-amp-layout=\"responsive\" role=\"button\" aria-label=\"Ouvrir l\u2019image 3 sur 3 en plein \u00e9cran\" \/><\/figure><\/div><\/div><\/div><\/div><\/div>\n\n\n\n<h2 class=\"wp-block-heading\" id=\"qu-est-ce-que-la-lactofermentation\"><strong>Qu\u2019est-ce que la lactofermentation ?<\/strong><\/h2>\n\n\n\n<p class=\"wp-block-paragraph\">C\u2019est l\u2019un des proc\u00e9d\u00e9s les plus anciens et les plus sains pour conserver les aliments.&nbsp;Les l\u00e9gumes surs, c&rsquo;est s\u00fbr et c&rsquo;est bon pour la sant\u00e9 !<\/p>\n\n\n\n<p class=\"wp-block-paragraph\">Cette m\u00e9thode vieille de plusieurs milliers d&rsquo;ann\u00e9es est \u00e9galement int\u00e9ressante pour la sant\u00e9 de votre organisme. Gr\u00e2ce \u00e0 l&rsquo;action de bonnes bact\u00e9ries, de levures et d&rsquo;enzymes, les aliments conservent non seulement tous leurs bienfaits et s&rsquo;enrichissent de vertueuses probiotiques, les alli\u00e9s indispensables de votre deuxi\u00e8me cerveau. Il existe de nombreuses formes de fermentation, que ce soit des fruits, des l\u00e9gumes, des l\u00e9gumineuses ou encore des laitages, il existe des recettes pour tous les go\u00fbts. <\/p>\n\n\n\n<h2 class=\"wp-block-heading\" id=\"la-chateau-fermentation\"><strong>La Ch\u00e2teau FerMENTATION<\/strong><\/h2>\n\n\n\n<p class=\"wp-block-paragraph\">\u00c0 Ch\u00e2teauFer, nous fermentons des l\u00e9gumes issus de notre exploitation mara\u00eech\u00e8re, sans aucune pasteurisation ni st\u00e9rilisation. L\u00e9gumes en simple saumure ou recettes gourmandes, nous laissons libre cours \u00e0 nos envies et notre imagination au gr\u00e9 des r\u00e9coltes et des surplus.\u00a0<\/p>\n\n\n\n<p class=\"wp-block-paragraph\">Dans un principe de boucle z\u00e9ro d\u00e9chet, les l\u00e9gumes utilis\u00e9s pour la lactofermentation sont ceux qui n\u2019ont pas trouv\u00e9 leur place dans un panier abonn\u00e9 ou sur l\u2019\u00e9tale du march\u00e9 fermier.\u00a0<\/p>\n\n\n\n<p class=\"wp-block-paragraph\">Il y a plusieurs m\u00e9thodes. Pour nous, il s\u2019agit principalement d&rsquo;additionner du sel non raffin\u00e9 \u00e0 nos l\u00e9gumes, de laisser l&rsquo;eau pr\u00e9sente dans les l\u00e9gumes s&rsquo;extraire naturellement, d&rsquo;en remplir les bocaux  et parfois d&rsquo;y ajouter quelques \u00e9pices ou aromates. Nous laissons ensuite le temps se charger de la fermentation (minimum 1 semaine pour la premi\u00e8re fermentation, puis 2 \u00e0 3 semaines pour la seconde).<\/p>\n\n\n\n<p class=\"wp-block-paragraph\">Si vous souhaitez en savoir plus, rendez-vous sur le site de Marie-Claire Fr\u00e9d\u00e9ric, notre ma\u00eetre lactofermentation. Vous y trouverez de nombreuses recettes !\u00a0<a href=\"https:\/\/nicrunicuit.com\/\" target=\"_blank\" rel=\"noreferrer noopener\">https:\/\/nicrunicuit.com\/<\/a><\/p>\n\n\n\n<h2 class=\"wp-block-heading\" id=\"conseils-de-degustation\"><strong>Conseils de d\u00e9gustation<\/strong><\/h2>\n\n\n\n<p class=\"wp-block-paragraph\">\u00c0 consommer fa\u00e7on pickles pour partager \u00e0 l\u2019ap\u00e9ritif, ou bien en accompagnement de vos plats froids ou chauds. Vous serez agr\u00e9ablement surpris par la douceur du go\u00fbt contrairement aux aliments vinaigr\u00e9s que l\u2019on trouve habituellement dans les conserves du commerce.&nbsp;Notre astuce du moment : les l\u00e9gumes lactoferment\u00e9s font des merveilles dans un hamburger ou un club sandwich.<\/p>\n\n\n\n<p class=\"wp-block-paragraph\">Le Ketchup lactoferment\u00e9 est attendu fermement \u00e0 chaque fin de saison de la tomate par nos abonn\u00e9s les plus gourmands. R\u00e9servez le v\u00f4tre&#8230;<\/p>\n\n\n\n<p class=\"wp-block-paragraph\">Leurs bienfaits sur votre microbiote intestinal vous rendront vite accro !!! En cas de manque, si vous habitez le Cher, visitez notre <a href=\"https:\/\/commande.chateaufer.fr\" data-type=\"page\" data-id=\"1182\">boutique en ligne<\/a>&#8230;<\/p>\n\n\n\n<h2 class=\"wp-block-heading\" id=\"conseil-de-conservation\"><strong>Conseil de conservation<\/strong><\/h2>\n\n\n\n<p class=\"wp-block-paragraph\">Si votre bocal n\u2019a pas \u00e9t\u00e9 ouvert, il se conserve \u00e0 temp\u00e9rature ambiante pendant plusieurs ann\u00e9es.\u00a0<\/p>\n\n\n\n<p class=\"wp-block-paragraph\">Une fois le bocal ouvert, il doit absolument \u00eatre plac\u00e9 au r\u00e9frig\u00e9rateur, o\u00f9 il peut \u00e9galement \u00eatre conserv\u00e9 plusieurs ann\u00e9es.\u00a0<\/p>\n\n\n\n<p class=\"wp-block-paragraph\">Une r\u00e8gle de base est de pr\u00e9lever la quantit\u00e9 souhait\u00e9e en gourmet, avec un couvert bien propre. Si vous avez bien respect\u00e9 ces r\u00e8gles, votre bocal vous r\u00e9galera encore longtemps.&nbsp;Si vous avez eu les yeux plus gros que le ventre, pas de panique. Il vous suffit <strong>de ne pas remettre la portion non consomm\u00e9e dans le bocal <\/strong>et de la d\u00e9guster rapidement. &nbsp;<\/p>\n\n\n\n<p class=\"wp-block-paragraph\">La fermentation va se poursuivre doucement, le go\u00fbt est encore amen\u00e9 \u00e0 \u00e9voluer et s\u2019affirmer. Un biofilm de levure sans danger pour la sant\u00e9 peut parfois se constituer \u00e0 la surface du pot (l\u00e9ger voile blanc). <\/p>\n","protected":false},"excerpt":{"rendered":"<p>Qu\u2019est-ce que la lactofermentation ? C\u2019est l\u2019un des proc\u00e9d\u00e9s les plus anciens et les plus sains pour conserver les aliments.&nbsp;Les l\u00e9gumes surs, c&rsquo;est s\u00fbr et c&rsquo;est bon pour la sant\u00e9 &#8230;<\/p>\n","protected":false},"author":5,"featured_media":0,"parent":0,"menu_order":0,"comment_status":"closed","ping_status":"closed","template":"","meta":{"_crdt_document":"","footnotes":""},"folder":[],"class_list":["post-2723","page","type-page","status-publish","hentry"],"jetpack_sharing_enabled":true,"_links":{"self":[{"href":"https:\/\/chateaufer.fr\/ferme\/wp-json\/wp\/v2\/pages\/2723","targetHints":{"allow":["GET"]}}],"collection":[{"href":"https:\/\/chateaufer.fr\/ferme\/wp-json\/wp\/v2\/pages"}],"about":[{"href":"https:\/\/chateaufer.fr\/ferme\/wp-json\/wp\/v2\/types\/page"}],"author":[{"embeddable":true,"href":"https:\/\/chateaufer.fr\/ferme\/wp-json\/wp\/v2\/users\/5"}],"replies":[{"embeddable":true,"href":"https:\/\/chateaufer.fr\/ferme\/wp-json\/wp\/v2\/comments?post=2723"}],"version-history":[{"count":9,"href":"https:\/\/chateaufer.fr\/ferme\/wp-json\/wp\/v2\/pages\/2723\/revisions"}],"predecessor-version":[{"id":12880,"href":"https:\/\/chateaufer.fr\/ferme\/wp-json\/wp\/v2\/pages\/2723\/revisions\/12880"}],"wp:attachment":[{"href":"https:\/\/chateaufer.fr\/ferme\/wp-json\/wp\/v2\/media?parent=2723"}],"wp:term":[{"taxonomy":"folder","embeddable":true,"href":"https:\/\/chateaufer.fr\/ferme\/wp-json\/wp\/v2\/folder?post=2723"}],"curies":[{"name":"wp","href":"https:\/\/api.w.org\/{rel}","templated":true}]}}