{"id":1656,"date":"2021-04-12T01:15:42","date_gmt":"2021-04-11T23:15:42","guid":{"rendered":"https:\/\/chateaufer.fr\/ferme\/?page_id=1656"},"modified":"2021-04-12T01:15:42","modified_gmt":"2021-04-11T23:15:42","slug":"une-saison-aux-jardins","status":"publish","type":"page","link":"https:\/\/chateaufer.fr\/ferme\/une-saison-aux-jardins\/","title":{"rendered":"Une saison aux jardins"},"content":{"rendered":"\n<p class=\"wp-block-paragraph\">Les espaces qui jouxtent les b\u00e2timents de la cours vous proposent de nombreuses activit\u00e9s en pleine nature&nbsp;:<\/p>\n\n\n\n<p class=\"wp-block-paragraph\">observation de la faune et de la flore, partez sur une demi journ\u00e9e \u00e0 la d\u00e9couverte de notre exceptionnelle collection de ch\u00eanes du monde entier, des d\u00e9serts de la Californie aux essences japonaises en passant par les ch\u00eanes de M\u00e9diterran\u00e9e\u2026<\/p>\n\n\n\n<p class=\"wp-block-paragraph\">La cueillette d\u2019herbes sauvages, r\u00e9colte de fleurs, de miel ou de plantes aromatiques, le domaine regorge de tr\u00e9sors de la nature \u00e0 gouter ou \u00e0 observer<\/p>\n\n\n\n<p class=\"wp-block-paragraph\">Avec l\u2019\u00e9clairage d\u2019un guide exp\u00e9riment\u00e9 qui vous accompagnera pendant votre visite pour repartir d\u2019ici charger de bonnes pratiques et de souvenirs biodiversifi\u00e9s\u2026<\/p>\n\n\n\n<p class=\"wp-block-paragraph\">Et plein d\u2019autre chose, il vous suffit de nous demander quoi ch\u00e2teaufaire\u00a0en ce moment\u00a0?<\/p>\n\n\n\n<div class=\"tiled-gallery type-rectangular tiled-gallery-unresized\" data-original-width=\"800\" data-carousel-extra='null' itemscope itemtype=\"http:\/\/schema.org\/ImageGallery\" > <div class=\"gallery-row\" style=\"width: 800px; height: 301px;\" data-original-width=\"800\" data-original-height=\"301\" > <div class=\"gallery-group images-1\" style=\"width: 400px; height: 301px;\" data-original-width=\"400\" data-original-height=\"301\" > <div class=\"tiled-gallery-item tiled-gallery-item-large\" itemprop=\"associatedMedia\" itemscope itemtype=\"http:\/\/schema.org\/ImageObject\"> <a href=\"https:\/\/chateaufer.fr\/ferme\/une-saison-aux-jardins\/attachment\/chateau-faire-domaine-une-saison-aux-jardins\/\" border=\"0\" itemprop=\"url\"> <meta itemprop=\"width\" content=\"396\"> <meta itemprop=\"height\" content=\"297\"> <img decoding=\"async\" class=\"\" data-attachment-id=\"1657\" data-orig-file=\"https:\/\/chateaufer.fr\/ferme\/wp-content\/uploads\/2021\/04\/chateau-faire-domaine-une-saison-aux-jardins.jpg\" data-orig-size=\"1024,768\" data-comments-opened=\"1\" data-image-meta=\"{&quot;aperture&quot;:&quot;0&quot;,&quot;credit&quot;:&quot;&quot;,&quot;camera&quot;:&quot;&quot;,&quot;caption&quot;:&quot;&quot;,&quot;created_timestamp&quot;:&quot;0&quot;,&quot;copyright&quot;:&quot;&quot;,&quot;focal_length&quot;:&quot;0&quot;,&quot;iso&quot;:&quot;0&quot;,&quot;shutter_speed&quot;:&quot;0&quot;,&quot;title&quot;:&quot;&quot;,&quot;orientation&quot;:&quot;0&quot;}\" data-image-title=\"chateau-faire-domaine-une-saison-aux-jardins\" data-image-description=\"\" data-medium-file=\"https:\/\/i0.wp.com\/chateaufer.fr\/ferme\/wp-content\/uploads\/2021\/04\/chateau-faire-domaine-une-saison-aux-jardins.jpg?fit=300%2C225&#038;ssl=1\" data-large-file=\"https:\/\/i0.wp.com\/chateaufer.fr\/ferme\/wp-content\/uploads\/2021\/04\/chateau-faire-domaine-une-saison-aux-jardins.jpg?fit=800%2C600&#038;ssl=1\" src=\"https:\/\/i0.wp.com\/chateaufer.fr\/ferme\/wp-content\/uploads\/2021\/04\/chateau-faire-domaine-une-saison-aux-jardins.jpg?w=396&#038;h=297&#038;ssl=1\" srcset=\"https:\/\/i0.wp.com\/chateaufer.fr\/ferme\/wp-content\/uploads\/2021\/04\/chateau-faire-domaine-une-saison-aux-jardins.jpg?w=1024&amp;ssl=1 1024w, https:\/\/i0.wp.com\/chateaufer.fr\/ferme\/wp-content\/uploads\/2021\/04\/chateau-faire-domaine-une-saison-aux-jardins.jpg?resize=300%2C225&amp;ssl=1 300w, https:\/\/i0.wp.com\/chateaufer.fr\/ferme\/wp-content\/uploads\/2021\/04\/chateau-faire-domaine-une-saison-aux-jardins.jpg?resize=768%2C576&amp;ssl=1 768w\" width=\"396\" height=\"297\" loading=\"lazy\" data-original-width=\"396\" data-original-height=\"297\" itemprop=\"http:\/\/schema.org\/image\" title=\"chateau-faire-domaine-une-saison-aux-jardins\" alt=\"chateau-faire-domaine-une-saison-aux-jardins\" style=\"width: 396px; height: 297px;\" \/> <\/a> <\/div> <\/div> <!-- close group --> <div class=\"gallery-group images-1\" style=\"width: 400px; height: 301px;\" data-original-width=\"400\" data-original-height=\"301\" > <div class=\"tiled-gallery-item tiled-gallery-item-large\" itemprop=\"associatedMedia\" itemscope itemtype=\"http:\/\/schema.org\/ImageObject\"> <a href=\"https:\/\/chateaufer.fr\/ferme\/une-saison-aux-jardins\/attachment\/chateau-fer-ferme-berry-3-1024x768-1\/\" border=\"0\" itemprop=\"url\"> <meta itemprop=\"width\" content=\"396\"> <meta itemprop=\"height\" content=\"297\"> <img decoding=\"async\" class=\"\" data-attachment-id=\"1658\" data-orig-file=\"https:\/\/chateaufer.fr\/ferme\/wp-content\/uploads\/2021\/04\/chateau-fer-ferme-berry-3-1024x768-1.jpg\" data-orig-size=\"1024,768\" data-comments-opened=\"1\" data-image-meta=\"{&quot;aperture&quot;:&quot;0&quot;,&quot;credit&quot;:&quot;&quot;,&quot;camera&quot;:&quot;&quot;,&quot;caption&quot;:&quot;&quot;,&quot;created_timestamp&quot;:&quot;0&quot;,&quot;copyright&quot;:&quot;&quot;,&quot;focal_length&quot;:&quot;0&quot;,&quot;iso&quot;:&quot;0&quot;,&quot;shutter_speed&quot;:&quot;0&quot;,&quot;title&quot;:&quot;&quot;,&quot;orientation&quot;:&quot;0&quot;}\" data-image-title=\"chateau-fer-ferme-berry-3-1024&amp;#215;768-1\" data-image-description=\"\" data-medium-file=\"https:\/\/i0.wp.com\/chateaufer.fr\/ferme\/wp-content\/uploads\/2021\/04\/chateau-fer-ferme-berry-3-1024x768-1.jpg?fit=300%2C225&#038;ssl=1\" data-large-file=\"https:\/\/i0.wp.com\/chateaufer.fr\/ferme\/wp-content\/uploads\/2021\/04\/chateau-fer-ferme-berry-3-1024x768-1.jpg?fit=800%2C600&#038;ssl=1\" src=\"https:\/\/i0.wp.com\/chateaufer.fr\/ferme\/wp-content\/uploads\/2021\/04\/chateau-fer-ferme-berry-3-1024x768-1.jpg?w=396&#038;h=297&#038;ssl=1\" srcset=\"https:\/\/i0.wp.com\/chateaufer.fr\/ferme\/wp-content\/uploads\/2021\/04\/chateau-fer-ferme-berry-3-1024x768-1.jpg?w=1024&amp;ssl=1 1024w, https:\/\/i0.wp.com\/chateaufer.fr\/ferme\/wp-content\/uploads\/2021\/04\/chateau-fer-ferme-berry-3-1024x768-1.jpg?resize=300%2C225&amp;ssl=1 300w, https:\/\/i0.wp.com\/chateaufer.fr\/ferme\/wp-content\/uploads\/2021\/04\/chateau-fer-ferme-berry-3-1024x768-1.jpg?resize=768%2C576&amp;ssl=1 768w\" width=\"396\" height=\"297\" loading=\"lazy\" data-original-width=\"396\" data-original-height=\"297\" itemprop=\"http:\/\/schema.org\/image\" title=\"chateau-fer-ferme-berry-3-1024x768-1\" alt=\"chateau-fer-ferme-berry-3-1024x768-1\" style=\"width: 396px; height: 297px;\" \/> <\/a> <\/div> <\/div> <!-- close group --> <\/div> <!-- close row --> <\/div>\n","protected":false},"excerpt":{"rendered":"<p>Les espaces qui jouxtent les b\u00e2timents de la cours vous proposent de nombreuses activit\u00e9s en pleine nature&nbsp;: observation de la faune et de la flore, partez sur une demi journ\u00e9e &#8230;<\/p>\n","protected":false},"author":1,"featured_media":0,"parent":0,"menu_order":0,"comment_status":"closed","ping_status":"closed","template":"","meta":{"_crdt_document":"","footnotes":""},"folder":[36],"class_list":["post-1656","page","type-page","status-publish","hentry"],"jetpack_sharing_enabled":true,"_links":{"self":[{"href":"https:\/\/chateaufer.fr\/ferme\/wp-json\/wp\/v2\/pages\/1656","targetHints":{"allow":["GET"]}}],"collection":[{"href":"https:\/\/chateaufer.fr\/ferme\/wp-json\/wp\/v2\/pages"}],"about":[{"href":"https:\/\/chateaufer.fr\/ferme\/wp-json\/wp\/v2\/types\/page"}],"author":[{"embeddable":true,"href":"https:\/\/chateaufer.fr\/ferme\/wp-json\/wp\/v2\/users\/1"}],"replies":[{"embeddable":true,"href":"https:\/\/chateaufer.fr\/ferme\/wp-json\/wp\/v2\/comments?post=1656"}],"version-history":[{"count":1,"href":"https:\/\/chateaufer.fr\/ferme\/wp-json\/wp\/v2\/pages\/1656\/revisions"}],"predecessor-version":[{"id":1659,"href":"https:\/\/chateaufer.fr\/ferme\/wp-json\/wp\/v2\/pages\/1656\/revisions\/1659"}],"wp:attachment":[{"href":"https:\/\/chateaufer.fr\/ferme\/wp-json\/wp\/v2\/media?parent=1656"}],"wp:term":[{"taxonomy":"folder","embeddable":true,"href":"https:\/\/chateaufer.fr\/ferme\/wp-json\/wp\/v2\/folder?post=1656"}],"curies":[{"name":"wp","href":"https:\/\/api.w.org\/{rel}","templated":true}]}}