{"id":1648,"date":"2021-04-12T01:14:04","date_gmt":"2021-04-11T23:14:04","guid":{"rendered":"https:\/\/chateaufer.fr\/ferme\/?page_id=1648"},"modified":"2024-12-19T12:12:51","modified_gmt":"2024-12-19T11:12:51","slug":"le-grand-commun-de-chateau-fer","status":"publish","type":"page","link":"https:\/\/chateaufer.fr\/ferme\/le-grand-commun-de-chateau-fer\/","title":{"rendered":"Le grand commun de Ch\u00e2teauFer"},"content":{"rendered":"\n<p class=\"wp-block-paragraph\">Le grand commun occupe l\u2019espace de l\u2019ancienne \u00e9curie du ch\u00e2teau. Les boxes ont \u00e9t\u00e9 d\u00e9cloisonn\u00e9es pour offrir un volume de 150 m\u00b2<sup>\u00a0<\/sup> de plain-pied, ouvert par de larges baies vitr\u00e9es sur la basse-cour, les vergers, bois de taillis et poulaillers.<\/p>\n\n\n\n<p class=\"wp-block-paragraph\">L\u2019espace, le sol bient\u00f4t en bois chaleureux et la lumi\u00e8re naturelle vous proposent un cadre propice \u00e0 la concentration et \u00e0 la r\u00e9flexion. Possibilit\u00e9 d\u2019installer une tente ext\u00e9rieure attenante pour augmenter encore le volume \u00e0 l\u2019abri. Prochainement, l\u2019\u00e9tage sera am\u00e9nag\u00e9 avec plusieurs salles pour accueillir vos r\u00e9unions en plus petit comit\u00e9 ou vos formations adhoc.<\/p>\n\n\n\n<div class=\"wp-block-columns is-layout-flex wp-container-core-columns-is-layout-8f761849 wp-block-columns-is-layout-flex\">\n<div class=\"wp-block-column is-layout-flow wp-block-column-is-layout-flow\" style=\"flex-basis:66.66%\">\n<div class=\"tiled-gallery type-rectangular tiled-gallery-unresized\" data-original-width=\"800\" data-carousel-extra='null' itemscope itemtype=\"http:\/\/schema.org\/ImageGallery\" > <div class=\"gallery-row\" style=\"width: 800px; height: 445px;\" data-original-width=\"800\" data-original-height=\"445\" > <div class=\"gallery-group images-1\" style=\"width: 465px; height: 445px;\" data-original-width=\"465\" data-original-height=\"445\" > <div class=\"tiled-gallery-item tiled-gallery-item-large\" itemprop=\"associatedMedia\" itemscope itemtype=\"http:\/\/schema.org\/ImageObject\"> <a href=\"https:\/\/chateaufer.fr\/ferme\/le-grand-commun-de-chateau-fer\/attachment\/33988226_2093882187568114_1417753302656876544_n\/\" border=\"0\" itemprop=\"url\"> <meta itemprop=\"width\" content=\"461\"> <meta itemprop=\"height\" content=\"441\"> <img decoding=\"async\" class=\"\" data-attachment-id=\"1649\" data-orig-file=\"https:\/\/chateaufer.fr\/ferme\/wp-content\/uploads\/2021\/04\/33988226_2093882187568114_1417753302656876544_n.jpg\" data-orig-size=\"712,682\" data-comments-opened=\"1\" data-image-meta=\"{&quot;aperture&quot;:&quot;0&quot;,&quot;credit&quot;:&quot;&quot;,&quot;camera&quot;:&quot;&quot;,&quot;caption&quot;:&quot;&quot;,&quot;created_timestamp&quot;:&quot;0&quot;,&quot;copyright&quot;:&quot;&quot;,&quot;focal_length&quot;:&quot;0&quot;,&quot;iso&quot;:&quot;0&quot;,&quot;shutter_speed&quot;:&quot;0&quot;,&quot;title&quot;:&quot;&quot;,&quot;orientation&quot;:&quot;0&quot;}\" data-image-title=\"33988226_2093882187568114_1417753302656876544_n\" data-image-description=\"\" data-medium-file=\"https:\/\/i0.wp.com\/chateaufer.fr\/ferme\/wp-content\/uploads\/2021\/04\/33988226_2093882187568114_1417753302656876544_n.jpg?fit=300%2C287&#038;ssl=1\" data-large-file=\"https:\/\/i0.wp.com\/chateaufer.fr\/ferme\/wp-content\/uploads\/2021\/04\/33988226_2093882187568114_1417753302656876544_n.jpg?fit=712%2C682&#038;ssl=1\" src=\"https:\/\/i0.wp.com\/chateaufer.fr\/ferme\/wp-content\/uploads\/2021\/04\/33988226_2093882187568114_1417753302656876544_n.jpg?w=461&#038;h=441&#038;ssl=1\" srcset=\"https:\/\/i0.wp.com\/chateaufer.fr\/ferme\/wp-content\/uploads\/2021\/04\/33988226_2093882187568114_1417753302656876544_n.jpg?w=712&amp;ssl=1 712w, https:\/\/i0.wp.com\/chateaufer.fr\/ferme\/wp-content\/uploads\/2021\/04\/33988226_2093882187568114_1417753302656876544_n.jpg?resize=300%2C287&amp;ssl=1 300w\" width=\"461\" height=\"441\" loading=\"lazy\" data-original-width=\"461\" data-original-height=\"441\" itemprop=\"http:\/\/schema.org\/image\" title=\"33988226_2093882187568114_1417753302656876544_n\" alt=\"33988226_2093882187568114_1417753302656876544_n\" style=\"width: 461px; height: 441px;\" \/> <\/a> <\/div> <\/div> <!-- close group --> <div class=\"gallery-group images-1\" style=\"width: 335px; height: 445px;\" data-original-width=\"335\" data-original-height=\"445\" > <div class=\"tiled-gallery-item tiled-gallery-item-large\" itemprop=\"associatedMedia\" itemscope itemtype=\"http:\/\/schema.org\/ImageObject\"> <a href=\"https:\/\/chateaufer.fr\/ferme\/le-grand-commun-de-chateau-fer\/attachment\/chateau-fer-mariages-seminaires-louer-chateau-cher-region-centre-berry-2-e1561365011816\/\" border=\"0\" itemprop=\"url\"> <meta itemprop=\"width\" content=\"331\"> <meta itemprop=\"height\" content=\"441\"> <img decoding=\"async\" class=\"\" data-attachment-id=\"1650\" data-orig-file=\"https:\/\/chateaufer.fr\/ferme\/wp-content\/uploads\/2021\/04\/chateau-fer-mariages-seminaires-louer-chateau-cher-region-centre-berry-2-e1561365011816.jpg\" data-orig-size=\"768,1024\" data-comments-opened=\"1\" data-image-meta=\"{&quot;aperture&quot;:&quot;0&quot;,&quot;credit&quot;:&quot;&quot;,&quot;camera&quot;:&quot;&quot;,&quot;caption&quot;:&quot;&quot;,&quot;created_timestamp&quot;:&quot;0&quot;,&quot;copyright&quot;:&quot;&quot;,&quot;focal_length&quot;:&quot;0&quot;,&quot;iso&quot;:&quot;0&quot;,&quot;shutter_speed&quot;:&quot;0&quot;,&quot;title&quot;:&quot;&quot;,&quot;orientation&quot;:&quot;0&quot;}\" data-image-title=\"chateau-fer-mariages-seminaires-louer-chateau-cher-region-centre-berry-2-e1561365011816\" data-image-description=\"\" data-medium-file=\"https:\/\/i0.wp.com\/chateaufer.fr\/ferme\/wp-content\/uploads\/2021\/04\/chateau-fer-mariages-seminaires-louer-chateau-cher-region-centre-berry-2-e1561365011816.jpg?fit=225%2C300&#038;ssl=1\" data-large-file=\"https:\/\/i0.wp.com\/chateaufer.fr\/ferme\/wp-content\/uploads\/2021\/04\/chateau-fer-mariages-seminaires-louer-chateau-cher-region-centre-berry-2-e1561365011816.jpg?fit=768%2C1024&#038;ssl=1\" src=\"https:\/\/i0.wp.com\/chateaufer.fr\/ferme\/wp-content\/uploads\/2021\/04\/chateau-fer-mariages-seminaires-louer-chateau-cher-region-centre-berry-2-e1561365011816.jpg?w=331&#038;h=441&#038;ssl=1\" srcset=\"https:\/\/i0.wp.com\/chateaufer.fr\/ferme\/wp-content\/uploads\/2021\/04\/chateau-fer-mariages-seminaires-louer-chateau-cher-region-centre-berry-2-e1561365011816.jpg?w=768&amp;ssl=1 768w, https:\/\/i0.wp.com\/chateaufer.fr\/ferme\/wp-content\/uploads\/2021\/04\/chateau-fer-mariages-seminaires-louer-chateau-cher-region-centre-berry-2-e1561365011816.jpg?resize=225%2C300&amp;ssl=1 225w\" width=\"331\" height=\"441\" loading=\"lazy\" data-original-width=\"331\" data-original-height=\"441\" itemprop=\"http:\/\/schema.org\/image\" title=\"chateau-fer-mariages-seminaires-louer-chateau-cher-region-centre-berry-2-e1561365011816\" alt=\"chateau-fer-mariages-seminaires-louer-chateau-cher-region-centre-berry-2-e1561365011816\" style=\"width: 331px; height: 441px;\" \/> <\/a> <\/div> <\/div> <!-- close group --> <\/div> <!-- close row --> <div class=\"gallery-row\" style=\"width: 800px; height: 670px;\" data-original-width=\"800\" data-original-height=\"670\" > <div class=\"gallery-group images-3\" style=\"width: 296px; height: 670px;\" data-original-width=\"296\" data-original-height=\"670\" > <div class=\"tiled-gallery-item tiled-gallery-item-large\" itemprop=\"associatedMedia\" itemscope itemtype=\"http:\/\/schema.org\/ImageObject\"> <a href=\"https:\/\/chateaufer.fr\/ferme\/le-grand-commun-de-chateau-fer\/attachment\/img_0352-scaled-1\/\" border=\"0\" itemprop=\"url\"> <meta itemprop=\"width\" content=\"292\"> <meta itemprop=\"height\" content=\"220\"> <img decoding=\"async\" class=\"\" data-attachment-id=\"1651\" data-orig-file=\"https:\/\/chateaufer.fr\/ferme\/wp-content\/uploads\/2021\/04\/IMG_0352-scaled-1.jpg\" data-orig-size=\"2560,1920\" data-comments-opened=\"1\" data-image-meta=\"{&quot;aperture&quot;:&quot;0&quot;,&quot;credit&quot;:&quot;&quot;,&quot;camera&quot;:&quot;&quot;,&quot;caption&quot;:&quot;&quot;,&quot;created_timestamp&quot;:&quot;0&quot;,&quot;copyright&quot;:&quot;&quot;,&quot;focal_length&quot;:&quot;0&quot;,&quot;iso&quot;:&quot;0&quot;,&quot;shutter_speed&quot;:&quot;0&quot;,&quot;title&quot;:&quot;&quot;,&quot;orientation&quot;:&quot;0&quot;}\" data-image-title=\"IMG_0352-scaled-1\" data-image-description=\"\" data-medium-file=\"https:\/\/i0.wp.com\/chateaufer.fr\/ferme\/wp-content\/uploads\/2021\/04\/IMG_0352-scaled-1.jpg?fit=300%2C225&#038;ssl=1\" data-large-file=\"https:\/\/i0.wp.com\/chateaufer.fr\/ferme\/wp-content\/uploads\/2021\/04\/IMG_0352-scaled-1.jpg?fit=800%2C600&#038;ssl=1\" src=\"https:\/\/i0.wp.com\/chateaufer.fr\/ferme\/wp-content\/uploads\/2021\/04\/IMG_0352-scaled-1.jpg?w=292&#038;h=220&#038;ssl=1\" srcset=\"https:\/\/i0.wp.com\/chateaufer.fr\/ferme\/wp-content\/uploads\/2021\/04\/IMG_0352-scaled-1.jpg?w=2560&amp;ssl=1 2560w, https:\/\/i0.wp.com\/chateaufer.fr\/ferme\/wp-content\/uploads\/2021\/04\/IMG_0352-scaled-1.jpg?resize=300%2C225&amp;ssl=1 300w, https:\/\/i0.wp.com\/chateaufer.fr\/ferme\/wp-content\/uploads\/2021\/04\/IMG_0352-scaled-1.jpg?resize=1024%2C768&amp;ssl=1 1024w, https:\/\/i0.wp.com\/chateaufer.fr\/ferme\/wp-content\/uploads\/2021\/04\/IMG_0352-scaled-1.jpg?resize=768%2C576&amp;ssl=1 768w, https:\/\/i0.wp.com\/chateaufer.fr\/ferme\/wp-content\/uploads\/2021\/04\/IMG_0352-scaled-1.jpg?resize=1536%2C1152&amp;ssl=1 1536w, https:\/\/i0.wp.com\/chateaufer.fr\/ferme\/wp-content\/uploads\/2021\/04\/IMG_0352-scaled-1.jpg?resize=2048%2C1536&amp;ssl=1 2048w, https:\/\/i0.wp.com\/chateaufer.fr\/ferme\/wp-content\/uploads\/2021\/04\/IMG_0352-scaled-1.jpg?w=1600&amp;ssl=1 1600w, https:\/\/i0.wp.com\/chateaufer.fr\/ferme\/wp-content\/uploads\/2021\/04\/IMG_0352-scaled-1.jpg?w=2400&amp;ssl=1 2400w\" width=\"292\" height=\"220\" loading=\"lazy\" data-original-width=\"292\" data-original-height=\"220\" itemprop=\"http:\/\/schema.org\/image\" title=\"IMG_0352-scaled-1\" alt=\"IMG_0352-scaled-1\" style=\"width: 292px; height: 220px;\" \/> <\/a> <\/div> <div class=\"tiled-gallery-item tiled-gallery-item-large\" itemprop=\"associatedMedia\" itemscope itemtype=\"http:\/\/schema.org\/ImageObject\"> <a href=\"https:\/\/chateaufer.fr\/ferme\/le-grand-commun-de-chateau-fer\/attachment\/img_2176-scaled-1\/\" border=\"0\" itemprop=\"url\"> <meta itemprop=\"width\" content=\"292\"> <meta itemprop=\"height\" content=\"219\"> <img decoding=\"async\" class=\"\" data-attachment-id=\"1652\" data-orig-file=\"https:\/\/chateaufer.fr\/ferme\/wp-content\/uploads\/2021\/04\/IMG_2176-scaled-1.jpg\" data-orig-size=\"2560,1920\" data-comments-opened=\"1\" data-image-meta=\"{&quot;aperture&quot;:&quot;0&quot;,&quot;credit&quot;:&quot;&quot;,&quot;camera&quot;:&quot;&quot;,&quot;caption&quot;:&quot;&quot;,&quot;created_timestamp&quot;:&quot;0&quot;,&quot;copyright&quot;:&quot;&quot;,&quot;focal_length&quot;:&quot;0&quot;,&quot;iso&quot;:&quot;0&quot;,&quot;shutter_speed&quot;:&quot;0&quot;,&quot;title&quot;:&quot;&quot;,&quot;orientation&quot;:&quot;0&quot;}\" data-image-title=\"IMG_2176-scaled-1\" data-image-description=\"\" data-medium-file=\"https:\/\/i0.wp.com\/chateaufer.fr\/ferme\/wp-content\/uploads\/2021\/04\/IMG_2176-scaled-1.jpg?fit=300%2C225&#038;ssl=1\" data-large-file=\"https:\/\/i0.wp.com\/chateaufer.fr\/ferme\/wp-content\/uploads\/2021\/04\/IMG_2176-scaled-1.jpg?fit=800%2C600&#038;ssl=1\" src=\"https:\/\/i0.wp.com\/chateaufer.fr\/ferme\/wp-content\/uploads\/2021\/04\/IMG_2176-scaled-1.jpg?w=292&#038;h=219&#038;ssl=1\" srcset=\"https:\/\/i0.wp.com\/chateaufer.fr\/ferme\/wp-content\/uploads\/2021\/04\/IMG_2176-scaled-1.jpg?w=2560&amp;ssl=1 2560w, https:\/\/i0.wp.com\/chateaufer.fr\/ferme\/wp-content\/uploads\/2021\/04\/IMG_2176-scaled-1.jpg?resize=300%2C225&amp;ssl=1 300w, https:\/\/i0.wp.com\/chateaufer.fr\/ferme\/wp-content\/uploads\/2021\/04\/IMG_2176-scaled-1.jpg?resize=1024%2C768&amp;ssl=1 1024w, https:\/\/i0.wp.com\/chateaufer.fr\/ferme\/wp-content\/uploads\/2021\/04\/IMG_2176-scaled-1.jpg?resize=768%2C576&amp;ssl=1 768w, https:\/\/i0.wp.com\/chateaufer.fr\/ferme\/wp-content\/uploads\/2021\/04\/IMG_2176-scaled-1.jpg?resize=1536%2C1152&amp;ssl=1 1536w, https:\/\/i0.wp.com\/chateaufer.fr\/ferme\/wp-content\/uploads\/2021\/04\/IMG_2176-scaled-1.jpg?resize=2048%2C1536&amp;ssl=1 2048w, https:\/\/i0.wp.com\/chateaufer.fr\/ferme\/wp-content\/uploads\/2021\/04\/IMG_2176-scaled-1.jpg?w=1600&amp;ssl=1 1600w, https:\/\/i0.wp.com\/chateaufer.fr\/ferme\/wp-content\/uploads\/2021\/04\/IMG_2176-scaled-1.jpg?w=2400&amp;ssl=1 2400w\" width=\"292\" height=\"219\" loading=\"lazy\" data-original-width=\"292\" data-original-height=\"219\" itemprop=\"http:\/\/schema.org\/image\" title=\"IMG_2176-scaled-1\" alt=\"IMG_2176-scaled-1\" style=\"width: 292px; height: 219px;\" \/> <\/a> <\/div> <div class=\"tiled-gallery-item tiled-gallery-item-large\" itemprop=\"associatedMedia\" itemscope itemtype=\"http:\/\/schema.org\/ImageObject\"> <a href=\"https:\/\/chateaufer.fr\/ferme\/le-grand-commun-de-chateau-fer\/attachment\/img_2224-1-scaled-1\/\" border=\"0\" itemprop=\"url\"> <meta itemprop=\"width\" content=\"292\"> <meta itemprop=\"height\" content=\"219\"> <img decoding=\"async\" class=\"\" data-attachment-id=\"1653\" data-orig-file=\"https:\/\/chateaufer.fr\/ferme\/wp-content\/uploads\/2021\/04\/IMG_2224-1-scaled-1.jpg\" data-orig-size=\"2560,1920\" data-comments-opened=\"1\" data-image-meta=\"{&quot;aperture&quot;:&quot;0&quot;,&quot;credit&quot;:&quot;&quot;,&quot;camera&quot;:&quot;&quot;,&quot;caption&quot;:&quot;&quot;,&quot;created_timestamp&quot;:&quot;0&quot;,&quot;copyright&quot;:&quot;&quot;,&quot;focal_length&quot;:&quot;0&quot;,&quot;iso&quot;:&quot;0&quot;,&quot;shutter_speed&quot;:&quot;0&quot;,&quot;title&quot;:&quot;&quot;,&quot;orientation&quot;:&quot;0&quot;}\" data-image-title=\"IMG_2224-1-scaled-1\" data-image-description=\"\" data-medium-file=\"https:\/\/i0.wp.com\/chateaufer.fr\/ferme\/wp-content\/uploads\/2021\/04\/IMG_2224-1-scaled-1.jpg?fit=300%2C225&#038;ssl=1\" data-large-file=\"https:\/\/i0.wp.com\/chateaufer.fr\/ferme\/wp-content\/uploads\/2021\/04\/IMG_2224-1-scaled-1.jpg?fit=800%2C600&#038;ssl=1\" src=\"https:\/\/i0.wp.com\/chateaufer.fr\/ferme\/wp-content\/uploads\/2021\/04\/IMG_2224-1-scaled-1.jpg?w=292&#038;h=219&#038;ssl=1\" srcset=\"https:\/\/i0.wp.com\/chateaufer.fr\/ferme\/wp-content\/uploads\/2021\/04\/IMG_2224-1-scaled-1.jpg?w=2560&amp;ssl=1 2560w, https:\/\/i0.wp.com\/chateaufer.fr\/ferme\/wp-content\/uploads\/2021\/04\/IMG_2224-1-scaled-1.jpg?resize=300%2C225&amp;ssl=1 300w, https:\/\/i0.wp.com\/chateaufer.fr\/ferme\/wp-content\/uploads\/2021\/04\/IMG_2224-1-scaled-1.jpg?resize=1024%2C768&amp;ssl=1 1024w, https:\/\/i0.wp.com\/chateaufer.fr\/ferme\/wp-content\/uploads\/2021\/04\/IMG_2224-1-scaled-1.jpg?resize=768%2C576&amp;ssl=1 768w, https:\/\/i0.wp.com\/chateaufer.fr\/ferme\/wp-content\/uploads\/2021\/04\/IMG_2224-1-scaled-1.jpg?resize=1536%2C1152&amp;ssl=1 1536w, https:\/\/i0.wp.com\/chateaufer.fr\/ferme\/wp-content\/uploads\/2021\/04\/IMG_2224-1-scaled-1.jpg?resize=2048%2C1536&amp;ssl=1 2048w, https:\/\/i0.wp.com\/chateaufer.fr\/ferme\/wp-content\/uploads\/2021\/04\/IMG_2224-1-scaled-1.jpg?w=1600&amp;ssl=1 1600w, https:\/\/i0.wp.com\/chateaufer.fr\/ferme\/wp-content\/uploads\/2021\/04\/IMG_2224-1-scaled-1.jpg?w=2400&amp;ssl=1 2400w\" width=\"292\" height=\"219\" loading=\"lazy\" data-original-width=\"292\" data-original-height=\"219\" itemprop=\"http:\/\/schema.org\/image\" title=\"IMG_2224-1-scaled-1\" alt=\"IMG_2224-1-scaled-1\" style=\"width: 292px; height: 219px;\" \/> <\/a> <\/div> <\/div> <!-- close group --> <div class=\"gallery-group images-1\" style=\"width: 504px; height: 670px;\" data-original-width=\"504\" data-original-height=\"670\" > <div class=\"tiled-gallery-item tiled-gallery-item-large\" itemprop=\"associatedMedia\" itemscope itemtype=\"http:\/\/schema.org\/ImageObject\"> <a href=\"https:\/\/chateaufer.fr\/ferme\/le-grand-commun-de-chateau-fer\/attachment\/img_2234\/\" border=\"0\" itemprop=\"url\"> <meta itemprop=\"width\" content=\"500\"> <meta itemprop=\"height\" content=\"666\"> <img decoding=\"async\" class=\"\" data-attachment-id=\"1654\" data-orig-file=\"https:\/\/chateaufer.fr\/ferme\/wp-content\/uploads\/2021\/04\/IMG_2234.jpg\" data-orig-size=\"1536,2048\" data-comments-opened=\"1\" data-image-meta=\"{&quot;aperture&quot;:&quot;0&quot;,&quot;credit&quot;:&quot;&quot;,&quot;camera&quot;:&quot;&quot;,&quot;caption&quot;:&quot;&quot;,&quot;created_timestamp&quot;:&quot;0&quot;,&quot;copyright&quot;:&quot;&quot;,&quot;focal_length&quot;:&quot;0&quot;,&quot;iso&quot;:&quot;0&quot;,&quot;shutter_speed&quot;:&quot;0&quot;,&quot;title&quot;:&quot;&quot;,&quot;orientation&quot;:&quot;0&quot;}\" data-image-title=\"IMG_2234\" data-image-description=\"\" data-medium-file=\"https:\/\/i0.wp.com\/chateaufer.fr\/ferme\/wp-content\/uploads\/2021\/04\/IMG_2234.jpg?fit=225%2C300&#038;ssl=1\" data-large-file=\"https:\/\/i0.wp.com\/chateaufer.fr\/ferme\/wp-content\/uploads\/2021\/04\/IMG_2234.jpg?fit=768%2C1024&#038;ssl=1\" src=\"https:\/\/i0.wp.com\/chateaufer.fr\/ferme\/wp-content\/uploads\/2021\/04\/IMG_2234.jpg?w=500&#038;h=666&#038;ssl=1\" srcset=\"https:\/\/i0.wp.com\/chateaufer.fr\/ferme\/wp-content\/uploads\/2021\/04\/IMG_2234.jpg?w=1536&amp;ssl=1 1536w, https:\/\/i0.wp.com\/chateaufer.fr\/ferme\/wp-content\/uploads\/2021\/04\/IMG_2234.jpg?resize=225%2C300&amp;ssl=1 225w, https:\/\/i0.wp.com\/chateaufer.fr\/ferme\/wp-content\/uploads\/2021\/04\/IMG_2234.jpg?resize=768%2C1024&amp;ssl=1 768w, https:\/\/i0.wp.com\/chateaufer.fr\/ferme\/wp-content\/uploads\/2021\/04\/IMG_2234.jpg?resize=1152%2C1536&amp;ssl=1 1152w\" width=\"500\" height=\"666\" loading=\"lazy\" data-original-width=\"500\" data-original-height=\"666\" itemprop=\"http:\/\/schema.org\/image\" title=\"IMG_2234\" alt=\"IMG_2234\" style=\"width: 500px; height: 666px;\" \/> <\/a> <\/div> <\/div> <!-- close group --> <\/div> <!-- close row --> <\/div>\n<\/div>\n\n\n\n<div class=\"wp-block-column is-layout-flow wp-block-column-is-layout-flow\" style=\"flex-basis:33.33%\">\n<ul id=\"block-87aba278-21e9-4df6-a99a-5dbfd3016ebf\" class=\"wp-block-list\">\n<li>Salle avec ou sans \u00e9quipement<\/li>\n\n\n\n<li>Petit office, WC PMR, bar, chemin\u00e9e<\/li>\n\n\n\n<li>Capacit\u00e9 d\u2019accueil cocktail 300 personnes<\/li>\n\n\n\n<li>Diner assis 120 personnes<\/li>\n\n\n\n<li>R\u00e9union Convention 50 personnes<\/li>\n\n\n\n<li>\u00c9quipement en option<\/li>\n\n\n\n<li>Tables, chaises, bancs, visioconf\u00e9rence\u00a0: sur devis<\/li>\n<\/ul>\n<\/div>\n<\/div>\n","protected":false},"excerpt":{"rendered":"<p>Le grand commun occupe l\u2019espace de l\u2019ancienne \u00e9curie du ch\u00e2teau. Les boxes ont \u00e9t\u00e9 d\u00e9cloisonn\u00e9es pour offrir un volume de 150 m\u00b2\u00a0 de plain-pied, ouvert par de larges baies vitr\u00e9es &#8230;<\/p>\n","protected":false},"author":1,"featured_media":0,"parent":0,"menu_order":0,"comment_status":"closed","ping_status":"closed","template":"","meta":{"_crdt_document":"","footnotes":""},"folder":[36],"class_list":["post-1648","page","type-page","status-publish","hentry"],"jetpack_sharing_enabled":true,"_links":{"self":[{"href":"https:\/\/chateaufer.fr\/ferme\/wp-json\/wp\/v2\/pages\/1648","targetHints":{"allow":["GET"]}}],"collection":[{"href":"https:\/\/chateaufer.fr\/ferme\/wp-json\/wp\/v2\/pages"}],"about":[{"href":"https:\/\/chateaufer.fr\/ferme\/wp-json\/wp\/v2\/types\/page"}],"author":[{"embeddable":true,"href":"https:\/\/chateaufer.fr\/ferme\/wp-json\/wp\/v2\/users\/1"}],"replies":[{"embeddable":true,"href":"https:\/\/chateaufer.fr\/ferme\/wp-json\/wp\/v2\/comments?post=1648"}],"version-history":[{"count":2,"href":"https:\/\/chateaufer.fr\/ferme\/wp-json\/wp\/v2\/pages\/1648\/revisions"}],"predecessor-version":[{"id":12894,"href":"https:\/\/chateaufer.fr\/ferme\/wp-json\/wp\/v2\/pages\/1648\/revisions\/12894"}],"wp:attachment":[{"href":"https:\/\/chateaufer.fr\/ferme\/wp-json\/wp\/v2\/media?parent=1648"}],"wp:term":[{"taxonomy":"folder","embeddable":true,"href":"https:\/\/chateaufer.fr\/ferme\/wp-json\/wp\/v2\/folder?post=1648"}],"curies":[{"name":"wp","href":"https:\/\/api.w.org\/{rel}","templated":true}]}}