{"id":1527,"date":"2021-04-12T00:11:02","date_gmt":"2021-04-11T22:11:02","guid":{"rendered":"https:\/\/chateaufer.fr\/ferme\/?page_id=1527"},"modified":"2024-12-19T11:59:15","modified_gmt":"2024-12-19T10:59:15","slug":"les-animaux","status":"publish","type":"page","link":"https:\/\/chateaufer.fr\/ferme\/les-animaux\/","title":{"rendered":"Les Animaux"},"content":{"rendered":"\n<p class=\"wp-block-paragraph\">Bient\u00f4t la ferme accueillera un troupeau de brebis Southdown et Berrichonnes de l\u2019Indre ainsi qu\u2019une petite famille de cochons Mangalitza. Notre production ovine et porcine s\u2019appuiera sur une alimentation en fourrage 100% Ch\u00e2teau Fer, de l\u2019herbe de nos p\u00e2tures et les branches de nos haies et vignes fourrag\u00e8res.<\/p>\n\n\n\n<p class=\"wp-block-paragraph\">Nous aurons \u00e0 c\u0153ur de respecter les animaux tout au long de leur vie, pas de tracteurs \u00e0 proximit\u00e9, des pr\u00e9s pour agneler en mode 5 \u00e9toiles et qui respectent aussi le berger, le moins de contact humain possible, une biodiversit\u00e9 et une attention garante d\u2019une viande de tr\u00e8s haute qualit\u00e9. C\u2019est de notre responsabilit\u00e9 de faire revenir l\u2019\u00e9levage ici, lui seul \u00e9quilibre tous ces arbres et ces haies dans le paysage, signe nature de notre bocage. Selon l\u2019adage bien connu des Berrichons d\u2019ici, sans \u00e9levage, point de bocage\u00a0! J\u2019en ai une autre\u00a0 \u00ab\u00a0Sans feuillage, point de ramage\u00a0!\u00a0\u00bb \u00c0 bon entendeur.<\/p>\n\n\n\n<p class=\"wp-block-paragraph\">En attendant, notre petit \u00e9levage de poules pondeuses r\u00e9gale nos abonn\u00e9s de leur jolie production d\u2019\u0153ufs tr\u00e8s tr\u00e8s frais, sur reservation only\u2026<\/p>\n\n\n\n<div class=\"tiled-gallery type-rectangular tiled-gallery-unresized\" data-original-width=\"800\" data-carousel-extra='null' itemscope itemtype=\"http:\/\/schema.org\/ImageGallery\" > <div class=\"gallery-row\" style=\"width: 800px; height: 532px;\" data-original-width=\"800\" data-original-height=\"532\" > <div class=\"gallery-group images-1\" style=\"width: 400px; height: 532px;\" data-original-width=\"400\" data-original-height=\"532\" > <div class=\"tiled-gallery-item tiled-gallery-item-large\" itemprop=\"associatedMedia\" itemscope itemtype=\"http:\/\/schema.org\/ImageObject\"> <a href=\"https:\/\/chateaufer.fr\/ferme\/les-animaux\/attachment\/chateau-de-chateau-fer-les-animaux-du-domaine-bruere-allichamps-2\/\" border=\"0\" itemprop=\"url\"> <meta itemprop=\"width\" content=\"396\"> <meta itemprop=\"height\" content=\"528\"> <img decoding=\"async\" class=\"\" data-attachment-id=\"1626\" data-orig-file=\"https:\/\/chateaufer.fr\/ferme\/wp-content\/uploads\/2021\/04\/chateau-de-chateau-fer-les-animaux-du-domaine-bruere-allichamps-2.jpg\" data-orig-size=\"576,768\" data-comments-opened=\"1\" data-image-meta=\"{&quot;aperture&quot;:&quot;2.2&quot;,&quot;credit&quot;:&quot;&quot;,&quot;camera&quot;:&quot;iPhone 6s&quot;,&quot;caption&quot;:&quot;&quot;,&quot;created_timestamp&quot;:&quot;1516871925&quot;,&quot;copyright&quot;:&quot;&quot;,&quot;focal_length&quot;:&quot;4.15&quot;,&quot;iso&quot;:&quot;25&quot;,&quot;shutter_speed&quot;:&quot;0.01&quot;,&quot;title&quot;:&quot;&quot;,&quot;orientation&quot;:&quot;1&quot;}\" data-image-title=\"chateau-de-chateau-fer-les-animaux-du-domaine-bruere-allichamps-2\" data-image-description=\"\" data-medium-file=\"https:\/\/i0.wp.com\/chateaufer.fr\/ferme\/wp-content\/uploads\/2021\/04\/chateau-de-chateau-fer-les-animaux-du-domaine-bruere-allichamps-2.jpg?fit=225%2C300&#038;ssl=1\" data-large-file=\"https:\/\/i0.wp.com\/chateaufer.fr\/ferme\/wp-content\/uploads\/2021\/04\/chateau-de-chateau-fer-les-animaux-du-domaine-bruere-allichamps-2.jpg?fit=576%2C768&#038;ssl=1\" src=\"https:\/\/i0.wp.com\/chateaufer.fr\/ferme\/wp-content\/uploads\/2021\/04\/chateau-de-chateau-fer-les-animaux-du-domaine-bruere-allichamps-2.jpg?w=396&#038;h=528&#038;ssl=1\" srcset=\"https:\/\/i0.wp.com\/chateaufer.fr\/ferme\/wp-content\/uploads\/2021\/04\/chateau-de-chateau-fer-les-animaux-du-domaine-bruere-allichamps-2.jpg?w=576&amp;ssl=1 576w, https:\/\/i0.wp.com\/chateaufer.fr\/ferme\/wp-content\/uploads\/2021\/04\/chateau-de-chateau-fer-les-animaux-du-domaine-bruere-allichamps-2.jpg?resize=225%2C300&amp;ssl=1 225w\" width=\"396\" height=\"528\" loading=\"lazy\" data-original-width=\"396\" data-original-height=\"528\" itemprop=\"http:\/\/schema.org\/image\" title=\"chateau-de-chateau-fer-les-animaux-du-domaine-bruere-allichamps-2\" alt=\"chateau-de-chateau-fer-les-animaux-du-domaine-bruere-allichamps-2\" style=\"width: 396px; height: 528px;\" \/> <\/a> <\/div> <\/div> <!-- close group --> <div class=\"gallery-group images-1\" style=\"width: 400px; height: 532px;\" data-original-width=\"400\" data-original-height=\"532\" > <div class=\"tiled-gallery-item tiled-gallery-item-large\" itemprop=\"associatedMedia\" itemscope itemtype=\"http:\/\/schema.org\/ImageObject\"> <a href=\"https:\/\/chateaufer.fr\/ferme\/les-animaux\/attachment\/chateau-de-chateau-fer-les-animaux-du-domaine-bruere-allichamps-3-e1561362676315\/\" border=\"0\" itemprop=\"url\"> <meta itemprop=\"width\" content=\"396\"> <meta itemprop=\"height\" content=\"528\"> <img decoding=\"async\" class=\"\" data-attachment-id=\"1627\" data-orig-file=\"https:\/\/chateaufer.fr\/ferme\/wp-content\/uploads\/2021\/04\/chateau-de-chateau-fer-les-animaux-du-domaine-bruere-allichamps-3-e1561362676315.jpg\" data-orig-size=\"768,1024\" data-comments-opened=\"1\" data-image-meta=\"{&quot;aperture&quot;:&quot;0&quot;,&quot;credit&quot;:&quot;&quot;,&quot;camera&quot;:&quot;&quot;,&quot;caption&quot;:&quot;&quot;,&quot;created_timestamp&quot;:&quot;0&quot;,&quot;copyright&quot;:&quot;&quot;,&quot;focal_length&quot;:&quot;0&quot;,&quot;iso&quot;:&quot;0&quot;,&quot;shutter_speed&quot;:&quot;0&quot;,&quot;title&quot;:&quot;&quot;,&quot;orientation&quot;:&quot;0&quot;}\" data-image-title=\"chateau-de-chateau-fer-les-animaux-du-domaine-bruere-allichamps-3-e1561362676315\" data-image-description=\"\" data-medium-file=\"https:\/\/i0.wp.com\/chateaufer.fr\/ferme\/wp-content\/uploads\/2021\/04\/chateau-de-chateau-fer-les-animaux-du-domaine-bruere-allichamps-3-e1561362676315.jpg?fit=225%2C300&#038;ssl=1\" data-large-file=\"https:\/\/i0.wp.com\/chateaufer.fr\/ferme\/wp-content\/uploads\/2021\/04\/chateau-de-chateau-fer-les-animaux-du-domaine-bruere-allichamps-3-e1561362676315.jpg?fit=768%2C1024&#038;ssl=1\" src=\"https:\/\/i0.wp.com\/chateaufer.fr\/ferme\/wp-content\/uploads\/2021\/04\/chateau-de-chateau-fer-les-animaux-du-domaine-bruere-allichamps-3-e1561362676315.jpg?w=396&#038;h=528&#038;ssl=1\" srcset=\"https:\/\/i0.wp.com\/chateaufer.fr\/ferme\/wp-content\/uploads\/2021\/04\/chateau-de-chateau-fer-les-animaux-du-domaine-bruere-allichamps-3-e1561362676315.jpg?w=768&amp;ssl=1 768w, https:\/\/i0.wp.com\/chateaufer.fr\/ferme\/wp-content\/uploads\/2021\/04\/chateau-de-chateau-fer-les-animaux-du-domaine-bruere-allichamps-3-e1561362676315.jpg?resize=225%2C300&amp;ssl=1 225w\" width=\"396\" height=\"528\" loading=\"lazy\" data-original-width=\"396\" data-original-height=\"528\" itemprop=\"http:\/\/schema.org\/image\" title=\"chateau-de-chateau-fer-les-animaux-du-domaine-bruere-allichamps-3-e1561362676315\" alt=\"chateau-de-chateau-fer-les-animaux-du-domaine-bruere-allichamps-3-e1561362676315\" style=\"width: 396px; height: 528px;\" \/> <\/a> <\/div> <\/div> <!-- close group --> <\/div> <!-- close row --> <div class=\"gallery-row\" style=\"width: 800px; height: 384px;\" data-original-width=\"800\" data-original-height=\"384\" > <div class=\"gallery-group images-1\" style=\"width: 511px; height: 384px;\" data-original-width=\"511\" data-original-height=\"384\" > <div class=\"tiled-gallery-item tiled-gallery-item-large\" itemprop=\"associatedMedia\" itemscope itemtype=\"http:\/\/schema.org\/ImageObject\"> <a href=\"https:\/\/chateaufer.fr\/ferme\/les-animaux\/attachment\/chateau-de-chateau-fer-les-animaux-du-domaine-bruere-allichamps-4-e1561362771469\/\" border=\"0\" itemprop=\"url\"> <meta itemprop=\"width\" content=\"507\"> <meta itemprop=\"height\" content=\"380\"> <img decoding=\"async\" class=\"\" data-attachment-id=\"1628\" data-orig-file=\"https:\/\/chateaufer.fr\/ferme\/wp-content\/uploads\/2021\/04\/chateau-de-chateau-fer-les-animaux-du-domaine-bruere-allichamps-4-e1561362771469.jpg\" data-orig-size=\"1024,768\" data-comments-opened=\"1\" data-image-meta=\"{&quot;aperture&quot;:&quot;0&quot;,&quot;credit&quot;:&quot;&quot;,&quot;camera&quot;:&quot;&quot;,&quot;caption&quot;:&quot;&quot;,&quot;created_timestamp&quot;:&quot;0&quot;,&quot;copyright&quot;:&quot;&quot;,&quot;focal_length&quot;:&quot;0&quot;,&quot;iso&quot;:&quot;0&quot;,&quot;shutter_speed&quot;:&quot;0&quot;,&quot;title&quot;:&quot;&quot;,&quot;orientation&quot;:&quot;0&quot;}\" data-image-title=\"chateau-de-chateau-fer-les-animaux-du-domaine-bruere-allichamps-4-e1561362771469\" data-image-description=\"\" data-medium-file=\"https:\/\/i0.wp.com\/chateaufer.fr\/ferme\/wp-content\/uploads\/2021\/04\/chateau-de-chateau-fer-les-animaux-du-domaine-bruere-allichamps-4-e1561362771469.jpg?fit=300%2C225&#038;ssl=1\" data-large-file=\"https:\/\/i0.wp.com\/chateaufer.fr\/ferme\/wp-content\/uploads\/2021\/04\/chateau-de-chateau-fer-les-animaux-du-domaine-bruere-allichamps-4-e1561362771469.jpg?fit=800%2C600&#038;ssl=1\" src=\"https:\/\/i0.wp.com\/chateaufer.fr\/ferme\/wp-content\/uploads\/2021\/04\/chateau-de-chateau-fer-les-animaux-du-domaine-bruere-allichamps-4-e1561362771469.jpg?w=507&#038;h=380&#038;ssl=1\" srcset=\"https:\/\/i0.wp.com\/chateaufer.fr\/ferme\/wp-content\/uploads\/2021\/04\/chateau-de-chateau-fer-les-animaux-du-domaine-bruere-allichamps-4-e1561362771469.jpg?w=1024&amp;ssl=1 1024w, https:\/\/i0.wp.com\/chateaufer.fr\/ferme\/wp-content\/uploads\/2021\/04\/chateau-de-chateau-fer-les-animaux-du-domaine-bruere-allichamps-4-e1561362771469.jpg?resize=300%2C225&amp;ssl=1 300w, https:\/\/i0.wp.com\/chateaufer.fr\/ferme\/wp-content\/uploads\/2021\/04\/chateau-de-chateau-fer-les-animaux-du-domaine-bruere-allichamps-4-e1561362771469.jpg?resize=768%2C576&amp;ssl=1 768w\" width=\"507\" height=\"380\" loading=\"lazy\" data-original-width=\"507\" data-original-height=\"380\" itemprop=\"http:\/\/schema.org\/image\" title=\"chateau-de-chateau-fer-les-animaux-du-domaine-bruere-allichamps-4-e1561362771469\" alt=\"chateau-de-chateau-fer-les-animaux-du-domaine-bruere-allichamps-4-e1561362771469\" style=\"width: 507px; height: 380px;\" \/> <\/a> <\/div> <\/div> <!-- close group --> <div class=\"gallery-group images-1\" style=\"width: 289px; height: 384px;\" data-original-width=\"289\" data-original-height=\"384\" > <div class=\"tiled-gallery-item tiled-gallery-item-large\" itemprop=\"associatedMedia\" itemscope itemtype=\"http:\/\/schema.org\/ImageObject\"> <a href=\"https:\/\/chateaufer.fr\/ferme\/les-animaux\/attachment\/chateau-de-chateau-fer-les-animaux-du-domaine-bruere-allichamps-5-e1561362760365-1\/\" border=\"0\" itemprop=\"url\"> <meta itemprop=\"width\" content=\"285\"> <meta itemprop=\"height\" content=\"380\"> <img decoding=\"async\" class=\"\" data-attachment-id=\"1629\" data-orig-file=\"https:\/\/chateaufer.fr\/ferme\/wp-content\/uploads\/2021\/04\/chateau-de-chateau-fer-les-animaux-du-domaine-bruere-allichamps-5-e1561362760365-1.jpg\" data-orig-size=\"768,1024\" data-comments-opened=\"1\" data-image-meta=\"{&quot;aperture&quot;:&quot;0&quot;,&quot;credit&quot;:&quot;&quot;,&quot;camera&quot;:&quot;&quot;,&quot;caption&quot;:&quot;&quot;,&quot;created_timestamp&quot;:&quot;0&quot;,&quot;copyright&quot;:&quot;&quot;,&quot;focal_length&quot;:&quot;0&quot;,&quot;iso&quot;:&quot;0&quot;,&quot;shutter_speed&quot;:&quot;0&quot;,&quot;title&quot;:&quot;&quot;,&quot;orientation&quot;:&quot;0&quot;}\" data-image-title=\"chateau-de-chateau-fer-les-animaux-du-domaine-bruere-allichamps-5-e1561362760365-1\" data-image-description=\"\" data-medium-file=\"https:\/\/i0.wp.com\/chateaufer.fr\/ferme\/wp-content\/uploads\/2021\/04\/chateau-de-chateau-fer-les-animaux-du-domaine-bruere-allichamps-5-e1561362760365-1.jpg?fit=225%2C300&#038;ssl=1\" data-large-file=\"https:\/\/i0.wp.com\/chateaufer.fr\/ferme\/wp-content\/uploads\/2021\/04\/chateau-de-chateau-fer-les-animaux-du-domaine-bruere-allichamps-5-e1561362760365-1.jpg?fit=768%2C1024&#038;ssl=1\" src=\"https:\/\/i0.wp.com\/chateaufer.fr\/ferme\/wp-content\/uploads\/2021\/04\/chateau-de-chateau-fer-les-animaux-du-domaine-bruere-allichamps-5-e1561362760365-1.jpg?w=285&#038;h=380&#038;ssl=1\" srcset=\"https:\/\/i0.wp.com\/chateaufer.fr\/ferme\/wp-content\/uploads\/2021\/04\/chateau-de-chateau-fer-les-animaux-du-domaine-bruere-allichamps-5-e1561362760365-1.jpg?w=768&amp;ssl=1 768w, https:\/\/i0.wp.com\/chateaufer.fr\/ferme\/wp-content\/uploads\/2021\/04\/chateau-de-chateau-fer-les-animaux-du-domaine-bruere-allichamps-5-e1561362760365-1.jpg?resize=225%2C300&amp;ssl=1 225w\" width=\"285\" height=\"380\" loading=\"lazy\" data-original-width=\"285\" data-original-height=\"380\" itemprop=\"http:\/\/schema.org\/image\" title=\"chateau-de-chateau-fer-les-animaux-du-domaine-bruere-allichamps-5-e1561362760365-1\" alt=\"chateau-de-chateau-fer-les-animaux-du-domaine-bruere-allichamps-5-e1561362760365-1\" style=\"width: 285px; height: 380px;\" \/> <\/a> <\/div> <\/div> <!-- close group --> <\/div> <!-- close row --> <div class=\"gallery-row\" style=\"width: 800px; height: 401px;\" data-original-width=\"800\" data-original-height=\"401\" > <div class=\"gallery-group images-1\" style=\"width: 534px; height: 401px;\" data-original-width=\"534\" data-original-height=\"401\" > <div class=\"tiled-gallery-item tiled-gallery-item-large\" itemprop=\"associatedMedia\" itemscope itemtype=\"http:\/\/schema.org\/ImageObject\"> <a href=\"https:\/\/chateaufer.fr\/ferme\/les-animaux\/attachment\/chateau-de-chateau-fer-les-animaux-du-domaine-bruere-allichamps-12\/\" border=\"0\" itemprop=\"url\"> <meta itemprop=\"width\" content=\"530\"> <meta itemprop=\"height\" content=\"397\"> <img decoding=\"async\" class=\"\" data-attachment-id=\"1630\" data-orig-file=\"https:\/\/chateaufer.fr\/ferme\/wp-content\/uploads\/2021\/04\/chateau-de-chateau-fer-les-animaux-du-domaine-bruere-allichamps-12.jpg\" data-orig-size=\"1024,768\" data-comments-opened=\"1\" data-image-meta=\"{&quot;aperture&quot;:&quot;2.2&quot;,&quot;credit&quot;:&quot;&quot;,&quot;camera&quot;:&quot;iPhone 6s&quot;,&quot;caption&quot;:&quot;&quot;,&quot;created_timestamp&quot;:&quot;1511277295&quot;,&quot;copyright&quot;:&quot;&quot;,&quot;focal_length&quot;:&quot;4.15&quot;,&quot;iso&quot;:&quot;25&quot;,&quot;shutter_speed&quot;:&quot;0.0040485829959514&quot;,&quot;title&quot;:&quot;&quot;,&quot;orientation&quot;:&quot;1&quot;}\" data-image-title=\"chateau-de-chateau-fer-les-animaux-du-domaine-bruere-allichamps-12\" data-image-description=\"\" data-medium-file=\"https:\/\/i0.wp.com\/chateaufer.fr\/ferme\/wp-content\/uploads\/2021\/04\/chateau-de-chateau-fer-les-animaux-du-domaine-bruere-allichamps-12.jpg?fit=300%2C225&#038;ssl=1\" data-large-file=\"https:\/\/i0.wp.com\/chateaufer.fr\/ferme\/wp-content\/uploads\/2021\/04\/chateau-de-chateau-fer-les-animaux-du-domaine-bruere-allichamps-12.jpg?fit=800%2C600&#038;ssl=1\" src=\"https:\/\/i0.wp.com\/chateaufer.fr\/ferme\/wp-content\/uploads\/2021\/04\/chateau-de-chateau-fer-les-animaux-du-domaine-bruere-allichamps-12.jpg?w=530&#038;h=397&#038;ssl=1\" srcset=\"https:\/\/i0.wp.com\/chateaufer.fr\/ferme\/wp-content\/uploads\/2021\/04\/chateau-de-chateau-fer-les-animaux-du-domaine-bruere-allichamps-12.jpg?w=1024&amp;ssl=1 1024w, https:\/\/i0.wp.com\/chateaufer.fr\/ferme\/wp-content\/uploads\/2021\/04\/chateau-de-chateau-fer-les-animaux-du-domaine-bruere-allichamps-12.jpg?resize=300%2C225&amp;ssl=1 300w, https:\/\/i0.wp.com\/chateaufer.fr\/ferme\/wp-content\/uploads\/2021\/04\/chateau-de-chateau-fer-les-animaux-du-domaine-bruere-allichamps-12.jpg?resize=768%2C576&amp;ssl=1 768w\" width=\"530\" height=\"397\" loading=\"lazy\" data-original-width=\"530\" data-original-height=\"397\" itemprop=\"http:\/\/schema.org\/image\" title=\"chateau-de-chateau-fer-les-animaux-du-domaine-bruere-allichamps-12\" alt=\"chateau-de-chateau-fer-les-animaux-du-domaine-bruere-allichamps-12\" style=\"width: 530px; height: 397px;\" \/> <\/a> <\/div> <\/div> <!-- close group --> <div class=\"gallery-group images-2\" style=\"width: 266px; height: 401px;\" data-original-width=\"266\" data-original-height=\"401\" > <div class=\"tiled-gallery-item tiled-gallery-item-large\" itemprop=\"associatedMedia\" itemscope itemtype=\"http:\/\/schema.org\/ImageObject\"> <a href=\"https:\/\/chateaufer.fr\/ferme\/les-animaux\/attachment\/chateau-fer-ferme-berry-8-e1560341166354\/\" border=\"0\" itemprop=\"url\"> <meta itemprop=\"width\" content=\"262\"> <meta itemprop=\"height\" content=\"197\"> <img decoding=\"async\" class=\"\" data-attachment-id=\"1631\" data-orig-file=\"https:\/\/chateaufer.fr\/ferme\/wp-content\/uploads\/2021\/04\/chateau-fer-ferme-berry-8-e1560341166354.jpg\" data-orig-size=\"1440,1080\" data-comments-opened=\"1\" data-image-meta=\"{&quot;aperture&quot;:&quot;0&quot;,&quot;credit&quot;:&quot;&quot;,&quot;camera&quot;:&quot;&quot;,&quot;caption&quot;:&quot;&quot;,&quot;created_timestamp&quot;:&quot;0&quot;,&quot;copyright&quot;:&quot;&quot;,&quot;focal_length&quot;:&quot;0&quot;,&quot;iso&quot;:&quot;0&quot;,&quot;shutter_speed&quot;:&quot;0&quot;,&quot;title&quot;:&quot;&quot;,&quot;orientation&quot;:&quot;0&quot;}\" data-image-title=\"chateau-fer-ferme-berry-8-e1560341166354\" data-image-description=\"\" data-medium-file=\"https:\/\/i0.wp.com\/chateaufer.fr\/ferme\/wp-content\/uploads\/2021\/04\/chateau-fer-ferme-berry-8-e1560341166354.jpg?fit=300%2C225&#038;ssl=1\" data-large-file=\"https:\/\/i0.wp.com\/chateaufer.fr\/ferme\/wp-content\/uploads\/2021\/04\/chateau-fer-ferme-berry-8-e1560341166354.jpg?fit=800%2C600&#038;ssl=1\" src=\"https:\/\/i0.wp.com\/chateaufer.fr\/ferme\/wp-content\/uploads\/2021\/04\/chateau-fer-ferme-berry-8-e1560341166354.jpg?w=262&#038;h=197&#038;ssl=1\" srcset=\"https:\/\/i0.wp.com\/chateaufer.fr\/ferme\/wp-content\/uploads\/2021\/04\/chateau-fer-ferme-berry-8-e1560341166354.jpg?w=1440&amp;ssl=1 1440w, https:\/\/i0.wp.com\/chateaufer.fr\/ferme\/wp-content\/uploads\/2021\/04\/chateau-fer-ferme-berry-8-e1560341166354.jpg?resize=300%2C225&amp;ssl=1 300w, https:\/\/i0.wp.com\/chateaufer.fr\/ferme\/wp-content\/uploads\/2021\/04\/chateau-fer-ferme-berry-8-e1560341166354.jpg?resize=1024%2C768&amp;ssl=1 1024w, https:\/\/i0.wp.com\/chateaufer.fr\/ferme\/wp-content\/uploads\/2021\/04\/chateau-fer-ferme-berry-8-e1560341166354.jpg?resize=768%2C576&amp;ssl=1 768w\" width=\"262\" height=\"197\" loading=\"lazy\" data-original-width=\"262\" data-original-height=\"197\" itemprop=\"http:\/\/schema.org\/image\" title=\"chateau-fer-ferme-berry-8-e1560341166354\" alt=\"chateau-fer-ferme-berry-8-e1560341166354\" style=\"width: 262px; height: 197px;\" \/> <\/a> <\/div> <div class=\"tiled-gallery-item tiled-gallery-item-large\" itemprop=\"associatedMedia\" itemscope itemtype=\"http:\/\/schema.org\/ImageObject\"> <a href=\"https:\/\/chateaufer.fr\/ferme\/les-animaux\/attachment\/img_2294\/\" border=\"0\" itemprop=\"url\"> <meta itemprop=\"width\" content=\"262\"> <meta itemprop=\"height\" content=\"196\"> <img decoding=\"async\" class=\"\" data-attachment-id=\"1632\" data-orig-file=\"https:\/\/chateaufer.fr\/ferme\/wp-content\/uploads\/2021\/04\/IMG_2294.jpg\" data-orig-size=\"2048,1536\" data-comments-opened=\"1\" data-image-meta=\"{&quot;aperture&quot;:&quot;0&quot;,&quot;credit&quot;:&quot;&quot;,&quot;camera&quot;:&quot;&quot;,&quot;caption&quot;:&quot;&quot;,&quot;created_timestamp&quot;:&quot;0&quot;,&quot;copyright&quot;:&quot;&quot;,&quot;focal_length&quot;:&quot;0&quot;,&quot;iso&quot;:&quot;0&quot;,&quot;shutter_speed&quot;:&quot;0&quot;,&quot;title&quot;:&quot;&quot;,&quot;orientation&quot;:&quot;0&quot;}\" data-image-title=\"IMG_2294\" data-image-description=\"\" data-medium-file=\"https:\/\/i0.wp.com\/chateaufer.fr\/ferme\/wp-content\/uploads\/2021\/04\/IMG_2294.jpg?fit=300%2C225&#038;ssl=1\" data-large-file=\"https:\/\/i0.wp.com\/chateaufer.fr\/ferme\/wp-content\/uploads\/2021\/04\/IMG_2294.jpg?fit=800%2C600&#038;ssl=1\" src=\"https:\/\/i0.wp.com\/chateaufer.fr\/ferme\/wp-content\/uploads\/2021\/04\/IMG_2294.jpg?w=262&#038;h=196&#038;ssl=1\" srcset=\"https:\/\/i0.wp.com\/chateaufer.fr\/ferme\/wp-content\/uploads\/2021\/04\/IMG_2294.jpg?w=2048&amp;ssl=1 2048w, https:\/\/i0.wp.com\/chateaufer.fr\/ferme\/wp-content\/uploads\/2021\/04\/IMG_2294.jpg?resize=300%2C225&amp;ssl=1 300w, https:\/\/i0.wp.com\/chateaufer.fr\/ferme\/wp-content\/uploads\/2021\/04\/IMG_2294.jpg?resize=1024%2C768&amp;ssl=1 1024w, https:\/\/i0.wp.com\/chateaufer.fr\/ferme\/wp-content\/uploads\/2021\/04\/IMG_2294.jpg?resize=768%2C576&amp;ssl=1 768w, https:\/\/i0.wp.com\/chateaufer.fr\/ferme\/wp-content\/uploads\/2021\/04\/IMG_2294.jpg?resize=1536%2C1152&amp;ssl=1 1536w, https:\/\/i0.wp.com\/chateaufer.fr\/ferme\/wp-content\/uploads\/2021\/04\/IMG_2294.jpg?w=1600&amp;ssl=1 1600w\" width=\"262\" height=\"196\" loading=\"lazy\" data-original-width=\"262\" data-original-height=\"196\" itemprop=\"http:\/\/schema.org\/image\" title=\"IMG_2294\" alt=\"IMG_2294\" style=\"width: 262px; height: 196px;\" \/> <\/a> <\/div> <\/div> <!-- close group --> <\/div> <!-- close row --> <div class=\"gallery-row\" style=\"width: 800px; height: 601px;\" data-original-width=\"800\" data-original-height=\"601\" > <div class=\"gallery-group images-1\" style=\"width: 800px; height: 601px;\" data-original-width=\"800\" data-original-height=\"601\" > <div class=\"tiled-gallery-item tiled-gallery-item-large\" itemprop=\"associatedMedia\" itemscope itemtype=\"http:\/\/schema.org\/ImageObject\"> <a href=\"https:\/\/chateaufer.fr\/ferme\/les-animaux\/attachment\/img_3528-scaled-1\/\" border=\"0\" itemprop=\"url\"> <meta itemprop=\"width\" content=\"796\"> <meta itemprop=\"height\" content=\"597\"> <img decoding=\"async\" class=\"\" data-attachment-id=\"1633\" data-orig-file=\"https:\/\/chateaufer.fr\/ferme\/wp-content\/uploads\/2021\/04\/IMG_3528-scaled-1.jpg\" data-orig-size=\"2560,1920\" data-comments-opened=\"1\" data-image-meta=\"{&quot;aperture&quot;:&quot;0&quot;,&quot;credit&quot;:&quot;&quot;,&quot;camera&quot;:&quot;&quot;,&quot;caption&quot;:&quot;&quot;,&quot;created_timestamp&quot;:&quot;0&quot;,&quot;copyright&quot;:&quot;&quot;,&quot;focal_length&quot;:&quot;0&quot;,&quot;iso&quot;:&quot;0&quot;,&quot;shutter_speed&quot;:&quot;0&quot;,&quot;title&quot;:&quot;&quot;,&quot;orientation&quot;:&quot;0&quot;}\" data-image-title=\"IMG_3528-scaled-1\" data-image-description=\"\" data-medium-file=\"https:\/\/i0.wp.com\/chateaufer.fr\/ferme\/wp-content\/uploads\/2021\/04\/IMG_3528-scaled-1.jpg?fit=300%2C225&#038;ssl=1\" data-large-file=\"https:\/\/i0.wp.com\/chateaufer.fr\/ferme\/wp-content\/uploads\/2021\/04\/IMG_3528-scaled-1.jpg?fit=800%2C600&#038;ssl=1\" src=\"https:\/\/i0.wp.com\/chateaufer.fr\/ferme\/wp-content\/uploads\/2021\/04\/IMG_3528-scaled-1.jpg?w=796&#038;h=597&#038;ssl=1\" srcset=\"https:\/\/i0.wp.com\/chateaufer.fr\/ferme\/wp-content\/uploads\/2021\/04\/IMG_3528-scaled-1.jpg?w=2560&amp;ssl=1 2560w, https:\/\/i0.wp.com\/chateaufer.fr\/ferme\/wp-content\/uploads\/2021\/04\/IMG_3528-scaled-1.jpg?resize=300%2C225&amp;ssl=1 300w, https:\/\/i0.wp.com\/chateaufer.fr\/ferme\/wp-content\/uploads\/2021\/04\/IMG_3528-scaled-1.jpg?resize=1024%2C768&amp;ssl=1 1024w, https:\/\/i0.wp.com\/chateaufer.fr\/ferme\/wp-content\/uploads\/2021\/04\/IMG_3528-scaled-1.jpg?resize=768%2C576&amp;ssl=1 768w, https:\/\/i0.wp.com\/chateaufer.fr\/ferme\/wp-content\/uploads\/2021\/04\/IMG_3528-scaled-1.jpg?resize=1536%2C1152&amp;ssl=1 1536w, https:\/\/i0.wp.com\/chateaufer.fr\/ferme\/wp-content\/uploads\/2021\/04\/IMG_3528-scaled-1.jpg?resize=2048%2C1536&amp;ssl=1 2048w, https:\/\/i0.wp.com\/chateaufer.fr\/ferme\/wp-content\/uploads\/2021\/04\/IMG_3528-scaled-1.jpg?w=1600&amp;ssl=1 1600w, https:\/\/i0.wp.com\/chateaufer.fr\/ferme\/wp-content\/uploads\/2021\/04\/IMG_3528-scaled-1.jpg?w=2400&amp;ssl=1 2400w\" width=\"796\" height=\"597\" loading=\"lazy\" data-original-width=\"796\" data-original-height=\"597\" itemprop=\"http:\/\/schema.org\/image\" title=\"IMG_3528-scaled-1\" alt=\"IMG_3528-scaled-1\" style=\"width: 796px; height: 597px;\" \/> <\/a> <\/div> <\/div> <!-- close group --> <\/div> <!-- close row --> <\/div>\n","protected":false},"excerpt":{"rendered":"<p>Bient\u00f4t la ferme accueillera un troupeau de brebis Southdown et Berrichonnes de l\u2019Indre ainsi qu\u2019une petite famille de cochons Mangalitza. Notre production ovine et porcine s\u2019appuiera sur une alimentation en &#8230;<\/p>\n","protected":false},"author":1,"featured_media":0,"parent":0,"menu_order":0,"comment_status":"closed","ping_status":"closed","template":"","meta":{"_crdt_document":"","footnotes":""},"folder":[32],"class_list":["post-1527","page","type-page","status-publish","hentry"],"jetpack_sharing_enabled":true,"_links":{"self":[{"href":"https:\/\/chateaufer.fr\/ferme\/wp-json\/wp\/v2\/pages\/1527","targetHints":{"allow":["GET"]}}],"collection":[{"href":"https:\/\/chateaufer.fr\/ferme\/wp-json\/wp\/v2\/pages"}],"about":[{"href":"https:\/\/chateaufer.fr\/ferme\/wp-json\/wp\/v2\/types\/page"}],"author":[{"embeddable":true,"href":"https:\/\/chateaufer.fr\/ferme\/wp-json\/wp\/v2\/users\/1"}],"replies":[{"embeddable":true,"href":"https:\/\/chateaufer.fr\/ferme\/wp-json\/wp\/v2\/comments?post=1527"}],"version-history":[{"count":5,"href":"https:\/\/chateaufer.fr\/ferme\/wp-json\/wp\/v2\/pages\/1527\/revisions"}],"predecessor-version":[{"id":12884,"href":"https:\/\/chateaufer.fr\/ferme\/wp-json\/wp\/v2\/pages\/1527\/revisions\/12884"}],"wp:attachment":[{"href":"https:\/\/chateaufer.fr\/ferme\/wp-json\/wp\/v2\/media?parent=1527"}],"wp:term":[{"taxonomy":"folder","embeddable":true,"href":"https:\/\/chateaufer.fr\/ferme\/wp-json\/wp\/v2\/folder?post=1527"}],"curies":[{"name":"wp","href":"https:\/\/api.w.org\/{rel}","templated":true}]}}