{"id":1517,"date":"2021-04-12T00:04:05","date_gmt":"2021-04-11T22:04:05","guid":{"rendered":"https:\/\/chateaufer.fr\/ferme\/?page_id=1517"},"modified":"2024-12-19T11:49:08","modified_gmt":"2024-12-19T10:49:08","slug":"la-transformation","status":"publish","type":"page","link":"https:\/\/chateaufer.fr\/ferme\/la-transformation\/","title":{"rendered":"La Transformation"},"content":{"rendered":"\n<div class=\"tiled-gallery type-rectangular tiled-gallery-unresized\" data-original-width=\"800\" data-carousel-extra='null' itemscope itemtype=\"http:\/\/schema.org\/ImageGallery\" > <div class=\"gallery-row\" style=\"width: 800px; height: 641px;\" data-original-width=\"800\" data-original-height=\"641\" > <div class=\"gallery-group images-1\" style=\"width: 482px; height: 641px;\" data-original-width=\"482\" data-original-height=\"641\" > <div class=\"tiled-gallery-item tiled-gallery-item-large\" itemprop=\"associatedMedia\" itemscope itemtype=\"http:\/\/schema.org\/ImageObject\"> <a href=\"https:\/\/chateaufer.fr\/ferme\/la-transformation\/attachment\/44358205_2209752185981113_8834550395599585280_o-225x300-1\/\" border=\"0\" itemprop=\"url\"> <meta itemprop=\"width\" content=\"478\"> <meta itemprop=\"height\" content=\"637\"> <img decoding=\"async\" class=\"\" data-attachment-id=\"1618\" data-orig-file=\"https:\/\/chateaufer.fr\/ferme\/wp-content\/uploads\/2021\/04\/44358205_2209752185981113_8834550395599585280_o-225x300-1.jpg\" data-orig-size=\"225,300\" data-comments-opened=\"1\" data-image-meta=\"{&quot;aperture&quot;:&quot;0&quot;,&quot;credit&quot;:&quot;&quot;,&quot;camera&quot;:&quot;&quot;,&quot;caption&quot;:&quot;&quot;,&quot;created_timestamp&quot;:&quot;0&quot;,&quot;copyright&quot;:&quot;&quot;,&quot;focal_length&quot;:&quot;0&quot;,&quot;iso&quot;:&quot;0&quot;,&quot;shutter_speed&quot;:&quot;0&quot;,&quot;title&quot;:&quot;&quot;,&quot;orientation&quot;:&quot;0&quot;}\" data-image-title=\"44358205_2209752185981113_8834550395599585280_o-225&amp;#215;300-1\" data-image-description=\"\" data-medium-file=\"https:\/\/i0.wp.com\/chateaufer.fr\/ferme\/wp-content\/uploads\/2021\/04\/44358205_2209752185981113_8834550395599585280_o-225x300-1.jpg?fit=225%2C300&#038;ssl=1\" data-large-file=\"https:\/\/i0.wp.com\/chateaufer.fr\/ferme\/wp-content\/uploads\/2021\/04\/44358205_2209752185981113_8834550395599585280_o-225x300-1.jpg?fit=225%2C300&#038;ssl=1\" src=\"https:\/\/i0.wp.com\/chateaufer.fr\/ferme\/wp-content\/uploads\/2021\/04\/44358205_2209752185981113_8834550395599585280_o-225x300-1.jpg?w=478&#038;h=637&#038;ssl=1\" width=\"478\" height=\"637\" loading=\"lazy\" data-original-width=\"478\" data-original-height=\"637\" itemprop=\"http:\/\/schema.org\/image\" title=\"44358205_2209752185981113_8834550395599585280_o-225x300-1\" alt=\"44358205_2209752185981113_8834550395599585280_o-225x300-1\" style=\"width: 478px; height: 637px;\" \/> <\/a> <\/div> <\/div> <!-- close group --> <div class=\"gallery-group images-2\" style=\"width: 318px; height: 641px;\" data-original-width=\"318\" data-original-height=\"641\" > <div class=\"tiled-gallery-item tiled-gallery-item-large\" itemprop=\"associatedMedia\" itemscope itemtype=\"http:\/\/schema.org\/ImageObject\"> <a href=\"https:\/\/chateaufer.fr\/ferme\/la-transformation\/attachment\/chateau-faire-domaine-bruere-allichamps-le-miel-les-fruits-et-les-legumes-acheter-18-e1589385753327-300x300-1\/\" border=\"0\" itemprop=\"url\"> <meta itemprop=\"width\" content=\"314\"> <meta itemprop=\"height\" content=\"314\"> <img decoding=\"async\" class=\"\" data-attachment-id=\"1619\" data-orig-file=\"https:\/\/chateaufer.fr\/ferme\/wp-content\/uploads\/2021\/04\/chateau-faire-domaine-bruere-allichamps-le-miel-les-fruits-et-les-legumes-acheter-18-e1589385753327-300x300-1.jpg\" data-orig-size=\"300,300\" data-comments-opened=\"1\" data-image-meta=\"{&quot;aperture&quot;:&quot;0&quot;,&quot;credit&quot;:&quot;&quot;,&quot;camera&quot;:&quot;&quot;,&quot;caption&quot;:&quot;&quot;,&quot;created_timestamp&quot;:&quot;0&quot;,&quot;copyright&quot;:&quot;&quot;,&quot;focal_length&quot;:&quot;0&quot;,&quot;iso&quot;:&quot;0&quot;,&quot;shutter_speed&quot;:&quot;0&quot;,&quot;title&quot;:&quot;&quot;,&quot;orientation&quot;:&quot;0&quot;}\" data-image-title=\"chateau-faire-domaine-bruere-allichamps-le-miel-les-fruits-et-les-legumes-acheter-18-e1589385753327-300&amp;#215;300-1\" data-image-description=\"\" data-medium-file=\"https:\/\/i0.wp.com\/chateaufer.fr\/ferme\/wp-content\/uploads\/2021\/04\/chateau-faire-domaine-bruere-allichamps-le-miel-les-fruits-et-les-legumes-acheter-18-e1589385753327-300x300-1.jpg?fit=300%2C300&#038;ssl=1\" data-large-file=\"https:\/\/i0.wp.com\/chateaufer.fr\/ferme\/wp-content\/uploads\/2021\/04\/chateau-faire-domaine-bruere-allichamps-le-miel-les-fruits-et-les-legumes-acheter-18-e1589385753327-300x300-1.jpg?fit=300%2C300&#038;ssl=1\" src=\"https:\/\/i0.wp.com\/chateaufer.fr\/ferme\/wp-content\/uploads\/2021\/04\/chateau-faire-domaine-bruere-allichamps-le-miel-les-fruits-et-les-legumes-acheter-18-e1589385753327-300x300-1.jpg?w=314&#038;h=314&#038;crop=1&#038;ssl=1\" srcset=\"https:\/\/i0.wp.com\/chateaufer.fr\/ferme\/wp-content\/uploads\/2021\/04\/chateau-faire-domaine-bruere-allichamps-le-miel-les-fruits-et-les-legumes-acheter-18-e1589385753327-300x300-1.jpg?w=300&amp;ssl=1 300w, https:\/\/i0.wp.com\/chateaufer.fr\/ferme\/wp-content\/uploads\/2021\/04\/chateau-faire-domaine-bruere-allichamps-le-miel-les-fruits-et-les-legumes-acheter-18-e1589385753327-300x300-1.jpg?resize=150%2C150&amp;ssl=1 150w\" width=\"314\" height=\"314\" loading=\"lazy\" data-original-width=\"314\" data-original-height=\"314\" itemprop=\"http:\/\/schema.org\/image\" title=\"chateau-faire-domaine-bruere-allichamps-le-miel-les-fruits-et-les-legumes-acheter-18-e1589385753327-300x300-1\" alt=\"chateau-faire-domaine-bruere-allichamps-le-miel-les-fruits-et-les-legumes-acheter-18-e1589385753327-300x300-1\" style=\"width: 314px; height: 314px;\" \/> <\/a> <\/div> <div class=\"tiled-gallery-item tiled-gallery-item-large\" itemprop=\"associatedMedia\" itemscope itemtype=\"http:\/\/schema.org\/ImageObject\"> <a href=\"https:\/\/chateaufer.fr\/ferme\/la-transformation\/attachment\/img_3124-e1589450899672-296x300-1\/\" border=\"0\" itemprop=\"url\"> <meta itemprop=\"width\" content=\"314\"> <meta itemprop=\"height\" content=\"319\"> <img decoding=\"async\" class=\"\" data-attachment-id=\"1620\" data-orig-file=\"https:\/\/chateaufer.fr\/ferme\/wp-content\/uploads\/2021\/04\/IMG_3124-e1589450899672-296x300-1.jpg\" data-orig-size=\"296,300\" data-comments-opened=\"1\" data-image-meta=\"{&quot;aperture&quot;:&quot;0&quot;,&quot;credit&quot;:&quot;&quot;,&quot;camera&quot;:&quot;&quot;,&quot;caption&quot;:&quot;&quot;,&quot;created_timestamp&quot;:&quot;0&quot;,&quot;copyright&quot;:&quot;&quot;,&quot;focal_length&quot;:&quot;0&quot;,&quot;iso&quot;:&quot;0&quot;,&quot;shutter_speed&quot;:&quot;0&quot;,&quot;title&quot;:&quot;&quot;,&quot;orientation&quot;:&quot;0&quot;}\" data-image-title=\"IMG_3124-e1589450899672-296&amp;#215;300-1\" data-image-description=\"\" data-medium-file=\"https:\/\/i0.wp.com\/chateaufer.fr\/ferme\/wp-content\/uploads\/2021\/04\/IMG_3124-e1589450899672-296x300-1.jpg?fit=296%2C300&#038;ssl=1\" data-large-file=\"https:\/\/i0.wp.com\/chateaufer.fr\/ferme\/wp-content\/uploads\/2021\/04\/IMG_3124-e1589450899672-296x300-1.jpg?fit=296%2C300&#038;ssl=1\" src=\"https:\/\/i0.wp.com\/chateaufer.fr\/ferme\/wp-content\/uploads\/2021\/04\/IMG_3124-e1589450899672-296x300-1.jpg?w=314&#038;h=319&#038;ssl=1\" width=\"314\" height=\"319\" loading=\"lazy\" data-original-width=\"314\" data-original-height=\"319\" itemprop=\"http:\/\/schema.org\/image\" title=\"IMG_3124-e1589450899672-296x300-1\" alt=\"IMG_3124-e1589450899672-296x300-1\" style=\"width: 314px; height: 319px;\" \/> <\/a> <\/div> <\/div> <!-- close group --> <\/div> <!-- close row --> <div class=\"gallery-row\" style=\"width: 800px; height: 265px;\" data-original-width=\"800\" data-original-height=\"265\" > <div class=\"gallery-group images-1\" style=\"width: 200px; height: 265px;\" data-original-width=\"200\" data-original-height=\"265\" > <div class=\"tiled-gallery-item tiled-gallery-item-small\" itemprop=\"associatedMedia\" itemscope itemtype=\"http:\/\/schema.org\/ImageObject\"> <a href=\"https:\/\/chateaufer.fr\/ferme\/la-transformation\/attachment\/img_3451-1-768x1024-1\/\" border=\"0\" itemprop=\"url\"> <meta itemprop=\"width\" content=\"196\"> <meta itemprop=\"height\" content=\"261\"> <img decoding=\"async\" class=\"\" data-attachment-id=\"1621\" data-orig-file=\"https:\/\/chateaufer.fr\/ferme\/wp-content\/uploads\/2021\/04\/IMG_3451-1-768x1024-1.jpg\" data-orig-size=\"768,1024\" data-comments-opened=\"1\" data-image-meta=\"{&quot;aperture&quot;:&quot;0&quot;,&quot;credit&quot;:&quot;&quot;,&quot;camera&quot;:&quot;&quot;,&quot;caption&quot;:&quot;&quot;,&quot;created_timestamp&quot;:&quot;0&quot;,&quot;copyright&quot;:&quot;&quot;,&quot;focal_length&quot;:&quot;0&quot;,&quot;iso&quot;:&quot;0&quot;,&quot;shutter_speed&quot;:&quot;0&quot;,&quot;title&quot;:&quot;&quot;,&quot;orientation&quot;:&quot;0&quot;}\" data-image-title=\"IMG_3451-1-768&amp;#215;1024-1\" data-image-description=\"\" data-medium-file=\"https:\/\/i0.wp.com\/chateaufer.fr\/ferme\/wp-content\/uploads\/2021\/04\/IMG_3451-1-768x1024-1.jpg?fit=225%2C300&#038;ssl=1\" data-large-file=\"https:\/\/i0.wp.com\/chateaufer.fr\/ferme\/wp-content\/uploads\/2021\/04\/IMG_3451-1-768x1024-1.jpg?fit=768%2C1024&#038;ssl=1\" src=\"https:\/\/i0.wp.com\/chateaufer.fr\/ferme\/wp-content\/uploads\/2021\/04\/IMG_3451-1-768x1024-1.jpg?w=196&#038;h=261&#038;ssl=1\" srcset=\"https:\/\/i0.wp.com\/chateaufer.fr\/ferme\/wp-content\/uploads\/2021\/04\/IMG_3451-1-768x1024-1.jpg?w=768&amp;ssl=1 768w, https:\/\/i0.wp.com\/chateaufer.fr\/ferme\/wp-content\/uploads\/2021\/04\/IMG_3451-1-768x1024-1.jpg?resize=225%2C300&amp;ssl=1 225w\" width=\"196\" height=\"261\" loading=\"lazy\" data-original-width=\"196\" data-original-height=\"261\" itemprop=\"http:\/\/schema.org\/image\" title=\"IMG_3451-1-768x1024-1\" alt=\"IMG_3451-1-768x1024-1\" style=\"width: 196px; height: 261px;\" \/> <\/a> <\/div> <\/div> <!-- close group --> <div class=\"gallery-group images-1\" style=\"width: 200px; height: 265px;\" data-original-width=\"200\" data-original-height=\"265\" > <div class=\"tiled-gallery-item tiled-gallery-item-small\" itemprop=\"associatedMedia\" itemscope itemtype=\"http:\/\/schema.org\/ImageObject\"> <a href=\"https:\/\/chateaufer.fr\/ferme\/la-transformation\/attachment\/img_3599-225x300-1\/\" border=\"0\" itemprop=\"url\"> <meta itemprop=\"width\" content=\"196\"> <meta itemprop=\"height\" content=\"261\"> <img decoding=\"async\" class=\"\" data-attachment-id=\"1622\" data-orig-file=\"https:\/\/chateaufer.fr\/ferme\/wp-content\/uploads\/2021\/04\/IMG_3599-225x300-1.jpg\" data-orig-size=\"225,300\" data-comments-opened=\"1\" data-image-meta=\"{&quot;aperture&quot;:&quot;0&quot;,&quot;credit&quot;:&quot;&quot;,&quot;camera&quot;:&quot;&quot;,&quot;caption&quot;:&quot;&quot;,&quot;created_timestamp&quot;:&quot;0&quot;,&quot;copyright&quot;:&quot;&quot;,&quot;focal_length&quot;:&quot;0&quot;,&quot;iso&quot;:&quot;0&quot;,&quot;shutter_speed&quot;:&quot;0&quot;,&quot;title&quot;:&quot;&quot;,&quot;orientation&quot;:&quot;0&quot;}\" data-image-title=\"IMG_3599-225&amp;#215;300-1\" data-image-description=\"\" data-medium-file=\"https:\/\/i0.wp.com\/chateaufer.fr\/ferme\/wp-content\/uploads\/2021\/04\/IMG_3599-225x300-1.jpg?fit=225%2C300&#038;ssl=1\" data-large-file=\"https:\/\/i0.wp.com\/chateaufer.fr\/ferme\/wp-content\/uploads\/2021\/04\/IMG_3599-225x300-1.jpg?fit=225%2C300&#038;ssl=1\" src=\"https:\/\/i0.wp.com\/chateaufer.fr\/ferme\/wp-content\/uploads\/2021\/04\/IMG_3599-225x300-1.jpg?w=196&#038;h=261&#038;ssl=1\" width=\"196\" height=\"261\" loading=\"lazy\" data-original-width=\"196\" data-original-height=\"261\" itemprop=\"http:\/\/schema.org\/image\" title=\"IMG_3599-225x300-1\" alt=\"IMG_3599-225x300-1\" style=\"width: 196px; height: 261px;\" \/> <\/a> <\/div> <\/div> <!-- close group --> <div class=\"gallery-group images-1\" style=\"width: 200px; height: 265px;\" data-original-width=\"200\" data-original-height=\"265\" > <div class=\"tiled-gallery-item tiled-gallery-item-small\" itemprop=\"associatedMedia\" itemscope itemtype=\"http:\/\/schema.org\/ImageObject\"> <a href=\"https:\/\/chateaufer.fr\/ferme\/la-transformation\/attachment\/img_4083-225x300-1\/\" border=\"0\" itemprop=\"url\"> <meta itemprop=\"width\" content=\"196\"> <meta itemprop=\"height\" content=\"261\"> <img decoding=\"async\" class=\"\" data-attachment-id=\"1623\" data-orig-file=\"https:\/\/chateaufer.fr\/ferme\/wp-content\/uploads\/2021\/04\/IMG_4083-225x300-1.jpg\" data-orig-size=\"225,300\" data-comments-opened=\"1\" data-image-meta=\"{&quot;aperture&quot;:&quot;0&quot;,&quot;credit&quot;:&quot;&quot;,&quot;camera&quot;:&quot;&quot;,&quot;caption&quot;:&quot;&quot;,&quot;created_timestamp&quot;:&quot;0&quot;,&quot;copyright&quot;:&quot;&quot;,&quot;focal_length&quot;:&quot;0&quot;,&quot;iso&quot;:&quot;0&quot;,&quot;shutter_speed&quot;:&quot;0&quot;,&quot;title&quot;:&quot;&quot;,&quot;orientation&quot;:&quot;0&quot;}\" data-image-title=\"IMG_4083-225&amp;#215;300-1\" data-image-description=\"\" data-medium-file=\"https:\/\/i0.wp.com\/chateaufer.fr\/ferme\/wp-content\/uploads\/2021\/04\/IMG_4083-225x300-1.jpg?fit=225%2C300&#038;ssl=1\" data-large-file=\"https:\/\/i0.wp.com\/chateaufer.fr\/ferme\/wp-content\/uploads\/2021\/04\/IMG_4083-225x300-1.jpg?fit=225%2C300&#038;ssl=1\" src=\"https:\/\/i0.wp.com\/chateaufer.fr\/ferme\/wp-content\/uploads\/2021\/04\/IMG_4083-225x300-1.jpg?w=196&#038;h=261&#038;ssl=1\" width=\"196\" height=\"261\" loading=\"lazy\" data-original-width=\"196\" data-original-height=\"261\" itemprop=\"http:\/\/schema.org\/image\" title=\"IMG_4083-225x300-1\" alt=\"IMG_4083-225x300-1\" style=\"width: 196px; height: 261px;\" \/> <\/a> <\/div> <\/div> <!-- close group --> <div class=\"gallery-group images-1\" style=\"width: 200px; height: 265px;\" data-original-width=\"200\" data-original-height=\"265\" > <div class=\"tiled-gallery-item tiled-gallery-item-small\" itemprop=\"associatedMedia\" itemscope itemtype=\"http:\/\/schema.org\/ImageObject\"> <a href=\"https:\/\/chateaufer.fr\/ferme\/la-transformation\/attachment\/img_4084-225x300-1\/\" border=\"0\" itemprop=\"url\"> <meta itemprop=\"width\" content=\"196\"> <meta itemprop=\"height\" content=\"261\"> <img decoding=\"async\" class=\"\" data-attachment-id=\"1624\" data-orig-file=\"https:\/\/chateaufer.fr\/ferme\/wp-content\/uploads\/2021\/04\/IMG_4084-225x300-1.jpg\" data-orig-size=\"225,300\" data-comments-opened=\"1\" data-image-meta=\"{&quot;aperture&quot;:&quot;0&quot;,&quot;credit&quot;:&quot;&quot;,&quot;camera&quot;:&quot;&quot;,&quot;caption&quot;:&quot;&quot;,&quot;created_timestamp&quot;:&quot;0&quot;,&quot;copyright&quot;:&quot;&quot;,&quot;focal_length&quot;:&quot;0&quot;,&quot;iso&quot;:&quot;0&quot;,&quot;shutter_speed&quot;:&quot;0&quot;,&quot;title&quot;:&quot;&quot;,&quot;orientation&quot;:&quot;0&quot;}\" data-image-title=\"IMG_4084-225&amp;#215;300-1\" data-image-description=\"\" data-medium-file=\"https:\/\/i0.wp.com\/chateaufer.fr\/ferme\/wp-content\/uploads\/2021\/04\/IMG_4084-225x300-1.jpg?fit=225%2C300&#038;ssl=1\" data-large-file=\"https:\/\/i0.wp.com\/chateaufer.fr\/ferme\/wp-content\/uploads\/2021\/04\/IMG_4084-225x300-1.jpg?fit=225%2C300&#038;ssl=1\" src=\"https:\/\/i0.wp.com\/chateaufer.fr\/ferme\/wp-content\/uploads\/2021\/04\/IMG_4084-225x300-1.jpg?w=196&#038;h=261&#038;ssl=1\" width=\"196\" height=\"261\" loading=\"lazy\" data-original-width=\"196\" data-original-height=\"261\" itemprop=\"http:\/\/schema.org\/image\" title=\"IMG_4084-225x300-1\" alt=\"IMG_4084-225x300-1\" style=\"width: 196px; height: 261px;\" \/> <\/a> <\/div> <\/div> <!-- close group --> <\/div> <!-- close row --> <\/div>\n\n\n\n<p class=\"wp-block-paragraph\">La ferme transforme sur place tout ce qui ne se peut perdre&nbsp;! Nous avons cr\u00e9\u00e9 la gamme d\u2019\u00e9picerie \u00ab&nbsp;bouillons et merveille&nbsp;\u00bb pour valoriser :<\/p>\n\n\n\n<ul class=\"wp-block-list\">\n<li>par s\u00e9chage les feuilles et fruits de notre agroforesterie, les l\u00e9gumes de notre maraichage. Trois diff\u00e9rentes pr\u00e9sentations\u00a0vous sont propos\u00e9es : les paillettes \u00e0 infuser, les p\u00e9tales \u00e0 croquer et les pestos \u00e0 tartiner. <a href=\"https:\/\/chateaufer.fr\/ferme\/les-deshydrates\/\" data-type=\"URL\" data-id=\"https:\/\/chateaufer.fr\/ferme\/les-deshydrates\/\">Par ici pour en savoir plus sur les d\u00e9shydrat\u00e9s<\/a><\/li>\n\n\n\n<li>par lactofermentation nos plus beaux l\u00e9gumes pour vos accompagnements s\u00fbrs, pickles, cornichons ou autres choucroutes. <a href=\"https:\/\/chateaufer.fr\/ferme\/les-lactofermentes\/\" data-type=\"page\" data-id=\"2723\">Pour tout d\u00e9couvrir de nos produits surs, c&rsquo;est par l\u00e0<\/a><\/li>\n\n\n\n<li>par cuisson \u201c\u00e0 la royale\u201d pour obtenir de d\u00e9licieuses confitures de l\u00e9gumes originales. <a href=\"https:\/\/chateaufer.fr\/ferme\/les-cuisines\/\" data-type=\"page\" data-id=\"2747\">Par ici pour en savoir plus sur les cuisin\u00e9s<\/a><\/li>\n<\/ul>\n\n\n\n<p class=\"wp-block-paragraph\">Bref, rendez-vous \u00e0 la ferme pour d\u00e9couvrir toutes ces bonnes choses \u00e0 gouter sans faim\u00a0! Si vous ne pouvez pas vous y rendre et que vous habitez le Cher, commandez vos coups de c\u0153ur dans <a href=\"https:\/\/chateaufer.fr\/ferme\/boutique\/\" data-type=\"page\" data-id=\"1182\">la boutique en ligne<\/a>\u2026<\/p>\n\n\n\n<p class=\"wp-block-paragraph\">\u00c0 boire en exclusivit\u00e9 \u00e0 la ferme pendant la p\u00e9riode d\u2019ouverture au public, les infusions \u00ab\u00a0Le doigt dans le tilleul\u00a0\u00bb et \u00ab\u00a0Pas si Blette\u00a0\u00bb, vous nous en direz des nouvelles&#8230;<\/p>\n\n\n\n<figure class=\"wp-block-embed is-type-video is-provider-youtube wp-block-embed-youtube wp-embed-aspect-16-9 wp-has-aspect-ratio\"><div class=\"wp-block-embed__wrapper\">\n<iframe loading=\"lazy\" title=\"TIERS LIEU  AGRICOLE, MAIS POURQUOI FAIRE ?\" width=\"800\" height=\"450\" src=\"https:\/\/www.youtube.com\/embed\/BVuRoN76x1I?feature=oembed\" frameborder=\"0\" allow=\"accelerometer; autoplay; clipboard-write; encrypted-media; gyroscope; picture-in-picture; web-share\" referrerpolicy=\"strict-origin-when-cross-origin\" allowfullscreen><\/iframe>\n<\/div><\/figure>\n","protected":false},"excerpt":{"rendered":"<p>La ferme transforme sur place tout ce qui ne se peut perdre&nbsp;! Nous avons cr\u00e9\u00e9 la gamme d\u2019\u00e9picerie \u00ab&nbsp;bouillons et merveille&nbsp;\u00bb pour valoriser : Bref, rendez-vous \u00e0 la ferme pour &#8230;<\/p>\n","protected":false},"author":1,"featured_media":0,"parent":0,"menu_order":0,"comment_status":"closed","ping_status":"closed","template":"","meta":{"_crdt_document":"","footnotes":""},"folder":[32],"class_list":["post-1517","page","type-page","status-publish","hentry"],"jetpack_sharing_enabled":true,"_links":{"self":[{"href":"https:\/\/chateaufer.fr\/ferme\/wp-json\/wp\/v2\/pages\/1517","targetHints":{"allow":["GET"]}}],"collection":[{"href":"https:\/\/chateaufer.fr\/ferme\/wp-json\/wp\/v2\/pages"}],"about":[{"href":"https:\/\/chateaufer.fr\/ferme\/wp-json\/wp\/v2\/types\/page"}],"author":[{"embeddable":true,"href":"https:\/\/chateaufer.fr\/ferme\/wp-json\/wp\/v2\/users\/1"}],"replies":[{"embeddable":true,"href":"https:\/\/chateaufer.fr\/ferme\/wp-json\/wp\/v2\/comments?post=1517"}],"version-history":[{"count":11,"href":"https:\/\/chateaufer.fr\/ferme\/wp-json\/wp\/v2\/pages\/1517\/revisions"}],"predecessor-version":[{"id":12877,"href":"https:\/\/chateaufer.fr\/ferme\/wp-json\/wp\/v2\/pages\/1517\/revisions\/12877"}],"wp:attachment":[{"href":"https:\/\/chateaufer.fr\/ferme\/wp-json\/wp\/v2\/media?parent=1517"}],"wp:term":[{"taxonomy":"folder","embeddable":true,"href":"https:\/\/chateaufer.fr\/ferme\/wp-json\/wp\/v2\/folder?post=1517"}],"curies":[{"name":"wp","href":"https:\/\/api.w.org\/{rel}","templated":true}]}}