{"id":12703,"date":"2024-05-15T15:48:37","date_gmt":"2024-05-15T13:48:37","guid":{"rendered":"https:\/\/chateaufer.fr\/ferme\/?page_id=12703"},"modified":"2025-08-14T14:04:51","modified_gmt":"2025-08-14T12:04:51","slug":"grandcouvert","status":"publish","type":"page","link":"https:\/\/chateaufer.fr\/ferme\/grandcouvert\/","title":{"rendered":"Le Grand Couvert &#8211; La com\u00e9die comestible \ud83d\udc51"},"content":{"rendered":"\n<p class=\"wp-block-paragraph\"><\/p>\n\n\n\n<p class=\"wp-block-paragraph\">\u00c0 l&rsquo;occasion des Journ\u00e9es Europ\u00e9ennes du Patrimoine, retrouvons-nous \u00e0 Ch\u00e2teauFer le <strong><mark style=\"background-color:#ffffff;color:#caa729\" class=\"has-inline-color\">20 septembre 2025<\/mark><\/strong> pour vivre ensemble \u00ab\u00a0Le Grand Couvert\u00a0\u00bb, une journ\u00e9e en mode majest\u00e9.<\/p>\n\n\n\n<p class=\"wp-block-paragraph\">Des professionnels experts dans leur domaine, aid\u00e9s des \u00e9l\u00e8ves issus des \u00e9coles du territoire, des m\u00e9tiers d&rsquo;arts, de l&rsquo;\u00e9v\u00e8nementiel, de la culture, de l&rsquo;h\u00f4tellerie et de la gastronomie, vous feront vivre une exp\u00e9rience unique dans le d\u00e9partement. Ce festin exceptionnel rassemblera <strong>Plus de 100 convives<\/strong> pour un festin hors norme. Un menu gastronomique en <strong>6 services sur 12 plats<\/strong> r\u00e9galeront vos palais tandis qu&rsquo;une cohorte d&rsquo;artistes et d&rsquo;artisans vous divertiront tout au long de ce banquet.<\/p>\n\n\n\n<p class=\"wp-block-paragraph\">Sans oublier <strong>le cadre \u00e9poustouflan<\/strong>t d&rsquo;un ch\u00e2teau en pleine renaissance, au c\u0153ur d&rsquo;une nature et d&rsquo;une biodiversit\u00e9 absolument remarquable. <\/p>\n\n\n\n<p class=\"wp-block-paragraph\">Pour cette deuxi\u00e8me \u00e9dition, Ch\u00e2teauFer porte Moli\u00e8re aux nues. Les chefs lui rendront hommage avec cette multitude de produits de notre terroir qui ont fait leur premi\u00e8re apparition sur les tables royales gr\u00e2ce \u00e0 Louis XIV. Le roi Soleil est le premier de nos souverains \u00e0 avoir invit\u00e9 le petit pois et le brocoli \u00e0 sa table.<\/p>\n\n\n\n<p class=\"wp-block-paragraph\">Ne soyez donc pas surpris que nous vous demandions de venir <strong><mark style=\"background-color:#ffffff;color:#049732\" class=\"has-inline-color\">tout de vert v\u00eatu<\/mark><\/strong> ou totalement \ud83c\udf3afleuri \ud83c\udf3a ! Ce dress-code, vous en conviendrez, est de rigueur.\ud83e\udd66<\/p>\n\n\n\n<p class=\"wp-block-paragraph\">Pour r\u00e9server vos places <a href=\"https:\/\/chateaufer.fr\/ferme\/boutique\/\" data-type=\"link\" data-id=\"https:\/\/chateaufer.fr\/ferme\/produit\/billetterie-le-grand-couvert\/\">\u2014-&gt; c\u2019est ici<\/a> \ud83d\udc51\ud83d\udc51<\/p>\n\n\n\n<figure class=\"wp-block-image size-large is-resized\"><img data-recalc-dims=\"1\" loading=\"lazy\" decoding=\"async\" width=\"800\" height=\"533\" src=\"https:\/\/i0.wp.com\/chateaufer.fr\/ferme\/wp-content\/uploads\/2023\/06\/Chateaufer-du-chateau-a-la-ferme-1-1.jpg?resize=800%2C533&#038;ssl=1\" alt=\"\" class=\"wp-image-9013\" style=\"width:475px;height:auto\" srcset=\"https:\/\/i0.wp.com\/chateaufer.fr\/ferme\/wp-content\/uploads\/2023\/06\/Chateaufer-du-chateau-a-la-ferme-1-1-scaled.jpg?resize=1024%2C682&amp;ssl=1 1024w, https:\/\/i0.wp.com\/chateaufer.fr\/ferme\/wp-content\/uploads\/2023\/06\/Chateaufer-du-chateau-a-la-ferme-1-1-scaled.jpg?resize=300%2C200&amp;ssl=1 300w, https:\/\/i0.wp.com\/chateaufer.fr\/ferme\/wp-content\/uploads\/2023\/06\/Chateaufer-du-chateau-a-la-ferme-1-1-scaled.jpg?resize=768%2C511&amp;ssl=1 768w, https:\/\/i0.wp.com\/chateaufer.fr\/ferme\/wp-content\/uploads\/2023\/06\/Chateaufer-du-chateau-a-la-ferme-1-1-scaled.jpg?resize=1536%2C1022&amp;ssl=1 1536w, https:\/\/i0.wp.com\/chateaufer.fr\/ferme\/wp-content\/uploads\/2023\/06\/Chateaufer-du-chateau-a-la-ferme-1-1-scaled.jpg?resize=2048%2C1363&amp;ssl=1 2048w, https:\/\/i0.wp.com\/chateaufer.fr\/ferme\/wp-content\/uploads\/2023\/06\/Chateaufer-du-chateau-a-la-ferme-1-1-scaled.jpg?resize=1320%2C879&amp;ssl=1 1320w, https:\/\/i0.wp.com\/chateaufer.fr\/ferme\/wp-content\/uploads\/2023\/06\/Chateaufer-du-chateau-a-la-ferme-1-1-scaled.jpg?w=1600&amp;ssl=1 1600w, https:\/\/i0.wp.com\/chateaufer.fr\/ferme\/wp-content\/uploads\/2023\/06\/Chateaufer-du-chateau-a-la-ferme-1-1-scaled.jpg?w=2400&amp;ssl=1 2400w\" sizes=\"auto, (max-width: 800px) 100vw, 800px\" \/><\/figure>\n\n\n\n<p class=\"wp-block-paragraph\"><\/p>\n\n\n\n<p class=\"wp-block-paragraph\"><\/p>\n\n\n\n<h2 class=\"wp-block-heading\">Nos partenaires de l&rsquo;\u00e9v\u00e8nement<\/h2>\n\n\n\n<p class=\"wp-block-paragraph\">Nous remercions nos diff\u00e9rents partenaires pour nous suivre lors de cette premi\u00e8re \u00e9dition :<\/p>\n\n\n\n<ul class=\"wp-block-list\">\n<li>Les restaurateurs des Tables Gourmandes du Berry et de La Voli\u00e8re, pour le Grand Couvert et les food trucks d&rsquo;Anne Sophie Dougy et Patrick Cypr\u00e8s pour le Petit Couvert<\/li>\n\n\n\n<li>Les flacons d&rsquo;\u00c9douard Fournier pour le grand Couvert (Compl\u00e8tement fum\u00e9 \u00e0 Bourges) et Valentin Naudin pour le Petit Couvert (Le QG \u00e0 Saint Amand Montrond)<\/li>\n\n\n\n<li>Les producteurs et artisans des m\u00e9tiers de bouche locaux.<\/li>\n\n\n\n<li>Les artistes et artisans d&rsquo;arts pour les arts de la table, les d\u00e9cors et les costumes.<\/li>\n\n\n\n<li>Les com\u00e9diens, magiciens et orateurs d&rsquo;un jour.<\/li>\n\n\n\n<li>Les talents visuels et sonores pour les prises de vue en souvenir et la mise en lumi\u00e8re de Ch\u00e2teauFer.<\/li>\n<\/ul>\n","protected":false},"excerpt":{"rendered":"<p>\u00c0 l&rsquo;occasion des Journ\u00e9es Europ\u00e9ennes du Patrimoine, retrouvons-nous \u00e0 Ch\u00e2teauFer le 20 septembre 2025 pour vivre ensemble \u00ab\u00a0Le Grand Couvert\u00a0\u00bb, une journ\u00e9e en mode majest\u00e9. Des professionnels experts dans leur &#8230;<\/p>\n","protected":false},"author":5,"featured_media":0,"parent":0,"menu_order":0,"comment_status":"closed","ping_status":"closed","template":"","meta":{"_crdt_document":"","footnotes":""},"folder":[36],"class_list":["post-12703","page","type-page","status-publish","hentry"],"jetpack_sharing_enabled":true,"_links":{"self":[{"href":"https:\/\/chateaufer.fr\/ferme\/wp-json\/wp\/v2\/pages\/12703","targetHints":{"allow":["GET"]}}],"collection":[{"href":"https:\/\/chateaufer.fr\/ferme\/wp-json\/wp\/v2\/pages"}],"about":[{"href":"https:\/\/chateaufer.fr\/ferme\/wp-json\/wp\/v2\/types\/page"}],"author":[{"embeddable":true,"href":"https:\/\/chateaufer.fr\/ferme\/wp-json\/wp\/v2\/users\/5"}],"replies":[{"embeddable":true,"href":"https:\/\/chateaufer.fr\/ferme\/wp-json\/wp\/v2\/comments?post=12703"}],"version-history":[{"count":21,"href":"https:\/\/chateaufer.fr\/ferme\/wp-json\/wp\/v2\/pages\/12703\/revisions"}],"predecessor-version":[{"id":13082,"href":"https:\/\/chateaufer.fr\/ferme\/wp-json\/wp\/v2\/pages\/12703\/revisions\/13082"}],"wp:attachment":[{"href":"https:\/\/chateaufer.fr\/ferme\/wp-json\/wp\/v2\/media?parent=12703"}],"wp:term":[{"taxonomy":"folder","embeddable":true,"href":"https:\/\/chateaufer.fr\/ferme\/wp-json\/wp\/v2\/folder?post=12703"}],"curies":[{"name":"wp","href":"https:\/\/api.w.org\/{rel}","templated":true}]}}